{"id":5583,"date":"2018-02-07T15:25:46","date_gmt":"2018-02-07T13:25:46","guid":{"rendered":"https:\/\/evel.it\/servicios\/"},"modified":"2025-11-24T11:35:23","modified_gmt":"2025-11-24T09:35:23","slug":"servicios","status":"publish","type":"page","link":"https:\/\/evel.it\/es\/servicios\/","title":{"rendered":"Servicios"},"content":{"rendered":"\t\t<div data-elementor-type=\"wp-page\" data-elementor-id=\"5583\" class=\"elementor elementor-5583 elementor-11\" data-elementor-post-type=\"page\">\n\t\t\t\t<div class=\"elementor-element elementor-element-4f658b2 e-flex e-con-boxed e-con e-parent\" data-id=\"4f658b2\" data-element_type=\"container\" data-e-type=\"container\" data-settings=\"{&quot;background_background&quot;:&quot;classic&quot;}\">\n\t\t\t\t\t<div class=\"e-con-inner\">\n\t\t<div class=\"elementor-element elementor-element-4820ac1 e-con-full e-flex e-con e-child\" data-id=\"4820ac1\" data-element_type=\"container\" data-e-type=\"container\" data-settings=\"{&quot;background_background&quot;:&quot;classic&quot;}\">\n\t\t\t\t<div class=\"elementor-element elementor-element-e9cda2d elementor-widget elementor-widget-heading\" data-id=\"e9cda2d\" data-element_type=\"widget\" data-e-type=\"widget\" data-widget_type=\"heading.default\">\n\t\t\t\t\t<h1 class=\"elementor-heading-title elementor-size-default\">Servicios<\/h1>\t\t\t\t<\/div>\n\t\t\t\t<\/div>\n\t\t<div class=\"elementor-element elementor-element-1139fa2 e-con-full e-flex e-con e-child\" data-id=\"1139fa2\" data-element_type=\"container\" data-e-type=\"container\">\n\t\t\t\t<div class=\"elementor-element elementor-element-05470e3 elementor-widget elementor-widget-text-editor\" data-id=\"05470e3\" data-element_type=\"widget\" data-e-type=\"widget\" data-widget_type=\"text-editor.default\">\n\t\t\t\t\t\t\t\t\t<p>Desplegamos todos nuestros conocimientos, as\u00ed como los de las Universidades y Centros de Investigaci\u00f3n con los que colaboramos, y las soluciones tecnol\u00f3gicas m\u00e1s avanzadas para crear destratificadores de aire de la m\u00e1xima calidad y el menor consumo. Para nuestros clientes somos asesores, fabricantes, instaladores y mantenedores. Para ventilar eficazmente una estancia no basta con comprar un destratificador: hay que saber identificar el perfil de aspa m\u00e1s adecuado, as\u00ed como saber calcular la longitud ideal de \u00e9sta, el n\u00famero correcto de destratificadores a aplicar y su mejor colocaci\u00f3n.  <\/p>\t\t\t\t\t\t\t\t<\/div>\n\t\t\t\t<\/div>\n\t\t\t\t\t<\/div>\n\t\t\t\t<\/div>\n\t\t<div class=\"elementor-element elementor-element-3110998 e-flex e-con-boxed e-con e-parent\" data-id=\"3110998\" data-element_type=\"container\" data-e-type=\"container\" data-settings=\"{&quot;background_background&quot;:&quot;classic&quot;}\">\n\t\t\t\t\t<div class=\"e-con-inner\">\n\t\t\t\t<div class=\"elementor-element elementor-element-cc3d3d0 elementor-widget__width-inherit elementor-widget elementor-widget-heading\" data-id=\"cc3d3d0\" data-element_type=\"widget\" data-e-type=\"widget\" data-widget_type=\"heading.default\">\n\t\t\t\t\t<h2 class=\"elementor-heading-title elementor-size-default\">El equipo de profesionales de evel te acompa\u00f1a a lo largo de todo el proceso, desde la fase de dise\u00f1o hasta el asesoramiento postventa.<\/h2>\t\t\t\t<\/div>\n\t\t\t\t\t<\/div>\n\t\t\t\t<\/div>\n\t\t<div class=\"elementor-element elementor-element-3494f57 e-flex e-con-boxed e-con e-parent\" data-id=\"3494f57\" data-element_type=\"container\" data-e-type=\"container\">\n\t\t\t\t\t<div class=\"e-con-inner\">\n\t\t<div class=\"elementor-element elementor-element-ea54727 e-con-full e-flex e-con e-child\" data-id=\"ea54727\" data-element_type=\"container\" data-e-type=\"container\" data-settings=\"{&quot;background_background&quot;:&quot;classic&quot;}\">\n\t\t<div class=\"elementor-element elementor-element-7f3db4f e-flex e-con-boxed e-con e-child\" data-id=\"7f3db4f\" data-element_type=\"container\" data-e-type=\"container\">\n\t\t\t\t\t<div class=\"e-con-inner\">\n\t\t\t\t<div class=\"elementor-element elementor-element-a192d8e elementor-view-stacked elementor-shape-circle elementor-position-block-start elementor-mobile-position-block-start elementor-widget elementor-widget-icon-box\" data-id=\"a192d8e\" data-element_type=\"widget\" data-e-type=\"widget\" data-widget_type=\"icon-box.default\">\n\t\t\t\t\t\t\t<div class=\"elementor-icon-box-wrapper\">\n\n\t\t\t\t\t\t<div class=\"elementor-icon-box-icon\">\n\t\t\t\t<span  class=\"elementor-icon\">\n\t\t\t\t<svg aria-hidden=\"true\" class=\"e-font-icon-svg e-fas-landmark\" viewBox=\"0 0 512 512\" xmlns=\"http:\/\/www.w3.org\/2000\/svg\"><path d=\"M501.62 92.11L267.24 2.04a31.958 31.958 0 0 0-22.47 0L10.38 92.11A16.001 16.001 0 0 0 0 107.09V144c0 8.84 7.16 16 16 16h480c8.84 0 16-7.16 16-16v-36.91c0-6.67-4.14-12.64-10.38-14.98zM64 192v160H48c-8.84 0-16 7.16-16 16v48h448v-48c0-8.84-7.16-16-16-16h-16V192h-64v160h-96V192h-64v160h-96V192H64zm432 256H16c-8.84 0-16 7.16-16 16v32c0 8.84 7.16 16 16 16h480c8.84 0 16-7.16 16-16v-32c0-8.84-7.16-16-16-16z\"><\/path><\/svg>\t\t\t\t<\/span>\n\t\t\t<\/div>\n\t\t\t\n\t\t\t\t\t\t<div class=\"elementor-icon-box-content\">\n\n\t\t\t\t\t\t\t\t\t<h3 class=\"elementor-icon-box-title\">\n\t\t\t\t\t\t<span  >\n\t\t\t\t\t\t\tDise\u00f1o\t\t\t\t\t\t<\/span>\n\t\t\t\t\t<\/h3>\n\t\t\t\t\n\t\t\t\t\t\t\t\t\t<p class=\"elementor-icon-box-description\">\n\t\t\t\t\t\tRealizamos estudios y an\u00e1lisis t\u00e9cnicos en profundidad para proponer al cliente la mejor soluci\u00f3n de ventilaci\u00f3n posible. Cada espacio tiene sus propias caracter\u00edsticas estructurales y requiere un sistema de ventilaci\u00f3n espec\u00edfico, as\u00ed como un tipo concreto de destratificador. Dise\u00f1amos la ventilaci\u00f3n de grandes espacios, desde la concepci\u00f3n hasta la definici\u00f3n de los m\u00e1s m\u00ednimos detalles.  \t\t\t\t\t<\/p>\n\t\t\t\t\n\t\t\t<\/div>\n\t\t\t\n\t\t<\/div>\n\t\t\t\t\t\t<\/div>\n\t\t\t\t\t<\/div>\n\t\t\t\t<\/div>\n\t\t\t\t<\/div>\n\t\t<div class=\"elementor-element elementor-element-a83702e e-con-full e-flex e-con e-child\" data-id=\"a83702e\" data-element_type=\"container\" data-e-type=\"container\" data-settings=\"{&quot;background_background&quot;:&quot;classic&quot;}\">\n\t\t<div class=\"elementor-element elementor-element-a54e20c e-flex e-con-boxed e-con e-child\" data-id=\"a54e20c\" data-element_type=\"container\" data-e-type=\"container\">\n\t\t\t\t\t<div class=\"e-con-inner\">\n\t\t\t\t<div class=\"elementor-element elementor-element-038256d elementor-view-stacked elementor-shape-circle elementor-position-block-start elementor-mobile-position-block-start elementor-widget elementor-widget-icon-box\" data-id=\"038256d\" data-element_type=\"widget\" data-e-type=\"widget\" data-widget_type=\"icon-box.default\">\n\t\t\t\t\t\t\t<div class=\"elementor-icon-box-wrapper\">\n\n\t\t\t\t\t\t<div class=\"elementor-icon-box-icon\">\n\t\t\t\t<span  class=\"elementor-icon\">\n\t\t\t\t<svg aria-hidden=\"true\" class=\"e-font-icon-svg e-fas-industry\" viewBox=\"0 0 512 512\" xmlns=\"http:\/\/www.w3.org\/2000\/svg\"><path d=\"M475.115 163.781L336 252.309v-68.28c0-18.916-20.931-30.399-36.885-20.248L160 252.309V56c0-13.255-10.745-24-24-24H24C10.745 32 0 42.745 0 56v400c0 13.255 10.745 24 24 24h464c13.255 0 24-10.745 24-24V184.029c0-18.917-20.931-30.399-36.885-20.248z\"><\/path><\/svg>\t\t\t\t<\/span>\n\t\t\t<\/div>\n\t\t\t\n\t\t\t\t\t\t<div class=\"elementor-icon-box-content\">\n\n\t\t\t\t\t\t\t\t\t<h3 class=\"elementor-icon-box-title\">\n\t\t\t\t\t\t<span  >\n\t\t\t\t\t\t\tProducci\u00f3n\t\t\t\t\t\t<\/span>\n\t\t\t\t\t<\/h3>\n\t\t\t\t\n\t\t\t\t\t\t\t\t\t<p class=\"elementor-icon-box-description\">\n\t\t\t\t\t\tNuestros destratificadores son productos de la m\u00e1xima calidad. Los componentes est\u00e1n fabricados en Italia, por nosotros o por empresas asociadas que comparten nuestros elevados est\u00e1ndares. S\u00f3lo utilizamos motores con variador directo de alta eficacia y nuestros impulsores, que dise\u00f1amos utilizando innovadoras t\u00e9cnicas de simulaci\u00f3n fluidodin\u00e1mica, est\u00e1n fabricados con los mejores materiales para garantizar la m\u00e1xima seguridad y fiabilidad a lo largo del tiempo.  \t\t\t\t\t<\/p>\n\t\t\t\t\n\t\t\t<\/div>\n\t\t\t\n\t\t<\/div>\n\t\t\t\t\t\t<\/div>\n\t\t\t\t\t<\/div>\n\t\t\t\t<\/div>\n\t\t\t\t<\/div>\n\t\t\t\t\t<\/div>\n\t\t\t\t<\/div>\n\t\t<div class=\"elementor-element elementor-element-d8e6d31 e-flex e-con-boxed e-con e-parent\" data-id=\"d8e6d31\" data-element_type=\"container\" data-e-type=\"container\">\n\t\t\t\t\t<div class=\"e-con-inner\">\n\t\t<div class=\"elementor-element elementor-element-6390942 e-con-full e-flex e-con e-child\" data-id=\"6390942\" data-element_type=\"container\" data-e-type=\"container\" data-settings=\"{&quot;background_background&quot;:&quot;classic&quot;}\">\n\t\t<div class=\"elementor-element elementor-element-c1d0a5e e-flex e-con-boxed e-con e-child\" data-id=\"c1d0a5e\" data-element_type=\"container\" data-e-type=\"container\">\n\t\t\t\t\t<div class=\"e-con-inner\">\n\t\t\t\t<div class=\"elementor-element elementor-element-139fbc3 elementor-view-stacked elementor-tablet-position-block-start elementor-shape-circle elementor-position-block-start elementor-mobile-position-block-start elementor-widget elementor-widget-icon-box\" data-id=\"139fbc3\" data-element_type=\"widget\" data-e-type=\"widget\" data-widget_type=\"icon-box.default\">\n\t\t\t\t\t\t\t<div class=\"elementor-icon-box-wrapper\">\n\n\t\t\t\t\t\t<div class=\"elementor-icon-box-icon\">\n\t\t\t\t<span  class=\"elementor-icon\">\n\t\t\t\t<svg aria-hidden=\"true\" class=\"e-font-icon-svg e-fab-empire\" viewBox=\"0 0 496 512\" xmlns=\"http:\/\/www.w3.org\/2000\/svg\"><path d=\"M287.6 54.2c-10.8-2.2-22.1-3.3-33.5-3.6V32.4c78.1 2.2 146.1 44 184.6 106.6l-15.8 9.1c-6.1-9.7-12.7-18.8-20.2-27.1l-18 15.5c-26-29.6-61.4-50.7-101.9-58.4l4.8-23.9zM53.4 322.4l23-7.7c-6.4-18.3-10-38.2-10-58.7s3.3-40.4 9.7-58.7l-22.7-7.7c3.6-10.8 8.3-21.3 13.6-31l-15.8-9.1C34 181 24.1 217.5 24.1 256s10 75 27.1 106.6l15.8-9.1c-5.3-10-9.7-20.3-13.6-31.1zM213.1 434c-40.4-8-75.8-29.1-101.9-58.7l-18 15.8c-7.5-8.6-14.4-17.7-20.2-27.4l-16 9.4c38.5 62.3 106.8 104.3 184.9 106.6v-18.3c-11.3-.3-22.7-1.7-33.5-3.6l4.7-23.8zM93.3 120.9l18 15.5c26-29.6 61.4-50.7 101.9-58.4l-4.7-23.8c10.8-2.2 22.1-3.3 33.5-3.6V32.4C163.9 34.6 95.9 76.4 57.4 139l15.8 9.1c6-9.7 12.6-18.9 20.1-27.2zm309.4 270.2l-18-15.8c-26 29.6-61.4 50.7-101.9 58.7l4.7 23.8c-10.8 1.9-22.1 3.3-33.5 3.6v18.3c78.1-2.2 146.4-44.3 184.9-106.6l-16.1-9.4c-5.7 9.7-12.6 18.8-20.1 27.4zM496 256c0 137-111 248-248 248S0 393 0 256 111 8 248 8s248 111 248 248zm-12.2 0c0-130.1-105.7-235.8-235.8-235.8S12.2 125.9 12.2 256 117.9 491.8 248 491.8 483.8 386.1 483.8 256zm-39-106.6l-15.8 9.1c5.3 9.7 10 20.2 13.6 31l-22.7 7.7c6.4 18.3 9.7 38.2 9.7 58.7s-3.6 40.4-10 58.7l23 7.7c-3.9 10.8-8.3 21-13.6 31l15.8 9.1C462 331 471.9 294.5 471.9 256s-9.9-75-27.1-106.6zm-183 177.7c16.3-3.3 30.4-11.6 40.7-23.5l51.2 44.8c11.9-13.6 21.3-29.3 27.1-46.8l-64.2-22.1c2.5-7.5 3.9-15.2 3.9-23.5s-1.4-16.1-3.9-23.5l64.5-22.1c-6.1-17.4-15.5-33.2-27.4-46.8l-51.2 44.8c-10.2-11.9-24.4-20.5-40.7-23.8l13.3-66.4c-8.6-1.9-17.7-2.8-27.1-2.8-9.4 0-18.5.8-27.1 2.8l13.3 66.4c-16.3 3.3-30.4 11.9-40.7 23.8l-51.2-44.8c-11.9 13.6-21.3 29.3-27.4 46.8l64.5 22.1c-2.5 7.5-3.9 15.2-3.9 23.5s1.4 16.1 3.9 23.5l-64.2 22.1c5.8 17.4 15.2 33.2 27.1 46.8l51.2-44.8c10.2 11.9 24.4 20.2 40.7 23.5l-13.3 66.7c8.6 1.7 17.7 2.8 27.1 2.8 9.4 0 18.5-1.1 27.1-2.8l-13.3-66.7z\"><\/path><\/svg>\t\t\t\t<\/span>\n\t\t\t<\/div>\n\t\t\t\n\t\t\t\t\t\t<div class=\"elementor-icon-box-content\">\n\n\t\t\t\t\t\t\t\t\t<h3 class=\"elementor-icon-box-title\">\n\t\t\t\t\t\t<span  >\n\t\t\t\t\t\t\tInstalaci\u00f3n\t\t\t\t\t\t<\/span>\n\t\t\t\t\t<\/h3>\n\t\t\t\t\n\t\t\t\t\t\t\t\t\t<p class=\"elementor-icon-box-description\">\n\t\t\t\t\t\tLa instalaci\u00f3n de nuestros destratificadores es una operaci\u00f3n sencilla. Sin embargo, tambi\u00e9n ofrecemos a los clientes que prefieren una soluci\u00f3n llave en mano este servicio, que llevamos a cabo mediante equipos de electricistas especializados. Una instalaci\u00f3n perfecta, realizada con la m\u00e1xima seguridad y en el menor tiempo posible, sin interferir en el desarrollo normal de las actividades del entorno en cuesti\u00f3n.  \n\n\t\t\t\t\t<\/p>\n\t\t\t\t\n\t\t\t<\/div>\n\t\t\t\n\t\t<\/div>\n\t\t\t\t\t\t<\/div>\n\t\t\t\t\t<\/div>\n\t\t\t\t<\/div>\n\t\t\t\t<\/div>\n\t\t<div class=\"elementor-element elementor-element-92ad2a5 e-con-full e-flex e-con e-child\" data-id=\"92ad2a5\" data-element_type=\"container\" data-e-type=\"container\" data-settings=\"{&quot;background_background&quot;:&quot;classic&quot;}\">\n\t\t<div class=\"elementor-element elementor-element-5e2049a e-flex e-con-boxed e-con e-child\" data-id=\"5e2049a\" data-element_type=\"container\" data-e-type=\"container\">\n\t\t\t\t\t<div class=\"e-con-inner\">\n\t\t\t\t<div class=\"elementor-element elementor-element-275152c elementor-view-stacked elementor-shape-circle elementor-position-block-start elementor-mobile-position-block-start elementor-widget elementor-widget-icon-box\" data-id=\"275152c\" data-element_type=\"widget\" data-e-type=\"widget\" data-widget_type=\"icon-box.default\">\n\t\t\t\t\t\t\t<div class=\"elementor-icon-box-wrapper\">\n\n\t\t\t\t\t\t<div class=\"elementor-icon-box-icon\">\n\t\t\t\t<span  class=\"elementor-icon\">\n\t\t\t\t<svg aria-hidden=\"true\" class=\"e-font-icon-svg e-fas-reply\" viewBox=\"0 0 512 512\" xmlns=\"http:\/\/www.w3.org\/2000\/svg\"><path d=\"M8.309 189.836L184.313 37.851C199.719 24.546 224 35.347 224 56.015v80.053c160.629 1.839 288 34.032 288 186.258 0 61.441-39.581 122.309-83.333 154.132-13.653 9.931-33.111-2.533-28.077-18.631 45.344-145.012-21.507-183.51-176.59-185.742V360c0 20.7-24.3 31.453-39.687 18.164l-176.004-152c-11.071-9.562-11.086-26.753 0-36.328z\"><\/path><\/svg>\t\t\t\t<\/span>\n\t\t\t<\/div>\n\t\t\t\n\t\t\t\t\t\t<div class=\"elementor-icon-box-content\">\n\n\t\t\t\t\t\t\t\t\t<h3 class=\"elementor-icon-box-title\">\n\t\t\t\t\t\t<span  >\n\t\t\t\t\t\t\tpostventa\t\t\t\t\t\t<\/span>\n\t\t\t\t\t<\/h3>\n\t\t\t\t\n\t\t\t\t\t\t\t\t\t<p class=\"elementor-icon-box-description\">\n\t\t\t\t\t\tNuestro equipo apoya a los clientes incluso despu\u00e9s de que el sistema de ventilaci\u00f3n se haya construido y puesto en funcionamiento. Siempre estamos disponibles para dar consejos e instrucciones sobre c\u00f3mo utilizar nuestras m\u00e1quinas de la forma m\u00e1s eficaz y respetuosa con el medio ambiente. Queremos superarnos d\u00eda a d\u00eda. Por eso, cualquier consejo de nuestros clientes siempre nos encontrar\u00e1 atentos y receptivos.   \t\t\t\t\t<\/p>\n\t\t\t\t\n\t\t\t<\/div>\n\t\t\t\n\t\t<\/div>\n\t\t\t\t\t\t<\/div>\n\t\t\t\t\t<\/div>\n\t\t\t\t<\/div>\n\t\t\t\t<\/div>\n\t\t\t\t\t<\/div>\n\t\t\t\t<\/div>\n\t\t<div class=\"elementor-element elementor-element-e6f071a e-flex e-con-boxed e-con e-parent\" data-id=\"e6f071a\" data-element_type=\"container\" data-e-type=\"container\" data-settings=\"{&quot;background_background&quot;:&quot;classic&quot;}\">\n\t\t\t\t\t<div class=\"e-con-inner\">\n\t\t<div class=\"elementor-element elementor-element-211267e e-con-full e-flex e-con e-child\" data-id=\"211267e\" data-element_type=\"container\" data-e-type=\"container\">\n\t\t<div class=\"elementor-element elementor-element-aa0d4ac e-con-full e-flex e-con e-child\" data-id=\"aa0d4ac\" data-element_type=\"container\" data-e-type=\"container\">\n\t\t\t\t<div class=\"elementor-element elementor-element-b7b5b2c elementor-view-stacked elementor-shape-circle elementor-position-block-start elementor-mobile-position-block-start elementor-widget elementor-widget-icon-box\" data-id=\"b7b5b2c\" data-element_type=\"widget\" data-e-type=\"widget\" data-widget_type=\"icon-box.default\">\n\t\t\t\t\t\t\t<div class=\"elementor-icon-box-wrapper\">\n\n\t\t\t\t\t\t<div class=\"elementor-icon-box-icon\">\n\t\t\t\t<span  class=\"elementor-icon\">\n\t\t\t\t<svg aria-hidden=\"true\" class=\"e-font-icon-svg e-fas-pencil-ruler\" viewBox=\"0 0 512 512\" xmlns=\"http:\/\/www.w3.org\/2000\/svg\"><path d=\"M109.46 244.04l134.58-134.56-44.12-44.12-61.68 61.68a7.919 7.919 0 0 1-11.21 0l-11.21-11.21c-3.1-3.1-3.1-8.12 0-11.21l61.68-61.68-33.64-33.65C131.47-3.1 111.39-3.1 99 9.29L9.29 99c-12.38 12.39-12.39 32.47 0 44.86l100.17 100.18zm388.47-116.8c18.76-18.76 18.75-49.17 0-67.93l-45.25-45.25c-18.76-18.76-49.18-18.76-67.95 0l-46.02 46.01 113.2 113.2 46.02-46.03zM316.08 82.71l-297 296.96L.32 487.11c-2.53 14.49 10.09 27.11 24.59 24.56l107.45-18.84L429.28 195.9 316.08 82.71zm186.63 285.43l-33.64-33.64-61.68 61.68c-3.1 3.1-8.12 3.1-11.21 0l-11.21-11.21c-3.09-3.1-3.09-8.12 0-11.21l61.68-61.68-44.14-44.14L267.93 402.5l100.21 100.2c12.39 12.39 32.47 12.39 44.86 0l89.71-89.7c12.39-12.39 12.39-32.47 0-44.86z\"><\/path><\/svg>\t\t\t\t<\/span>\n\t\t\t<\/div>\n\t\t\t\n\t\t\t\t\t\t<div class=\"elementor-icon-box-content\">\n\n\t\t\t\t\t\t\t\t\t<h3 class=\"elementor-icon-box-title\">\n\t\t\t\t\t\t<span  >\n\t\t\t\t\t\t\tPersonalizaci\u00f3n: hidroimpresi\u00f3n\t\t\t\t\t\t<\/span>\n\t\t\t\t\t<\/h3>\n\t\t\t\t\n\t\t\t\t\t\t\t\t\t<p class=\"elementor-icon-box-description\">\n\t\t\t\t\t\tLa impresi\u00f3n por transferencia de agua, tambi\u00e9n conocida como impresi\u00f3n por inmersi\u00f3n, imaging por transferencia de agua, hidroinmersi\u00f3n, marmolado con agua, impresi\u00f3n c\u00fabica, Hydrographics o HidroGraphics, es un m\u00e9todo para aplicar dise\u00f1os impresos sobre superficies tridimensionales. Las combinaciones resultantes pueden considerarse arte decorativo o arte aplicado. El proceso hidrogr\u00e1fico puede utilizarse en metal, pl\u00e1stico, vidrio, maderas duras y otros materiales diversos.  \t\t\t\t\t<\/p>\n\t\t\t\t\n\t\t\t<\/div>\n\t\t\t\n\t\t<\/div>\n\t\t\t\t\t\t<\/div>\n\t\t\t\t<\/div>\n\t\t\t\t<\/div>\n\t\t<div class=\"elementor-element elementor-element-7294d16 e-con-full e-flex e-con e-child\" data-id=\"7294d16\" data-element_type=\"container\" data-e-type=\"container\">\n\t\t\t\t<div class=\"elementor-element elementor-element-ca32933 elementor-widget elementor-widget-image\" data-id=\"ca32933\" data-element_type=\"widget\" data-e-type=\"widget\" data-widget_type=\"image.default\">\n\t\t\t\t\t\t\t\t\t\t\t\t\t\t\t<img fetchpriority=\"high\" decoding=\"async\" width=\"800\" height=\"720\" src=\"https:\/\/evel.it\/wp-content\/uploads\/2022\/10\/personalizzazioni-colori-hvls-evel.png\" class=\"attachment-large size-large wp-image-5587\" alt=\"customization hvls evel\" srcset=\"https:\/\/evel.it\/wp-content\/uploads\/2022\/10\/personalizzazioni-colori-hvls-evel.png 1000w, https:\/\/evel.it\/wp-content\/uploads\/2022\/10\/personalizzazioni-colori-hvls-evel-300x270.png 300w, https:\/\/evel.it\/wp-content\/uploads\/2022\/10\/personalizzazioni-colori-hvls-evel-768x691.png 768w\" sizes=\"(max-width: 800px) 100vw, 800px\" \/>\t\t\t\t\t\t\t\t\t\t\t\t\t\t\t<\/div>\n\t\t\t\t<\/div>\n\t\t\t\t\t<\/div>\n\t\t\t\t<\/div>\n\t\t\t\t<\/div>\n\t\t","protected":false},"excerpt":{"rendered":"<p>Servicios Desplegamos todos nuestros conocimientos, as\u00ed como los de las Universidades y Centros de Investigaci\u00f3n con los que colaboramos, y las soluciones tecnol\u00f3gicas m\u00e1s avanzadas para crear destratificadores de aire de la m\u00e1xima calidad y el menor consumo. Para nuestros clientes somos asesores, fabricantes, instaladores y mantenedores. Para ventilar eficazmente una estancia no basta con [&hellip;]<\/p>\n","protected":false},"author":8,"featured_media":0,"parent":0,"menu_order":0,"comment_status":"closed","ping_status":"closed","template":"","meta":{"footnotes":""},"class_list":["post-5583","page","type-page","status-publish","hentry"],"_links":{"self":[{"href":"https:\/\/evel.it\/es\/wp-json\/wp\/v2\/pages\/5583","targetHints":{"allow":["GET"]}}],"collection":[{"href":"https:\/\/evel.it\/es\/wp-json\/wp\/v2\/pages"}],"about":[{"href":"https:\/\/evel.it\/es\/wp-json\/wp\/v2\/types\/page"}],"author":[{"embeddable":true,"href":"https:\/\/evel.it\/es\/wp-json\/wp\/v2\/users\/8"}],"replies":[{"embeddable":true,"href":"https:\/\/evel.it\/es\/wp-json\/wp\/v2\/comments?post=5583"}],"version-history":[{"count":5,"href":"https:\/\/evel.it\/es\/wp-json\/wp\/v2\/pages\/5583\/revisions"}],"predecessor-version":[{"id":7111,"href":"https:\/\/evel.it\/es\/wp-json\/wp\/v2\/pages\/5583\/revisions\/7111"}],"wp:attachment":[{"href":"https:\/\/evel.it\/es\/wp-json\/wp\/v2\/media?parent=5583"}],"curies":[{"name":"wp","href":"https:\/\/api.w.org\/{rel}","templated":true}]}}