{"id":5589,"date":"2018-02-07T17:07:06","date_gmt":"2018-02-07T15:07:06","guid":{"rendered":"https:\/\/evel.it\/zootecnia\/"},"modified":"2026-04-09T08:10:42","modified_gmt":"2026-04-09T06:10:42","slug":"zootecnia","status":"publish","type":"page","link":"https:\/\/evel.it\/es\/aplicaciones\/zootecnia\/","title":{"rendered":"Zootecnia"},"content":{"rendered":"\t\t<div data-elementor-type=\"wp-page\" data-elementor-id=\"5589\" class=\"elementor elementor-5589 elementor-39\" data-elementor-post-type=\"page\">\n\t\t\t\t<div class=\"elementor-element elementor-element-7aabdf3 e-flex e-con-boxed e-con e-parent\" data-id=\"7aabdf3\" data-element_type=\"container\" data-e-type=\"container\" data-settings=\"{&quot;background_background&quot;:&quot;classic&quot;}\">\n\t\t\t\t\t<div class=\"e-con-inner\">\n\t\t<div class=\"elementor-element elementor-element-93ab289 e-con-full e-flex e-con e-child\" data-id=\"93ab289\" data-element_type=\"container\" data-e-type=\"container\">\n\t\t\t\t<div class=\"elementor-element elementor-element-c5f81af elementor-widget elementor-widget-heading\" data-id=\"c5f81af\" data-element_type=\"widget\" data-e-type=\"widget\" data-widget_type=\"heading.default\">\n\t\t\t\t\t<h1 class=\"elementor-heading-title elementor-size-default\">Ventilaci\u00f3n en ganader\u00eda<\/h1>\t\t\t\t<\/div>\n\t\t\t\t<div class=\"elementor-element elementor-element-6bf6004 elementor-widget elementor-widget-heading\" data-id=\"6bf6004\" data-element_type=\"widget\" data-e-type=\"widget\" data-widget_type=\"heading.default\">\n\t\t\t\t\t<h2 class=\"elementor-heading-title elementor-size-default\">Bienestar animal y productividad: nuevo aire para la ganader\u00eda moderna<\/h2>\t\t\t\t<\/div>\n\t\t\t\t<\/div>\n\t\t\t\t\t<\/div>\n\t\t\t\t<\/div>\n\t\t<div class=\"elementor-element elementor-element-9477eff e-flex e-con-boxed e-con e-parent\" data-id=\"9477eff\" data-element_type=\"container\" data-e-type=\"container\">\n\t\t\t\t\t<div class=\"e-con-inner\">\n\t\t\t\t<div class=\"elementor-element elementor-element-809237c elementor-widget elementor-widget-text-editor\" data-id=\"809237c\" data-element_type=\"widget\" data-e-type=\"widget\" data-widget_type=\"text-editor.default\">\n\t\t\t\t\t\t\t\t\t<p>Garantizar un entorno \u00f3ptimo en las explotaciones ganaderas es una prioridad absoluta para quienes desean animales m\u00e1s sanos, una producci\u00f3n de mayor calidad y una gesti\u00f3n eficaz de los costes. La ventilaci\u00f3n mec\u00e1nica moderna, gracias a los ventiladores HVLS y axiales de Evel, permite conseguir estos resultados de forma sostenible, segura y econ\u00f3mica, durante todo el a\u00f1o. <\/p>\t\t\t\t\t\t\t\t<\/div>\n\t\t\t\t\t<\/div>\n\t\t\t\t<\/div>\n\t\t<div class=\"elementor-element elementor-element-e8f7cc2 e-flex e-con-boxed e-con e-parent\" data-id=\"e8f7cc2\" data-element_type=\"container\" data-e-type=\"container\">\n\t\t\t\t\t<div class=\"e-con-inner\">\n\t\t<div class=\"elementor-element elementor-element-278060b e-con-full e-flex e-con e-child\" data-id=\"278060b\" data-element_type=\"container\" data-e-type=\"container\" data-settings=\"{&quot;background_background&quot;:&quot;classic&quot;}\">\n\t\t\t\t<\/div>\n\t\t\t\t\t<\/div>\n\t\t\t\t<\/div>\n\t\t<div class=\"elementor-element elementor-element-64dc787 e-flex e-con-boxed e-con e-parent\" data-id=\"64dc787\" data-element_type=\"container\" data-e-type=\"container\">\n\t\t\t\t\t<div class=\"e-con-inner\">\n\t\t\t\t<div class=\"elementor-element elementor-element-486f8bb elementor-widget elementor-widget-text-editor\" data-id=\"486f8bb\" data-element_type=\"widget\" data-e-type=\"widget\" data-widget_type=\"text-editor.default\">\n\t\t\t\t\t\t\t\t\t<h3 data-start=\"772\" data-end=\"842\">Por qu\u00e9 la ventilaci\u00f3n es crucial en la cr\u00eda de animales<\/h3><p data-start=\"844\" data-end=\"1203\">Un microclima estable y una buena calidad del aire son fundamentales para el bienestar del ganado vacuno, porcino, av\u00edcola y equino. Una ventilaci\u00f3n inadecuada expone a los animales a estr\u00e9s t\u00e9rmico, enfermedades respiratorias, humedad elevada, proliferaci\u00f3n de pat\u00f3genos y disminuci\u00f3n de la productividad, con repercusiones negativas tambi\u00e9n en la calidad de la leche, la carne y los huevos. <\/p><p data-start=\"1205\" data-end=\"1294\">El uso de ventiladores HVLS (High Volume Low Speed) y ventiladores axiales lo hace posible:<\/p><ul data-start=\"1295\" data-end=\"1601\"><li data-start=\"1295\" data-end=\"1361\"><p data-start=\"1297\" data-end=\"1361\">Iguala la temperatura y reduce la estratificaci\u00f3n del aire<\/p><\/li><li data-start=\"1362\" data-end=\"1424\"><p data-start=\"1364\" data-end=\"1424\">Elimina el exceso de humedad, polvo y olores<\/p><\/li><li data-start=\"1425\" data-end=\"1485\"><p data-start=\"1427\" data-end=\"1485\">Mejorar el bienestar animal en verano e invierno<\/p><\/li><li data-start=\"1486\" data-end=\"1537\"><p data-start=\"1488\" data-end=\"1537\">Promover un crecimiento sano y un mejor rendimiento<\/p><\/li><li data-start=\"1538\" data-end=\"1601\"><p data-start=\"1540\" data-end=\"1601\">Reducir el consumo de energ\u00eda, disminuir los costes de funcionamiento<\/p><\/li><\/ul><h3 data-start=\"1603\" data-end=\"1651\"><img fetchpriority=\"high\" decoding=\"async\" class=\"alignnone wp-image-72 size-full\" src=\"https:\/\/evel.it\/wp-content\/uploads\/2018\/02\/caratteristiche-applicazione-zootecnica-evel-3-.jpg\" alt=\"Ventilaci\u00f3n para establos\" width=\"1900\" height=\"1267\" srcset=\"https:\/\/evel.it\/wp-content\/uploads\/2018\/02\/caratteristiche-applicazione-zootecnica-evel-3-.jpg 1900w, https:\/\/evel.it\/wp-content\/uploads\/2018\/02\/caratteristiche-applicazione-zootecnica-evel-3--300x200.jpg 300w, https:\/\/evel.it\/wp-content\/uploads\/2018\/02\/caratteristiche-applicazione-zootecnica-evel-3--768x512.jpg 768w, https:\/\/evel.it\/wp-content\/uploads\/2018\/02\/caratteristiche-applicazione-zootecnica-evel-3--1024x683.jpg 1024w\" sizes=\"(max-width: 1900px) 100vw, 1900px\" \/><\/h3><h3 data-start=\"1603\" data-end=\"1651\">Bienestar animal: valor \u00e9tico y productivo<\/h3><p data-start=\"1653\" data-end=\"2117\">El bienestar animal no es s\u00f3lo una opci\u00f3n \u00e9tica, sino tambi\u00e9n una palanca estrat\u00e9gica para la competitividad de la ganader\u00eda moderna. Los entornos bien ventilados dan como resultado vacas lecheras m\u00e1s productivas y longevas, cerdos y aves de corral m\u00e1s sanos, y caballos menos propensos a las enfermedades y el estr\u00e9s. Una calidad del aire superior reduce el uso de f\u00e1rmacos, disminuye la mortalidad y mejora el rendimiento general, tanto en las granjas peque\u00f1as como en las grandes explotaciones ganaderas.  <\/p><h3 data-start=\"2119\" data-end=\"2157\">Eficiencia energ\u00e9tica todo el a\u00f1o<\/h3><p data-start=\"2159\" data-end=\"2553\">Los ventiladores Evel est\u00e1n dise\u00f1ados para ofrecer la m\u00e1xima eficiencia energ\u00e9tica tanto en los meses c\u00e1lidos como en los fr\u00edos. En verano, proporcionan una ventilaci\u00f3n eficaz con un consumo muy bajo, evitando las ca\u00eddas de producci\u00f3n debidas al bochorno. En invierno, facilitan el secado de la cama y limitan la formaci\u00f3n de moho y gases nocivos, manteniendo un entorno m\u00e1s saludable para los animales y los operarios.  <\/p><p data-start=\"2159\" data-end=\"2553\"><img decoding=\"async\" class=\"alignnone wp-image-70 size-full\" src=\"https:\/\/evel.it\/wp-content\/uploads\/2018\/02\/caratteristiche-applicazione-zootecnica-evel-4-.jpg\" alt=\"Ventilaci\u00f3n para establos\" width=\"1900\" height=\"1267\" srcset=\"https:\/\/evel.it\/wp-content\/uploads\/2018\/02\/caratteristiche-applicazione-zootecnica-evel-4-.jpg 1900w, https:\/\/evel.it\/wp-content\/uploads\/2018\/02\/caratteristiche-applicazione-zootecnica-evel-4--300x200.jpg 300w, https:\/\/evel.it\/wp-content\/uploads\/2018\/02\/caratteristiche-applicazione-zootecnica-evel-4--768x512.jpg 768w, https:\/\/evel.it\/wp-content\/uploads\/2018\/02\/caratteristiche-applicazione-zootecnica-evel-4--1024x683.jpg 1024w\" sizes=\"(max-width: 1900px) 100vw, 1900px\" \/><\/p><h3 data-start=\"2555\" data-end=\"2615\">Las principales aplicaciones de la ventilaci\u00f3n zoot\u00e9cnica<\/h3><p data-start=\"2617\" data-end=\"2706\">Nuestras soluciones de ventilaci\u00f3n se utilizan en todos los contextos ganaderos:<\/p><ul data-start=\"2708\" data-end=\"3202\"><li data-start=\"2708\" data-end=\"2824\"><p data-start=\"2710\" data-end=\"2824\"><strong data-start=\"2710\" data-end=\"2750\"><a class=\"decorated-link\" href=\"https:\/\/evel.it\/es\/aplicaciones\/zootecnia\/establos\/\" rel=\"noopener\" data-start=\"2712\" data-end=\"2748\">Establos y vacas lecheras<\/a><\/strong>para reducir el estr\u00e9s t\u00e9rmico y mejorar la calidad y cantidad de leche.<\/p><\/li><li data-start=\"2825\" data-end=\"2957\"><p data-start=\"2827\" data-end=\"2957\"><strong data-start=\"2827\" data-end=\"2863\"><a class=\"decorated-link\" href=\"https:\/\/evel.it\/es\/aplicaciones\/zootecnia\/pocilgas\/\" rel=\"noopener\" data-start=\"2829\" data-end=\"2861\">Pocilgas y granjas porcinas<\/a><\/strong>para controlar la humedad y los gases nocivos, favorecer el crecimiento de los cerdos y reducir las enfermedades.<\/p><\/li><li data-start=\"2958\" data-end=\"3102\"><p data-start=\"2960\" data-end=\"3102\"><strong data-start=\"2960\" data-end=\"2997\"><a class=\"decorated-link\" href=\"https:\/\/evel.it\/es\/aplicaciones\/zootecnia\/gallineros\/\" rel=\"noopener\" data-start=\"2962\" data-end=\"2995\">Aves de corral y granjas av\u00edcolas<\/a><\/strong>para mantener un clima uniforme, limitar el amon\u00edaco y los olores y promover el bienestar de pollos y gallinas.<\/p><\/li><li data-start=\"3103\" data-end=\"3202\"><p data-start=\"3105\" data-end=\"3202\"><strong data-start=\"3105\" data-end=\"3132\"><a class=\"decorated-link\" href=\"https:\/\/evel.it\/es\/aplicaciones\/zootecnia\/cuadras\/\" rel=\"noopener\" data-start=\"3107\" data-end=\"3130\">Establos y picaderos<\/a><\/strong>para garantizar el confort y el aire limpio de los caballos durante todo el a\u00f1o.<\/p><\/li><li data-start=\"710\" data-end=\"826\"><p data-start=\"712\" data-end=\"826\"><strong><a href=\"https:\/\/evel.it\/es\/aplicaciones\/zootecnia\/corrales-para-cabras\/\">Cabras<\/a>:<\/strong> para mejorar la salud de las cabras, reducir la humedad y garantizar una producci\u00f3n de leche de calidad.<\/p><\/li><li data-start=\"827\" data-end=\"954\"><p data-start=\"829\" data-end=\"954\"><strong><a href=\"https:\/\/evel.it\/es\/aplicaciones\/zootecnia\/apriscos\/\">Rediles<\/a>:<\/strong> para garantizar un entorno seco y sano para las ovejas y los corderos, mejorando el bienestar y la calidad de la lana y la carne.<\/p><\/li><\/ul>\t\t\t\t\t\t\t\t<\/div>\n\t\t\t\t\t<\/div>\n\t\t\t\t<\/div>\n\t\t<div class=\"elementor-element elementor-element-17dabb6 e-grid e-con-boxed e-con e-parent\" data-id=\"17dabb6\" data-element_type=\"container\" data-e-type=\"container\">\n\t\t\t\t\t<div class=\"e-con-inner\">\n\t\t<div class=\"elementor-element elementor-element-7884eb7 e-con-full e-flex e-con e-child\" data-id=\"7884eb7\" data-element_type=\"container\" data-e-type=\"container\" data-settings=\"{&quot;background_background&quot;:&quot;classic&quot;}\">\n\t\t\t\t<div class=\"elementor-element elementor-element-f39d30b elementor-widget elementor-widget-heading\" data-id=\"f39d30b\" data-element_type=\"widget\" data-e-type=\"widget\" data-widget_type=\"heading.default\">\n\t\t\t\t\t<h2 class=\"elementor-heading-title elementor-size-default\"><a href=\"https:\/\/evel.it\/es\/productos\/ventiladores-hvls\/\">Ventiladores HVLS<\/a><\/h2>\t\t\t\t<\/div>\n\t\t\t\t<\/div>\n\t\t<div class=\"elementor-element elementor-element-1c5b92c e-con-full e-flex e-con e-child\" data-id=\"1c5b92c\" data-element_type=\"container\" data-e-type=\"container\" data-settings=\"{&quot;background_background&quot;:&quot;classic&quot;}\">\n\t\t\t\t<div class=\"elementor-element elementor-element-71b2046 elementor-widget elementor-widget-heading\" data-id=\"71b2046\" data-element_type=\"widget\" data-e-type=\"widget\" data-widget_type=\"heading.default\">\n\t\t\t\t\t<h2 class=\"elementor-heading-title elementor-size-default\"><a href=\"https:\/\/evel.it\/es\/productos\/ventiladores-axiales\/\">Ventiladores axiales<\/a><\/h2>\t\t\t\t<\/div>\n\t\t\t\t<\/div>\n\t\t\t\t\t<\/div>\n\t\t\t\t<\/div>\n\t\t<div class=\"elementor-element elementor-element-34ad58b e-flex e-con-boxed e-con e-parent\" data-id=\"34ad58b\" data-element_type=\"container\" data-e-type=\"container\">\n\t\t\t\t\t<div class=\"e-con-inner\">\n\t\t<div class=\"elementor-element elementor-element-76affe7 e-con-full e-flex e-con e-child\" data-id=\"76affe7\" data-element_type=\"container\" data-e-type=\"container\">\n\t\t\t\t<div class=\"elementor-element elementor-element-e7d47e1 elementor-align-center elementor-widget elementor-widget-button\" data-id=\"e7d47e1\" data-element_type=\"widget\" data-e-type=\"widget\" data-widget_type=\"button.default\">\n\t\t\t\t\t\t\t\t\t\t<a class=\"elementor-button elementor-button-link elementor-size-sm elementor-animation-push\" href=\"https:\/\/evel.it\/wp-content\/uploads\/2025\/12\/EVEL_brochure_hvls2024Zootecnia_Esp_Eng_webLO-1.pdf\" target=\"_blank\">\n\t\t\t\t\t\t<span class=\"elementor-button-content-wrapper\">\n\t\t\t\t\t\t<span class=\"elementor-button-icon\">\n\t\t\t\t<svg aria-hidden=\"true\" class=\"e-font-icon-svg e-fas-download\" viewBox=\"0 0 512 512\" xmlns=\"http:\/\/www.w3.org\/2000\/svg\"><path d=\"M216 0h80c13.3 0 24 10.7 24 24v168h87.7c17.8 0 26.7 21.5 14.1 34.1L269.7 378.3c-7.5 7.5-19.8 7.5-27.3 0L90.1 226.1c-12.6-12.6-3.7-34.1 14.1-34.1H192V24c0-13.3 10.7-24 24-24zm296 376v112c0 13.3-10.7 24-24 24H24c-13.3 0-24-10.7-24-24V376c0-13.3 10.7-24 24-24h146.7l49 49c20.1 20.1 52.5 20.1 72.6 0l49-49H488c13.3 0 24 10.7 24 24zm-124 88c0-11-9-20-20-20s-20 9-20 20 9 20 20 20 20-9 20-20zm64 0c0-11-9-20-20-20s-20 9-20 20 9 20 20 20 20-9 20-20z\"><\/path><\/svg>\t\t\t<\/span>\n\t\t\t\t\t\t\t\t\t<span class=\"elementor-button-text\">Descargar folleto<\/span>\n\t\t\t\t\t<\/span>\n\t\t\t\t\t<\/a>\n\t\t\t\t\t\t\t\t<\/div>\n\t\t\t\t<\/div>\n\t\t\t\t\t<\/div>\n\t\t\t\t<\/div>\n\t\t<div class=\"elementor-element elementor-element-d17ca18 e-flex e-con-boxed e-con e-parent\" data-id=\"d17ca18\" data-element_type=\"container\" data-e-type=\"container\">\n\t\t\t\t\t<div class=\"e-con-inner\">\n\t\t<div class=\"elementor-element elementor-element-5ca60fc e-con-full e-flex e-con e-child\" data-id=\"5ca60fc\" data-element_type=\"container\" data-e-type=\"container\" data-settings=\"{&quot;background_background&quot;:&quot;video&quot;}\">\n\t\t\t\t<div class=\"elementor-element elementor-element-eecb154 elementor-widget elementor-widget-video\" data-id=\"eecb154\" data-element_type=\"widget\" data-e-type=\"widget\" data-settings=\"{&quot;youtube_url&quot;:&quot;https:\\\/\\\/www.youtube.com\\\/watch?v=yzgDatXfnME&quot;,&quot;start&quot;:0,&quot;video_type&quot;:&quot;youtube&quot;,&quot;controls&quot;:&quot;yes&quot;}\" data-widget_type=\"video.default\">\n\t\t\t\t\t\t\t<div class=\"elementor-wrapper elementor-open-inline\">\n\t\t\t<div class=\"elementor-video\"><\/div>\t\t<\/div>\n\t\t\t\t\t\t<\/div>\n\t\t\t\t<\/div>\n\t\t\t\t\t<\/div>\n\t\t\t\t<\/div>\n\t\t<div class=\"elementor-element elementor-element-438ca96 e-flex e-con-boxed e-con e-parent\" data-id=\"438ca96\" data-element_type=\"container\" data-e-type=\"container\">\n\t\t\t\t\t<div class=\"e-con-inner\">\n\t\t\t\t<div class=\"elementor-element elementor-element-3b5b66f elementor-widget elementor-widget-heading\" data-id=\"3b5b66f\" data-element_type=\"widget\" data-e-type=\"widget\" data-widget_type=\"heading.default\">\n\t\t\t\t\t<h2 class=\"elementor-heading-title elementor-size-default\">\u00bfQuieres optimizar el microclima de tu granja?<\/h2>\t\t\t\t<\/div>\n\t\t\t\t<div class=\"elementor-element elementor-element-3c07194 elementor-widget elementor-widget-text-editor\" data-id=\"3c07194\" data-element_type=\"widget\" data-e-type=\"widget\" data-widget_type=\"text-editor.default\">\n\t\t\t\t\t\t\t\t\t<p>Juntos analizamos la estructura, los vol\u00famenes y el tipo de animales para encontrar la soluci\u00f3n de ventilaci\u00f3n m\u00e1s eficaz y sostenible.<\/p>\t\t\t\t\t\t\t\t<\/div>\n\t\t\t\t<div class=\"elementor-element elementor-element-52c1971 elementor-widget__width-auto elementor-widget elementor-widget-wpforms\" data-id=\"52c1971\" data-element_type=\"widget\" data-e-type=\"widget\" data-widget_type=\"wpforms.default\">\n\t\t\t\t<div class=\"elementor-widget-container\">\n\t\t\t\t\t<style id=\"wpforms-css-vars-elementor-widget-52c1971\">\n\t\t\t\t.elementor-widget-wpforms.elementor-element-52c1971 {\n\t\t\t\t--wpforms-button-background-color: #96C456;\n\t\t\t}\n\t\t\t<\/style><div class=\"wpforms-container wpforms-container-full wpforms-render-modern\" id=\"wpforms-7691\"><form id=\"wpforms-form-7691\" class=\"wpforms-validate wpforms-form wpforms-ajax-form\" data-formid=\"7691\" method=\"post\" enctype=\"multipart\/form-data\" action=\"\/es\/wp-json\/wp\/v2\/pages\/5589\" data-token=\"ca44c506159c1b9d028e2fa6c208b118\" data-token-time=\"1777552022\"><noscript class=\"wpforms-error-noscript\">Por favor, activa JavaScript en tu navegador para completar este formulario.<\/noscript><div id=\"wpforms-error-noscript\" style=\"display: none;\">Por favor, activa JavaScript en tu navegador para completar este formulario.<\/div><div class=\"wpforms-field-container\"><div id=\"wpforms-7691-field_7-container\" class=\"wpforms-field wpforms-field-layout\" data-field-id=\"7\"><div class=\"wpforms-field-layout-rows wpforms-field-large\"><div class=\"wpforms-layout-row\"><div class=\"wpforms-layout-column wpforms-layout-column-50\"><div id=\"wpforms-7691-field_2-container\" class=\"wpforms-field wpforms-field-name\" data-field-id=\"2\"><label class=\"wpforms-field-label\" for=\"wpforms-7691-field_2\">Nombre <span class=\"wpforms-required-label\" aria-hidden=\"true\">*<\/span><\/label><input type=\"text\" id=\"wpforms-7691-field_2\" class=\"wpforms-field-medium wpforms-field-required\" name=\"wpforms[fields][2]\" aria-errormessage=\"wpforms-7691-field_2-error\" aria-describedby=\"wpforms-7691-field_2-description\" required><div id=\"wpforms-7691-field_2-description\" class=\"wpforms-field-description\">Nombre y apellidos<\/div><\/div><\/div><div class=\"wpforms-layout-column wpforms-layout-column-50\"><div id=\"wpforms-7691-field_1-container\" class=\"wpforms-field wpforms-field-text\" data-field-id=\"1\"><label class=\"wpforms-field-label\" for=\"wpforms-7691-field_1\">Empresa <span class=\"wpforms-required-label\" aria-hidden=\"true\">*<\/span><\/label><input type=\"text\" id=\"wpforms-7691-field_1\" class=\"wpforms-field-medium wpforms-field-required\" name=\"wpforms[fields][1]\" aria-errormessage=\"wpforms-7691-field_1-error\" aria-describedby=\"wpforms-7691-field_1-description\" required><div id=\"wpforms-7691-field_1-description\" class=\"wpforms-field-description\">Nombre de la empresa<\/div><\/div><\/div><\/div><div class=\"wpforms-layout-row\"><div class=\"wpforms-layout-column wpforms-layout-column-50\"><div id=\"wpforms-7691-field_5-container\" class=\"wpforms-field wpforms-field-email\" data-field-id=\"5\"><label class=\"wpforms-field-label\" for=\"wpforms-7691-field_5\">Env\u00eda un correo electr\u00f3nico a <span class=\"wpforms-required-label\" aria-hidden=\"true\">*<\/span><\/label><input type=\"email\" id=\"wpforms-7691-field_5\" class=\"wpforms-field-medium wpforms-field-required\" name=\"wpforms[fields][5]\" spellcheck=\"false\" aria-errormessage=\"wpforms-7691-field_5-error\" required><\/div><\/div><div class=\"wpforms-layout-column wpforms-layout-column-50\"><div id=\"wpforms-7691-field_6-container\" class=\"wpforms-field wpforms-field-phone\" data-field-id=\"6\"><label class=\"wpforms-field-label\" for=\"wpforms-7691-field_6\">Tel\u00e9fono <span class=\"wpforms-required-label\" aria-hidden=\"true\">*<\/span><\/label><input type=\"tel\" id=\"wpforms-7691-field_6\" class=\"wpforms-field-medium wpforms-field-required wpforms-smart-phone-field\" data-rule-smart-phone-field=\"true\" name=\"wpforms[fields][6]\" aria-label=\"Tel\u00e9fono\" aria-errormessage=\"wpforms-7691-field_6-error\" required><\/div><\/div><\/div><\/div><\/div><div id=\"wpforms-7691-field_3-container\" class=\"wpforms-field wpforms-field-textarea\" data-field-id=\"3\"><label class=\"wpforms-field-label\" for=\"wpforms-7691-field_3\">Solicita <span class=\"wpforms-required-label\" aria-hidden=\"true\">*<\/span><\/label><textarea id=\"wpforms-7691-field_3\" class=\"wpforms-field-medium wpforms-field-required\" name=\"wpforms[fields][3]\" aria-errormessage=\"wpforms-7691-field_3-error\" required><\/textarea><\/div>\t\t<div id=\"wpforms-7691-field_4-container\"\n\t\t\tclass=\"wpforms-field wpforms-field-text\"\n\t\t\tdata-field-type=\"text\"\n\t\t\tdata-field-id=\"4\"\n\t\t\t>\n\t\t\t<label class=\"wpforms-field-label\" for=\"wpforms-7691-field_4\" >Tel\u00e9fono Env\u00eda Solicita<\/label>\n\t\t\t<input type=\"text\" id=\"wpforms-7691-field_4\" class=\"wpforms-field-medium\" name=\"wpforms[fields][4]\" >\n\t\t<\/div>\n\t\t<div id=\"wpforms-7691-field_10-container\" class=\"wpforms-field wpforms-field-content\" data-field-id=\"10\"><div id=\"wpforms-7691-field_10\" class=\"wpforms-field-medium wpforms-field-row\" aria-errormessage=\"wpforms-7691-field_10-error\"><p>Respondemos en 24 horas.<\/p>\n<div class=\"wpforms-field-content-display-frontend-clear\"><\/div><\/div><\/div><script>\n\t\t\t\t( function() {\n\t\t\t\t\tconst style = document.createElement( 'style' );\n\t\t\t\t\tstyle.appendChild( document.createTextNode( '#wpforms-7691-field_4-container { position: absolute !important; overflow: hidden !important; display: inline !important; height: 1px !important; width: 1px !important; z-index: -1000 !important; padding: 0 !important; } #wpforms-7691-field_4-container input { visibility: hidden; } #wpforms-conversational-form-page #wpforms-7691-field_4-container label { counter-increment: none; }' ) );\n\t\t\t\t\tdocument.head.appendChild( style );\n\t\t\t\t\tdocument.currentScript?.remove();\n\t\t\t\t} )();\n\t\t\t<\/script><\/div><!-- .wpforms-field-container --><div class=\"wpforms-recaptcha-container wpforms-is-recaptcha wpforms-is-recaptcha-type-invisible\" ><div class=\"g-recaptcha\" data-sitekey=\"6LfVz-cqAAAAALcg8UziUILSZyvpyIdH5yCZMGsR\" data-size=\"invisible\"><\/div><\/div><div class=\"wpforms-submit-container\" ><input type=\"hidden\" name=\"wpforms[id]\" value=\"7691\"><input type=\"hidden\" name=\"page_title\" value=\"\"><input type=\"hidden\" name=\"page_url\" value=\"https:\/\/evel.it\/es\/wp-json\/wp\/v2\/pages\/5589\"><input type=\"hidden\" name=\"url_referer\" value=\"\"><button type=\"submit\" name=\"wpforms[submit]\" id=\"wpforms-submit-7691\" class=\"wpforms-submit\" data-alt-text=\"Enviando...\" data-submit-text=\"Pide un presupuesto\" aria-live=\"assertive\" value=\"wpforms-submit\">Pide un presupuesto<\/button><img decoding=\"async\" src=\"https:\/\/evel.it\/wp-content\/plugins\/wpforms\/assets\/images\/submit-spin.svg\" class=\"wpforms-submit-spinner\" style=\"display: none;\" width=\"26\" height=\"26\" alt=\"Cargando\"><\/div><\/form><\/div>  <!-- .wpforms-container -->\t\t\t\t<\/div>\n\t\t\t\t<\/div>\n\t\t\t\t<div class=\"elementor-element elementor-element-401cd72 elementor-widget elementor-widget-text-editor\" data-id=\"401cd72\" data-element_type=\"widget\" data-e-type=\"widget\" data-widget_type=\"text-editor.default\">\n\t\t\t\t\t\t\t\t\t<p data-start=\"2611\" data-end=\"2677\">Nos pondremos en contacto contigo para evaluar juntos la soluci\u00f3n m\u00e1s adecuada para tus instalaciones.<\/p>\t\t\t\t\t\t\t\t<\/div>\n\t\t\t\t\t<\/div>\n\t\t\t\t<\/div>\n\t\t\t\t<\/div>\n\t\t","protected":false},"excerpt":{"rendered":"<p>Ventilaci\u00f3n en ganader\u00eda Bienestar animal y productividad: nuevo aire para la ganader\u00eda moderna Garantizar un entorno \u00f3ptimo en las explotaciones ganaderas es una prioridad absoluta para quienes desean animales m\u00e1s sanos, una producci\u00f3n de mayor calidad y una gesti\u00f3n eficaz de los costes. La ventilaci\u00f3n mec\u00e1nica moderna, gracias a los ventiladores HVLS y axiales de [&hellip;]<\/p>\n","protected":false},"author":8,"featured_media":0,"parent":5586,"menu_order":0,"comment_status":"closed","ping_status":"closed","template":"","meta":{"footnotes":""},"class_list":["post-5589","page","type-page","status-publish","hentry"],"_links":{"self":[{"href":"https:\/\/evel.it\/es\/wp-json\/wp\/v2\/pages\/5589","targetHints":{"allow":["GET"]}}],"collection":[{"href":"https:\/\/evel.it\/es\/wp-json\/wp\/v2\/pages"}],"about":[{"href":"https:\/\/evel.it\/es\/wp-json\/wp\/v2\/types\/page"}],"author":[{"embeddable":true,"href":"https:\/\/evel.it\/es\/wp-json\/wp\/v2\/users\/8"}],"replies":[{"embeddable":true,"href":"https:\/\/evel.it\/es\/wp-json\/wp\/v2\/comments?post=5589"}],"version-history":[{"count":9,"href":"https:\/\/evel.it\/es\/wp-json\/wp\/v2\/pages\/5589\/revisions"}],"predecessor-version":[{"id":8137,"href":"https:\/\/evel.it\/es\/wp-json\/wp\/v2\/pages\/5589\/revisions\/8137"}],"up":[{"embeddable":true,"href":"https:\/\/evel.it\/es\/wp-json\/wp\/v2\/pages\/5586"}],"wp:attachment":[{"href":"https:\/\/evel.it\/es\/wp-json\/wp\/v2\/media?parent=5589"}],"curies":[{"name":"wp","href":"https:\/\/api.w.org\/{rel}","templated":true}]}}