{"id":5620,"date":"2018-02-07T15:25:30","date_gmt":"2018-02-07T13:25:30","guid":{"rendered":"https:\/\/evel.it\/empresa\/"},"modified":"2025-05-29T10:40:32","modified_gmt":"2025-05-29T08:40:32","slug":"empresa","status":"publish","type":"page","link":"https:\/\/evel.it\/es\/empresa\/","title":{"rendered":"Empresa"},"content":{"rendered":"\t\t<div data-elementor-type=\"wp-page\" data-elementor-id=\"5620\" class=\"elementor elementor-5620 elementor-9\" data-elementor-post-type=\"page\">\n\t\t\t\t<div class=\"elementor-element elementor-element-e0628cc e-con-full e-flex e-con e-parent\" data-id=\"e0628cc\" data-element_type=\"container\" data-e-type=\"container\">\n\t\t<div class=\"elementor-element elementor-element-a0eea90 e-con-full e-flex e-con e-child\" data-id=\"a0eea90\" data-element_type=\"container\" data-e-type=\"container\" data-settings=\"{&quot;background_background&quot;:&quot;classic&quot;}\">\n\t\t\t\t<div class=\"elementor-element elementor-element-8bee1bd elementor-widget elementor-widget-heading\" data-id=\"8bee1bd\" data-element_type=\"widget\" data-e-type=\"widget\" data-widget_type=\"heading.default\">\n\t\t\t\t\t<h2 class=\"elementor-heading-title elementor-size-default\">Windependence<\/h2>\t\t\t\t<\/div>\n\t\t\t\t<div class=\"elementor-element elementor-element-91131d3 elementor-widget elementor-widget-text-editor\" data-id=\"91131d3\" data-element_type=\"widget\" data-e-type=\"widget\" data-widget_type=\"text-editor.default\">\n\t\t\t\t\t\t\t\t\t<div class=\"wpb_column vc_column_container vc_col-sm-3 vc_col-has-fill\"><div class=\"vc_column-inner vc_custom_1516812436633\"><div class=\"wpb_wrapper\"><div class=\"wpb_text_column wpb_content_element vc_custom_1517928325854\"><div class=\"wpb_wrapper\"><p>Generar bienestar aprovechando la frescura y ligereza del aire y su movimiento, sin depender del aire acondicionado.<\/p><\/div><\/div><\/div><\/div><\/div><div class=\"wpb_column vc_column_container vc_col-sm-9\"><div class=\"vc_column-inner\"><div class=\"wpb_wrapper\"><div class=\"mkd-single-image-holder mkd-image-behavior-moving\"><div class=\"mkd-si-inner\"> <\/div><\/div><\/div><\/div><\/div>\t\t\t\t\t\t\t\t<\/div>\n\t\t\t\t<\/div>\n\t\t<div class=\"elementor-element elementor-element-61eea64 e-con-full e-flex e-con e-child\" data-id=\"61eea64\" data-element_type=\"container\" data-e-type=\"container\" data-settings=\"{&quot;background_background&quot;:&quot;classic&quot;,&quot;background_motion_fx_motion_fx_scrolling&quot;:&quot;yes&quot;,&quot;background_motion_fx_translateX_effect&quot;:&quot;yes&quot;,&quot;background_motion_fx_range&quot;:&quot;viewport&quot;,&quot;background_motion_fx_translateX_direction&quot;:&quot;negative&quot;,&quot;background_motion_fx_translateX_speed&quot;:{&quot;unit&quot;:&quot;px&quot;,&quot;size&quot;:4,&quot;sizes&quot;:[]},&quot;background_motion_fx_translateX_affectedRange&quot;:{&quot;unit&quot;:&quot;%&quot;,&quot;size&quot;:&quot;&quot;,&quot;sizes&quot;:{&quot;start&quot;:0,&quot;end&quot;:100}},&quot;background_motion_fx_devices&quot;:[&quot;desktop&quot;,&quot;tablet&quot;,&quot;mobile&quot;]}\">\n\t\t\t\t<\/div>\n\t\t\t\t<\/div>\n\t\t<div class=\"elementor-element elementor-element-928b361 e-flex e-con-boxed e-con e-parent\" data-id=\"928b361\" data-element_type=\"container\" data-e-type=\"container\" data-settings=\"{&quot;background_background&quot;:&quot;classic&quot;}\">\n\t\t\t\t\t<div class=\"e-con-inner\">\n\t\t<div class=\"elementor-element elementor-element-3f638b2 e-con-full e-flex e-con e-child\" data-id=\"3f638b2\" data-element_type=\"container\" data-e-type=\"container\">\n\t\t\t\t<div class=\"elementor-element elementor-element-849360b elementor-widget elementor-widget-heading\" data-id=\"849360b\" data-element_type=\"widget\" data-e-type=\"widget\" data-widget_type=\"heading.default\">\n\t\t\t\t\t<h1 class=\"elementor-heading-title elementor-size-default\">Creamos tu clima ideal<\/h1>\t\t\t\t<\/div>\n\t\t\t\t<div class=\"elementor-element elementor-element-d864f08 elementor-widget elementor-widget-text-editor\" data-id=\"d864f08\" data-element_type=\"widget\" data-e-type=\"widget\" data-widget_type=\"text-editor.default\">\n\t\t\t\t\t\t\t\t\t<p>Evel es una realidad industrial formada por un equipo de especialistas en el sector de <strong>la destratificaci\u00f3n del aire<\/strong>. En Evel, diferentes competencias t\u00e9cnicas se unen para crear sistemas y productos innovadores, dise\u00f1ados para tratar el aire de grandes entornos y para el bienestar de quienes viven en ellos. Evel es una mezcla ganadora de la m\u00e1s avanzada tecnolog\u00eda de motores sin escobillas, rendimiento aerodin\u00e1mico, perfiles aerodin\u00e1micos y fiabilidad Made in Italy. Nos esforzamos por ser, para nuestros clientes, sus fabricantes, sus asesores, sus instaladores y sus mantenedores.   <\/p>\t\t\t\t\t\t\t\t<\/div>\n\t\t\t\t<\/div>\n\t\t<div class=\"elementor-element elementor-element-57996ff e-con-full e-flex e-con e-child\" data-id=\"57996ff\" data-element_type=\"container\" data-e-type=\"container\">\n\t\t\t\t<div class=\"elementor-element elementor-element-3ceef76 elementor-tabs-view-horizontal elementor-widget elementor-widget-tabs\" data-id=\"3ceef76\" data-element_type=\"widget\" data-e-type=\"widget\" data-widget_type=\"tabs.default\">\n\t\t\t\t\t\t\t<div class=\"elementor-tabs\">\n\t\t\t<div class=\"elementor-tabs-wrapper\" role=\"tablist\" >\n\t\t\t\t\t\t\t\t\t<div id=\"elementor-tab-title-6381\" class=\"elementor-tab-title elementor-tab-desktop-title\" aria-selected=\"true\" data-tab=\"1\" role=\"tab\" tabindex=\"0\" aria-controls=\"elementor-tab-content-6381\" aria-expanded=\"false\">Desestratificar<\/div>\n\t\t\t\t\t\t\t\t\t<div id=\"elementor-tab-title-6382\" class=\"elementor-tab-title elementor-tab-desktop-title\" aria-selected=\"false\" data-tab=\"2\" role=\"tab\" tabindex=\"-1\" aria-controls=\"elementor-tab-content-6382\" aria-expanded=\"false\">Dise\u00f1o<\/div>\n\t\t\t\t\t\t\t\t\t<div id=\"elementor-tab-title-6383\" class=\"elementor-tab-title elementor-tab-desktop-title\" aria-selected=\"false\" data-tab=\"3\" role=\"tab\" tabindex=\"-1\" aria-controls=\"elementor-tab-content-6383\" aria-expanded=\"false\">Fabricado en Italia<\/div>\n\t\t\t\t\t\t\t<\/div>\n\t\t\t<div class=\"elementor-tabs-content-wrapper\" role=\"tablist\" aria-orientation=\"vertical\">\n\t\t\t\t\t\t\t\t\t<div class=\"elementor-tab-title elementor-tab-mobile-title\" aria-selected=\"true\" data-tab=\"1\" role=\"tab\" tabindex=\"0\" aria-controls=\"elementor-tab-content-6381\" aria-expanded=\"false\">Desestratificar<\/div>\n\t\t\t\t\t<div id=\"elementor-tab-content-6381\" class=\"elementor-tab-content elementor-clearfix\" data-tab=\"1\" role=\"tabpanel\" aria-labelledby=\"elementor-tab-title-6381\" tabindex=\"0\" hidden=\"false\"><p>Desestratificar significa mezclar el aire y conseguir una distribuci\u00f3n \u00f3ptima de la temperatura en todo el espacio en cuesti\u00f3n, evitando zonas demasiado calientes o zonas demasiado fr\u00edas. Esto evita derroches en el sistema de refrigeraci\u00f3n o calefacci\u00f3n, reduciendo as\u00ed los costes de forma significativa.<br \/>Se ha descubierto que <strong>la estratificaci\u00f3n del aire es el mayor derroche de energ\u00eda<\/strong> en edificios y grandes espacios <strong>hoy en d\u00eda<\/strong>. Los destratificadores Evel resuelven estos problemas y garantizan un consumo energ\u00e9tico m\u00ednimo a lo largo del tiempo.  <\/p>\n<\/div>\n\t\t\t\t\t\t\t\t\t<div class=\"elementor-tab-title elementor-tab-mobile-title\" aria-selected=\"false\" data-tab=\"2\" role=\"tab\" tabindex=\"-1\" aria-controls=\"elementor-tab-content-6382\" aria-expanded=\"false\">Dise\u00f1o<\/div>\n\t\t\t\t\t<div id=\"elementor-tab-content-6382\" class=\"elementor-tab-content elementor-clearfix\" data-tab=\"2\" role=\"tabpanel\" aria-labelledby=\"elementor-tab-title-6382\" tabindex=\"0\" hidden=\"hidden\"><p>Los destratificadores Evel se caracterizan por un dise\u00f1o sobrio y lineal, adecuado para cualquier tipo de entorno, y por materiales de primera calidad: <strong>est\u00e9tica y tecnolog\u00eda se unen en una combinaci\u00f3n perfecta.<\/strong> Nuestros sistemas de ventilaci\u00f3n est\u00e1n dise\u00f1ados para su uso en distintos tipos de entorno: industrial, log\u00edstico, centros de ocio y deportivos, ganader\u00eda. <\/p>\n<\/div>\n\t\t\t\t\t\t\t\t\t<div class=\"elementor-tab-title elementor-tab-mobile-title\" aria-selected=\"false\" data-tab=\"3\" role=\"tab\" tabindex=\"-1\" aria-controls=\"elementor-tab-content-6383\" aria-expanded=\"false\">Fabricado en Italia<\/div>\n\t\t\t\t\t<div id=\"elementor-tab-content-6383\" class=\"elementor-tab-content elementor-clearfix\" data-tab=\"3\" role=\"tabpanel\" aria-labelledby=\"elementor-tab-title-6383\" tabindex=\"0\" hidden=\"hidden\"><p>La etiqueta<strong>\u201cMade in Italy<\/strong>\u201d no es s\u00f3lo una indicaci\u00f3n del origen del producto, sino tambi\u00e9n una marca que atestigua el trabajo y el estudio que se han dedicado a su creaci\u00f3n, y es sin\u00f3nimo de calidad y cuidado.<br \/>Un producto \u201cMade in Italy\u201d es percibido inmediatamente por el consumidor como sin\u00f3nimo de calidad, y esta caracter\u00edstica permite a las peque\u00f1as y medianas empresas italianas destacar en las competiciones comerciales internacionales. <strong>Una marca que siempre nos ha distinguido en el mundo, una valorizaci\u00f3n de la creatividad, el estilo y las habilidades de los fabricantes italianos<\/strong>.<br \/>Evel cree firmemente en el \u201cMade in Italy\u201d y en los valores asociados a \u00e9l.   <strong>Los destratificadores Evel son productos \u201cMade in Italy\u201d, altamente tecnol\u00f3gicos e innovadores.<\/strong><\/p>\n<\/div>\n\t\t\t\t\t\t\t<\/div>\n\t\t<\/div>\n\t\t\t\t\t\t<\/div>\n\t\t\t\t<\/div>\n\t\t\t\t\t<\/div>\n\t\t\t\t<\/div>\n\t\t<div class=\"elementor-element elementor-element-1e05a25 e-flex e-con-boxed e-con e-parent\" data-id=\"1e05a25\" data-element_type=\"container\" data-e-type=\"container\">\n\t\t\t\t\t<div class=\"e-con-inner\">\n\t\t<div class=\"elementor-element elementor-element-2fe57f9 e-con-full e-flex e-con e-child\" data-id=\"2fe57f9\" data-element_type=\"container\" data-e-type=\"container\">\n\t\t\t\t<div class=\"elementor-element elementor-element-f713a1a elementor-widget elementor-widget-image\" data-id=\"f713a1a\" data-element_type=\"widget\" data-e-type=\"widget\" data-widget_type=\"image.default\">\n\t\t\t\t\t\t\t\t\t\t\t\t\t\t\t\t<a href=\"https:\/\/evel.it\/wp-content\/uploads\/2018\/02\/DESTRATIFICAREfunzionamento_azienda.png\" data-elementor-open-lightbox=\"yes\" data-elementor-lightbox-title=\"DESTRATIFICAREfunzionamento_azienda\" data-e-action-hash=\"#elementor-action%3Aaction%3Dlightbox%26settings%3DeyJpZCI6NTYzNSwidXJsIjoiaHR0cHM6XC9cL2V2ZWwuaXRcL3dwLWNvbnRlbnRcL3VwbG9hZHNcLzIwMThcLzAyXC9ERVNUUkFUSUZJQ0FSRWZ1bnppb25hbWVudG9fYXppZW5kYS5wbmcifQ%3D%3D\">\n\t\t\t\t\t\t\t<img fetchpriority=\"high\" decoding=\"async\" width=\"1157\" height=\"651\" src=\"https:\/\/evel.it\/wp-content\/uploads\/2018\/02\/DESTRATIFICAREfunzionamento_azienda.png\" class=\"attachment-full size-full wp-image-5635\" alt=\"\" srcset=\"https:\/\/evel.it\/wp-content\/uploads\/2018\/02\/DESTRATIFICAREfunzionamento_azienda.png 1157w, https:\/\/evel.it\/wp-content\/uploads\/2018\/02\/DESTRATIFICAREfunzionamento_azienda-300x169.png 300w, https:\/\/evel.it\/wp-content\/uploads\/2018\/02\/DESTRATIFICAREfunzionamento_azienda-768x432.png 768w, https:\/\/evel.it\/wp-content\/uploads\/2018\/02\/DESTRATIFICAREfunzionamento_azienda-1024x576.png 1024w\" sizes=\"(max-width: 1157px) 100vw, 1157px\" \/>\t\t\t\t\t\t\t\t<\/a>\n\t\t\t\t\t\t\t\t\t\t\t\t\t\t\t<\/div>\n\t\t\t\t<\/div>\n\t\t\t\t\t<\/div>\n\t\t\t\t<\/div>\n\t\t\t\t<\/div>\n\t\t","protected":false},"excerpt":{"rendered":"<p>Windependence Generar bienestar aprovechando la frescura y ligereza del aire y su movimiento, sin depender del aire acondicionado. Creamos tu clima ideal Evel es una realidad industrial formada por un equipo de especialistas en el sector de la destratificaci\u00f3n del aire. En Evel, diferentes competencias t\u00e9cnicas se unen para crear sistemas y productos innovadores, dise\u00f1ados [&hellip;]<\/p>\n","protected":false},"author":8,"featured_media":0,"parent":0,"menu_order":0,"comment_status":"closed","ping_status":"closed","template":"elementor_header_footer","meta":{"footnotes":""},"class_list":["post-5620","page","type-page","status-publish","hentry"],"_links":{"self":[{"href":"https:\/\/evel.it\/es\/wp-json\/wp\/v2\/pages\/5620","targetHints":{"allow":["GET"]}}],"collection":[{"href":"https:\/\/evel.it\/es\/wp-json\/wp\/v2\/pages"}],"about":[{"href":"https:\/\/evel.it\/es\/wp-json\/wp\/v2\/types\/page"}],"author":[{"embeddable":true,"href":"https:\/\/evel.it\/es\/wp-json\/wp\/v2\/users\/8"}],"replies":[{"embeddable":true,"href":"https:\/\/evel.it\/es\/wp-json\/wp\/v2\/comments?post=5620"}],"version-history":[{"count":1,"href":"https:\/\/evel.it\/es\/wp-json\/wp\/v2\/pages\/5620\/revisions"}],"predecessor-version":[{"id":5645,"href":"https:\/\/evel.it\/es\/wp-json\/wp\/v2\/pages\/5620\/revisions\/5645"}],"wp:attachment":[{"href":"https:\/\/evel.it\/es\/wp-json\/wp\/v2\/media?parent=5620"}],"curies":[{"name":"wp","href":"https:\/\/api.w.org\/{rel}","templated":true}]}}