{"id":5674,"date":"2018-02-07T17:05:01","date_gmt":"2018-02-07T15:05:01","guid":{"rendered":"https:\/\/evel.it\/aplicaciones\/industrial\/"},"modified":"2026-05-02T11:37:29","modified_gmt":"2026-05-02T09:37:29","slug":"industrial","status":"publish","type":"page","link":"https:\/\/evel.it\/es\/aplicaciones\/industrial\/","title":{"rendered":"Industrial"},"content":{"rendered":"\t\t<div data-elementor-type=\"wp-page\" data-elementor-id=\"5674\" class=\"elementor elementor-5674 elementor-35\" data-elementor-post-type=\"page\">\n\t\t\t\t<div class=\"elementor-element elementor-element-ae4a4db e-flex e-con-boxed e-con e-parent\" data-id=\"ae4a4db\" data-element_type=\"container\" data-e-type=\"container\" data-settings=\"{&quot;background_background&quot;:&quot;classic&quot;}\">\n\t\t\t\t\t<div class=\"e-con-inner\">\n\t\t<div class=\"elementor-element elementor-element-b6783ba e-con-full e-flex e-con e-child\" data-id=\"b6783ba\" data-element_type=\"container\" data-e-type=\"container\">\n\t\t\t\t<div class=\"elementor-element elementor-element-2d8330e elementor-widget elementor-widget-heading\" data-id=\"2d8330e\" data-element_type=\"widget\" data-e-type=\"widget\" data-widget_type=\"heading.default\">\n\t\t\t\t\t<h1 class=\"elementor-heading-title elementor-size-default\">Ventilaci\u00f3n industrial  <\/h1>\t\t\t\t<\/div>\n\t\t\t\t<div class=\"elementor-element elementor-element-5000f3e elementor-widget elementor-widget-heading\" data-id=\"5000f3e\" data-element_type=\"widget\" data-e-type=\"widget\" data-widget_type=\"heading.default\">\n\t\t\t\t\t<h2 class=\"elementor-heading-title elementor-size-default\">Soluciones para el control del microclima en entornos industriales<\/h2>\t\t\t\t<\/div>\n\t\t\t\t<\/div>\n\t\t\t\t\t<\/div>\n\t\t\t\t<\/div>\n\t\t<div class=\"elementor-element elementor-element-f1e020f e-flex e-con-boxed e-con e-parent\" data-id=\"f1e020f\" data-element_type=\"container\" data-e-type=\"container\" data-settings=\"{&quot;background_background&quot;:&quot;classic&quot;}\">\n\t\t\t\t\t<div class=\"e-con-inner\">\n\t\t\t\t<div class=\"elementor-element elementor-element-4a7852a elementor-widget elementor-widget-text-editor\" data-id=\"4a7852a\" data-element_type=\"widget\" data-e-type=\"widget\" data-widget_type=\"text-editor.default\">\n\t\t\t\t\t\t\t\t\t<p data-start=\"1177\" data-end=\"1487\">En los entornos industriales, la gesti\u00f3n del microclima es un elemento clave para garantizar el confort, la seguridad y la eficacia de la producci\u00f3n. Las naves, los departamentos de producci\u00f3n, los almacenes y las plantas complejas tienen requisitos diferentes, pero comparten la necesidad de controlar la temperatura, la humedad y la calidad del aire. <\/p><p data-start=\"1489\" data-end=\"1664\">Las soluciones de ventilaci\u00f3n industrial mejoran las condiciones ambientales, reducen el consumo de energ\u00eda y favorecen la continuidad de la actividad en todos los contextos.<\/p>\t\t\t\t\t\t\t\t<\/div>\n\t\t\t\t\t<\/div>\n\t\t\t\t<\/div>\n\t\t<div class=\"elementor-element elementor-element-4cec7c6 e-flex e-con-boxed e-con e-parent\" data-id=\"4cec7c6\" data-element_type=\"container\" data-e-type=\"container\" data-settings=\"{&quot;background_background&quot;:&quot;classic&quot;}\">\n\t\t\t\t\t<div class=\"e-con-inner\">\n\t\t<div class=\"elementor-element elementor-element-2a53689 e-con-full e-flex e-con e-child\" data-id=\"2a53689\" data-element_type=\"container\" data-e-type=\"container\" data-settings=\"{&quot;background_background&quot;:&quot;classic&quot;}\">\n\t\t\t\t<\/div>\n\t\t\t\t\t<\/div>\n\t\t\t\t<\/div>\n\t\t<div class=\"elementor-element elementor-element-8cd6264 e-flex e-con-boxed e-con e-parent\" data-id=\"8cd6264\" data-element_type=\"container\" data-e-type=\"container\" data-settings=\"{&quot;background_background&quot;:&quot;classic&quot;}\">\n\t\t\t\t\t<div class=\"e-con-inner\">\n\t\t\t\t<div class=\"elementor-element elementor-element-aa001f6 elementor-widget elementor-widget-text-editor\" data-id=\"aa001f6\" data-element_type=\"widget\" data-e-type=\"widget\" data-widget_type=\"text-editor.default\">\n\t\t\t\t\t\t\t\t\t<h2 data-section-id=\"1jcsma9\" data-start=\"1671\" data-end=\"1738\">Por qu\u00e9 la ventilaci\u00f3n es crucial en entornos industriales<\/h2><p data-start=\"1740\" data-end=\"1854\">Una ventilaci\u00f3n adecuada permite actuar sobre algunos de los problemas m\u00e1s cr\u00edticos de los entornos industriales:<\/p><ul data-start=\"1856\" data-end=\"2112\"><li data-section-id=\"z6myfj\" data-start=\"1856\" data-end=\"1904\">almacenamiento de calor y estratificaci\u00f3n t\u00e9rmica<\/li><li data-section-id=\"pyivuo\" data-start=\"1905\" data-end=\"1955\">mala circulaci\u00f3n del aire en grandes vol\u00famenes<\/li><li data-section-id=\"tod4qf\" data-start=\"1956\" data-end=\"2006\">condiciones de trabajo dif\u00edciles en los meses de verano<\/li><li data-section-id=\"1kta6et\" data-start=\"2007\" data-end=\"2046\">presencia de polvo, vapores u olores<\/li><li data-section-id=\"158vlw9\" data-start=\"2047\" data-end=\"2112\">alto consumo de energ\u00eda para calefacci\u00f3n o refrigeraci\u00f3n<\/li><\/ul><p data-start=\"2114\" data-end=\"2219\">Gestionar estos aspectos significa mejorar el microclima y hacer que los entornos sean m\u00e1s eficientes y seguros.<\/p>\t\t\t\t\t\t\t\t<\/div>\n\t\t\t\t\t<\/div>\n\t\t\t\t<\/div>\n\t\t<div class=\"elementor-element elementor-element-bfa4e45 e-flex e-con-boxed e-con e-parent\" data-id=\"bfa4e45\" data-element_type=\"container\" data-e-type=\"container\" data-settings=\"{&quot;background_background&quot;:&quot;classic&quot;}\">\n\t\t\t\t\t<div class=\"e-con-inner\">\n\t\t<div class=\"elementor-element elementor-element-0bed6ec e-con-full e-flex e-con e-child\" data-id=\"0bed6ec\" data-element_type=\"container\" data-e-type=\"container\" data-settings=\"{&quot;background_background&quot;:&quot;classic&quot;}\">\n\t\t\t\t<\/div>\n\t\t\t\t\t<\/div>\n\t\t\t\t<\/div>\n\t\t<div class=\"elementor-element elementor-element-ed7b1a7 e-flex e-con-boxed e-con e-parent\" data-id=\"ed7b1a7\" data-element_type=\"container\" data-e-type=\"container\">\n\t\t\t\t\t<div class=\"e-con-inner\">\n\t\t\t\t<div class=\"elementor-element elementor-element-92c00b4 elementor-widget elementor-widget-text-editor\" data-id=\"92c00b4\" data-element_type=\"widget\" data-e-type=\"widget\" data-widget_type=\"text-editor.default\">\n\t\t\t\t\t\t\t\t\t<h2 data-section-id=\"f2rnzi\" data-start=\"2226\" data-end=\"2266\">Soluciones de ventilaci\u00f3n industrial<\/h2><p data-start=\"2268\" data-end=\"2507\">Los sistemas de ventilaci\u00f3n industrial, especialmente los HVLS (High Volume Low Speed), est\u00e1n dise\u00f1ados para mover grandes vol\u00famenes de aire a baja velocidad, garantizando una distribuci\u00f3n uniforme en grandes salas.<\/p><p data-start=\"2509\" data-end=\"2540\">Estas soluciones permiten<\/p><ul data-start=\"2542\" data-end=\"2732\"><li data-section-id=\"137ks8b\" data-start=\"2542\" data-end=\"2594\">reducir la temperatura percibida en los meses de verano<\/li><li data-section-id=\"kku50c\" data-start=\"2595\" data-end=\"2659\">recuperar el calor en invierno reduciendo la estratificaci\u00f3n<\/li><li data-section-id=\"w32szj\" data-start=\"2660\" data-end=\"2695\">mejorar la calidad del aire<\/li><li data-section-id=\"3o8fzw\" data-start=\"2696\" data-end=\"2732\">optimizar el consumo de energ\u00eda<\/li><\/ul>\t\t\t\t\t\t\t\t<\/div>\n\t\t\t\t\t<\/div>\n\t\t\t\t<\/div>\n\t\t<div class=\"elementor-element elementor-element-a25eddc e-flex e-con-boxed e-con e-parent\" data-id=\"a25eddc\" data-element_type=\"container\" data-e-type=\"container\" data-settings=\"{&quot;background_background&quot;:&quot;classic&quot;}\">\n\t\t\t\t\t<div class=\"e-con-inner\">\n\t\t<div class=\"elementor-element elementor-element-e4fc00d e-con-full e-flex e-con e-child\" data-id=\"e4fc00d\" data-element_type=\"container\" data-e-type=\"container\" data-settings=\"{&quot;background_background&quot;:&quot;classic&quot;}\">\n\t\t\t\t<\/div>\n\t\t\t\t\t<\/div>\n\t\t\t\t<\/div>\n\t\t<div class=\"elementor-element elementor-element-4a1ba0f e-flex e-con-boxed e-con e-parent\" data-id=\"4a1ba0f\" data-element_type=\"container\" data-e-type=\"container\">\n\t\t\t\t\t<div class=\"e-con-inner\">\n\t\t\t\t<div class=\"elementor-element elementor-element-4f5b077 elementor-widget elementor-widget-text-editor\" data-id=\"4f5b077\" data-element_type=\"widget\" data-e-type=\"widget\" data-widget_type=\"text-editor.default\">\n\t\t\t\t\t\t\t\t\t<h2 data-section-id=\"o45yrl\" data-start=\"2739\" data-end=\"2776\">\u00c1mbitos de aplicaci\u00f3n industrial<\/h2><p data-start=\"2778\" data-end=\"2880\">Cada sector industrial tiene necesidades espec\u00edficas. Descubre soluciones espec\u00edficas para cada entorno: <\/p><ul data-start=\"2882\" data-end=\"3417\"><li data-section-id=\"1d3ttz4\" data-start=\"2882\" data-end=\"2924\"><a href=\"https:\/\/evel.it\/applicazioni\/industriale\/ventilazione-per-capannoni-industriali\/\">Ventilaci\u00f3n de naves industriales<\/a><\/li><li data-section-id=\"k36bwh\" data-start=\"2925\" data-end=\"2976\"><a href=\"https:\/\/evel.it\/applicazioni\/industriale\/ventilazione-per-fabbriche\/\">Ventilaci\u00f3n para f\u00e1bricas y departamentos de producci\u00f3n<\/a><\/li><li data-section-id=\"1v6yqgl\" data-start=\"2977\" data-end=\"3019\"><a href=\"https:\/\/evel.it\/applicazioni\/industriale\/ventilazione-per-magazzini-e-logistica\/\">Ventilaci\u00f3n para almacenes y log\u00edstica<\/a><\/li><li data-section-id=\"t9zop0\" data-start=\"3020\" data-end=\"3074\"><a href=\"https:\/\/evel.it\/applicazioni\/industriale\/ventilazione-per-stoccaggio-industriale-e-depositi\/\">Ventilaci\u00f3n para almacenes y dep\u00f3sitos industriales<\/a><\/li><li data-section-id=\"hu0qou\" data-start=\"3075\" data-end=\"3116\"><a href=\"https:\/\/evel.it\/applicazioni\/industriale\/ventilazione-per-industria-alimentare\/\">Ventilaci\u00f3n para la industria alimentaria<\/a><\/li><li data-section-id=\"74o9ca\" data-start=\"3117\" data-end=\"3170\"><a href=\"https:\/\/evel.it\/applicazioni\/industriale\/ventilazione-per-industria-farmaceutica-e-chimica\/\">Ventilaci\u00f3n para la industria farmac\u00e9utica y qu\u00edmica<\/a><\/li><li data-section-id=\"1lquhvz\" data-start=\"3171\" data-end=\"3209\"><a href=\"https:\/\/evel.it\/applicazioni\/industriale\/ventilazione-per-industria-tessile\/\">Ventilaci\u00f3n para la industria textil<\/a><\/li><li data-section-id=\"1nlbkbs\" data-start=\"3210\" data-end=\"3248\"><a href=\"https:\/\/evel.it\/applicazioni\/industriale\/ventilazione-per-serre-industriali\/\">Ventilaci\u00f3n para invernaderos industriales<\/a><\/li><li data-section-id=\"pf4zg3\" data-start=\"3249\" data-end=\"3296\"><a href=\"https:\/\/evel.it\/applicazioni\/industriale\/ventilazione-per-settore-vinicolo-e-cantine\/\">Ventilaci\u00f3n para el sector vin\u00edcola y bodegas<\/a><\/li><li data-section-id=\"xgdnmt\" data-start=\"3297\" data-end=\"3348\"><a href=\"https:\/\/evel.it\/applicazioni\/industriale\/ventilazione-per-impianti-industriali-complessi\/\">Ventilaci\u00f3n de plantas industriales complejas<\/a><\/li><li data-section-id=\"19h9j26\" data-start=\"3349\" data-end=\"3417\"><a href=\"https:\/\/evel.it\/applicazioni\/industriale\/catena-del-freddo\/\">Ventilaci\u00f3n para la cadena de fr\u00edo y entornos de temperatura controlada<\/a><\/li><\/ul><h2 data-section-id=\"1p4dfco\" data-start=\"3424\" data-end=\"3466\">Ventajas de la ventilaci\u00f3n industrial<\/h2><ul data-start=\"3468\" data-end=\"3680\"><li data-section-id=\"1b0wmvl\" data-start=\"3468\" data-end=\"3505\">mayor comodidad para los operarios<\/li><li data-section-id=\"1e64km8\" data-start=\"3506\" data-end=\"3540\">reducci\u00f3n del estr\u00e9s t\u00e9rmico<\/li><li data-section-id=\"1q9j9ep\" data-start=\"3541\" data-end=\"3575\">mayor eficacia de la producci\u00f3n<\/li><li data-section-id=\"1cnbiw4\" data-start=\"3576\" data-end=\"3605\">mejor calidad del aire<\/li><li data-section-id=\"qinj78\" data-start=\"3606\" data-end=\"3642\">reducci\u00f3n del consumo de energ\u00eda<\/li><li data-section-id=\"wjw7h8\" data-start=\"3643\" data-end=\"3680\">entornos m\u00e1s seguros y controlados<\/li><\/ul>\t\t\t\t\t\t\t\t<\/div>\n\t\t\t\t\t<\/div>\n\t\t\t\t<\/div>\n\t\t<div class=\"elementor-element elementor-element-3e9c76d e-flex e-con-boxed e-con e-parent\" data-id=\"3e9c76d\" data-element_type=\"container\" data-e-type=\"container\" data-settings=\"{&quot;background_background&quot;:&quot;classic&quot;}\">\n\t\t\t\t\t<div class=\"e-con-inner\">\n\t\t<div class=\"elementor-element elementor-element-b1dfd9a e-con-full e-flex e-con e-child\" data-id=\"b1dfd9a\" data-element_type=\"container\" data-e-type=\"container\" data-settings=\"{&quot;background_background&quot;:&quot;classic&quot;}\">\n\t\t\t\t<\/div>\n\t\t\t\t\t<\/div>\n\t\t\t\t<\/div>\n\t\t<div class=\"elementor-element elementor-element-0ae306e e-flex e-con-boxed e-con e-parent\" data-id=\"0ae306e\" data-element_type=\"container\" data-e-type=\"container\">\n\t\t\t\t\t<div class=\"e-con-inner\">\n\t\t\t\t<div class=\"elementor-element elementor-element-d954948 elementor-widget elementor-widget-text-editor\" data-id=\"d954948\" data-element_type=\"widget\" data-e-type=\"widget\" data-widget_type=\"text-editor.default\">\n\t\t\t\t\t\t\t\t\t<h2 data-section-id=\"1o15kke\" data-start=\"3687\" data-end=\"3728\">C\u00f3mo elegir la soluci\u00f3n m\u00e1s adecuada<\/h2><p data-start=\"3730\" data-end=\"3828\">Cada entorno industrial requiere un an\u00e1lisis espec\u00edfico para identificar la soluci\u00f3n m\u00e1s eficaz.<\/p><h3 data-section-id=\"q2siym\" data-start=\"3830\" data-end=\"3855\">Dimensiones y vol\u00famenes<\/h3><p data-start=\"3856\" data-end=\"3934\">Los espacios industriales requieren sistemas capaces de cubrir grandes superficies.<\/p><h3 data-section-id=\"18dbq6e\" data-start=\"3936\" data-end=\"3963\">Tipo de actividad<\/h3><p data-start=\"3964\" data-end=\"4018\">Los distintos procesos de producci\u00f3n generan requisitos diferentes.<\/p><h3 data-section-id=\"k9bjkw\" data-start=\"4020\" data-end=\"4049\">Objetivos de la planta<\/h3><p data-start=\"4050\" data-end=\"4106\">Refrigeraci\u00f3n, intercambio de aire o eficiencia energ\u00e9tica.<\/p>\t\t\t\t\t\t\t\t<\/div>\n\t\t\t\t\t<\/div>\n\t\t\t\t<\/div>\n\t\t<div class=\"elementor-element elementor-element-d7a731d e-flex e-con-boxed e-con e-parent\" data-id=\"d7a731d\" data-element_type=\"container\" data-e-type=\"container\" data-settings=\"{&quot;background_background&quot;:&quot;classic&quot;}\">\n\t\t\t\t\t<div class=\"e-con-inner\">\n\t\t<div class=\"elementor-element elementor-element-05aa5d2 e-con-full e-flex e-con e-child\" data-id=\"05aa5d2\" data-element_type=\"container\" data-e-type=\"container\" data-settings=\"{&quot;background_background&quot;:&quot;classic&quot;}\">\n\t\t\t\t<\/div>\n\t\t\t\t\t<\/div>\n\t\t\t\t<\/div>\n\t\t<div class=\"elementor-element elementor-element-0f2645b e-flex e-con-boxed e-con e-parent\" data-id=\"0f2645b\" data-element_type=\"container\" data-e-type=\"container\">\n\t\t\t\t\t<div class=\"e-con-inner\">\n\t\t\t\t<div class=\"elementor-element elementor-element-4062956 elementor-align-center elementor-widget elementor-widget-button\" data-id=\"4062956\" data-element_type=\"widget\" data-e-type=\"widget\" data-widget_type=\"button.default\">\n\t\t\t\t\t\t\t\t\t\t<a class=\"elementor-button elementor-button-link elementor-size-sm elementor-animation-push\" href=\"https:\/\/evel.it\/wp-content\/uploads\/2026\/05\/Brochure-Evel-Industria-ES.pdf\" target=\"_blank\">\n\t\t\t\t\t\t<span class=\"elementor-button-content-wrapper\">\n\t\t\t\t\t\t<span class=\"elementor-button-icon\">\n\t\t\t\t<svg aria-hidden=\"true\" class=\"e-font-icon-svg e-fas-download\" viewBox=\"0 0 512 512\" xmlns=\"http:\/\/www.w3.org\/2000\/svg\"><path d=\"M216 0h80c13.3 0 24 10.7 24 24v168h87.7c17.8 0 26.7 21.5 14.1 34.1L269.7 378.3c-7.5 7.5-19.8 7.5-27.3 0L90.1 226.1c-12.6-12.6-3.7-34.1 14.1-34.1H192V24c0-13.3 10.7-24 24-24zm296 376v112c0 13.3-10.7 24-24 24H24c-13.3 0-24-10.7-24-24V376c0-13.3 10.7-24 24-24h146.7l49 49c20.1 20.1 52.5 20.1 72.6 0l49-49H488c13.3 0 24 10.7 24 24zm-124 88c0-11-9-20-20-20s-20 9-20 20 9 20 20 20 20-9 20-20zm64 0c0-11-9-20-20-20s-20 9-20 20 9 20 20 20 20-9 20-20z\"><\/path><\/svg>\t\t\t<\/span>\n\t\t\t\t\t\t\t\t\t<span class=\"elementor-button-text\">Descargar el folleto de la industria<\/span>\n\t\t\t\t\t<\/span>\n\t\t\t\t\t<\/a>\n\t\t\t\t\t\t\t\t<\/div>\n\t\t<div class=\"elementor-element elementor-element-a4468d2 e-con-full e-flex e-con e-child\" data-id=\"a4468d2\" data-element_type=\"container\" data-e-type=\"container\">\n\t\t\t\t<div class=\"elementor-element elementor-element-95c556c elementor-widget elementor-widget-heading\" data-id=\"95c556c\" data-element_type=\"widget\" data-e-type=\"widget\" data-widget_type=\"heading.default\">\n\t\t\t\t\t<h2 class=\"elementor-heading-title elementor-size-default\">Solicita una consulta para tu entorno industrial<\/h2>\t\t\t\t<\/div>\n\t\t\t\t<div class=\"elementor-element elementor-element-2775c37 elementor-widget elementor-widget-text-editor\" data-id=\"2775c37\" data-element_type=\"widget\" data-e-type=\"widget\" data-widget_type=\"text-editor.default\">\n\t\t\t\t\t\t\t\t\t<p data-start=\"4173\" data-end=\"4279\">Analizamos la estructura, los procesos y las cuestiones cr\u00edticas para encontrar la soluci\u00f3n m\u00e1s eficaz para tu entorno.<\/p>\t\t\t\t\t\t\t\t<\/div>\n\t\t\t\t<div class=\"elementor-element elementor-element-4cdf008 elementor-widget__width-auto elementor-widget elementor-widget-wpforms\" data-id=\"4cdf008\" data-element_type=\"widget\" data-e-type=\"widget\" data-widget_type=\"wpforms.default\">\n\t\t\t\t<div class=\"elementor-widget-container\">\n\t\t\t\t\t<style id=\"wpforms-css-vars-elementor-widget-4cdf008\">\n\t\t\t\t.elementor-widget-wpforms.elementor-element-4cdf008 {\n\t\t\t\t--wpforms-button-background-color: #96C456;\n\t\t\t}\n\t\t\t<\/style><div class=\"wpforms-container wpforms-container-full wpforms-render-modern\" id=\"wpforms-7691\"><form id=\"wpforms-form-7691\" class=\"wpforms-validate wpforms-form wpforms-ajax-form\" data-formid=\"7691\" method=\"post\" enctype=\"multipart\/form-data\" action=\"\/es\/wp-json\/wp\/v2\/pages\/5674\" data-token=\"19d0be20695ec652e6b2de4b499d7614\" data-token-time=\"1777992221\"><noscript class=\"wpforms-error-noscript\">Por favor, activa JavaScript en tu navegador para completar este formulario.<\/noscript><div id=\"wpforms-error-noscript\" style=\"display: none;\">Por favor, activa JavaScript en tu navegador para completar este formulario.<\/div><div class=\"wpforms-field-container\">\t\t<div id=\"wpforms-7691-field_4-container\"\n\t\t\tclass=\"wpforms-field wpforms-field-text\"\n\t\t\tdata-field-type=\"text\"\n\t\t\tdata-field-id=\"4\"\n\t\t\t>\n\t\t\t<label class=\"wpforms-field-label\" for=\"wpforms-7691-field_4\" >Env\u00eda correo un<\/label>\n\t\t\t<input type=\"text\" id=\"wpforms-7691-field_4\" class=\"wpforms-field-medium\" name=\"wpforms[fields][4]\" >\n\t\t<\/div>\n\t\t<div id=\"wpforms-7691-field_7-container\" class=\"wpforms-field wpforms-field-layout\" data-field-id=\"7\"><div class=\"wpforms-field-layout-rows wpforms-field-large\"><div class=\"wpforms-layout-row\"><div class=\"wpforms-layout-column wpforms-layout-column-50\"><div id=\"wpforms-7691-field_2-container\" class=\"wpforms-field wpforms-field-name\" data-field-id=\"2\"><label class=\"wpforms-field-label\" for=\"wpforms-7691-field_2\">Nombre <span class=\"wpforms-required-label\" aria-hidden=\"true\">*<\/span><\/label><input type=\"text\" id=\"wpforms-7691-field_2\" class=\"wpforms-field-medium wpforms-field-required\" name=\"wpforms[fields][2]\" aria-errormessage=\"wpforms-7691-field_2-error\" aria-describedby=\"wpforms-7691-field_2-description\" required><div id=\"wpforms-7691-field_2-description\" class=\"wpforms-field-description\">Nombre y apellidos<\/div><\/div><\/div><div class=\"wpforms-layout-column wpforms-layout-column-50\"><div id=\"wpforms-7691-field_1-container\" class=\"wpforms-field wpforms-field-text\" data-field-id=\"1\"><label class=\"wpforms-field-label\" for=\"wpforms-7691-field_1\">Empresa <span class=\"wpforms-required-label\" aria-hidden=\"true\">*<\/span><\/label><input type=\"text\" id=\"wpforms-7691-field_1\" class=\"wpforms-field-medium wpforms-field-required\" name=\"wpforms[fields][1]\" aria-errormessage=\"wpforms-7691-field_1-error\" aria-describedby=\"wpforms-7691-field_1-description\" required><div id=\"wpforms-7691-field_1-description\" class=\"wpforms-field-description\">Nombre de la empresa<\/div><\/div><\/div><\/div><div class=\"wpforms-layout-row\"><div class=\"wpforms-layout-column wpforms-layout-column-50\"><div id=\"wpforms-7691-field_5-container\" class=\"wpforms-field wpforms-field-email\" data-field-id=\"5\"><label class=\"wpforms-field-label\" for=\"wpforms-7691-field_5\">Env\u00eda un correo electr\u00f3nico a <span class=\"wpforms-required-label\" aria-hidden=\"true\">*<\/span><\/label><input type=\"email\" id=\"wpforms-7691-field_5\" class=\"wpforms-field-medium wpforms-field-required\" name=\"wpforms[fields][5]\" spellcheck=\"false\" aria-errormessage=\"wpforms-7691-field_5-error\" required><\/div><\/div><div class=\"wpforms-layout-column wpforms-layout-column-50\"><div id=\"wpforms-7691-field_6-container\" class=\"wpforms-field wpforms-field-phone\" data-field-id=\"6\"><label class=\"wpforms-field-label\" for=\"wpforms-7691-field_6\">Tel\u00e9fono <span class=\"wpforms-required-label\" aria-hidden=\"true\">*<\/span><\/label><input type=\"tel\" id=\"wpforms-7691-field_6\" class=\"wpforms-field-medium wpforms-field-required wpforms-smart-phone-field\" data-rule-smart-phone-field=\"true\" name=\"wpforms[fields][6]\" aria-label=\"Tel\u00e9fono\" aria-errormessage=\"wpforms-7691-field_6-error\" required><\/div><\/div><\/div><\/div><\/div><div id=\"wpforms-7691-field_3-container\" class=\"wpforms-field wpforms-field-textarea\" data-field-id=\"3\"><label class=\"wpforms-field-label\" for=\"wpforms-7691-field_3\">Solicita <span class=\"wpforms-required-label\" aria-hidden=\"true\">*<\/span><\/label><textarea id=\"wpforms-7691-field_3\" class=\"wpforms-field-medium wpforms-field-required\" name=\"wpforms[fields][3]\" aria-errormessage=\"wpforms-7691-field_3-error\" required><\/textarea><\/div><div id=\"wpforms-7691-field_10-container\" class=\"wpforms-field wpforms-field-content\" data-field-id=\"10\"><div id=\"wpforms-7691-field_10\" class=\"wpforms-field-medium wpforms-field-row\" aria-errormessage=\"wpforms-7691-field_10-error\"><p>Respondemos en 24 horas.<\/p>\n<div class=\"wpforms-field-content-display-frontend-clear\"><\/div><\/div><\/div><script>\n\t\t\t\t( function() {\n\t\t\t\t\tconst style = document.createElement( 'style' );\n\t\t\t\t\tstyle.appendChild( document.createTextNode( '#wpforms-7691-field_4-container { position: absolute !important; overflow: hidden !important; display: inline !important; height: 1px !important; width: 1px !important; z-index: -1000 !important; padding: 0 !important; } #wpforms-7691-field_4-container input { visibility: hidden; } #wpforms-conversational-form-page #wpforms-7691-field_4-container label { counter-increment: none; }' ) );\n\t\t\t\t\tdocument.head.appendChild( style );\n\t\t\t\t\tdocument.currentScript?.remove();\n\t\t\t\t} )();\n\t\t\t<\/script><\/div><!-- .wpforms-field-container --><div class=\"wpforms-recaptcha-container wpforms-is-recaptcha wpforms-is-recaptcha-type-invisible\" ><div class=\"g-recaptcha\" data-sitekey=\"6LfVz-cqAAAAALcg8UziUILSZyvpyIdH5yCZMGsR\" data-size=\"invisible\"><\/div><\/div><div class=\"wpforms-submit-container\" ><input type=\"hidden\" name=\"wpforms[id]\" value=\"7691\"><input type=\"hidden\" name=\"page_title\" value=\"\"><input type=\"hidden\" name=\"page_url\" value=\"https:\/\/evel.it\/es\/wp-json\/wp\/v2\/pages\/5674\"><input type=\"hidden\" name=\"url_referer\" value=\"\"><button type=\"submit\" name=\"wpforms[submit]\" id=\"wpforms-submit-7691\" class=\"wpforms-submit\" data-alt-text=\"Enviando...\" data-submit-text=\"Pide un presupuesto\" aria-live=\"assertive\" value=\"wpforms-submit\">Pide un presupuesto<\/button><img decoding=\"async\" src=\"https:\/\/evel.it\/wp-content\/plugins\/wpforms\/assets\/images\/submit-spin.svg\" class=\"wpforms-submit-spinner\" style=\"display: none;\" width=\"26\" height=\"26\" alt=\"Cargando\"><\/div><\/form><\/div>  <!-- .wpforms-container -->\t\t\t\t<\/div>\n\t\t\t\t<\/div>\n\t\t\t\t<div class=\"elementor-element elementor-element-9288da5 elementor-widget elementor-widget-text-editor\" data-id=\"9288da5\" data-element_type=\"widget\" data-e-type=\"widget\" data-widget_type=\"text-editor.default\">\n\t\t\t\t\t\t\t\t\t<p data-start=\"2611\" data-end=\"2677\">Nos pondremos en contacto contigo lo antes posible para evaluar juntos la soluci\u00f3n m\u00e1s adecuada para tus instalaciones.<\/p>\t\t\t\t\t\t\t\t<\/div>\n\t\t\t\t<\/div>\n\t\t\t\t\t<\/div>\n\t\t\t\t<\/div>\n\t\t\t\t<\/div>\n\t\t","protected":false},"excerpt":{"rendered":"<p>Ventilaci\u00f3n industrial Soluciones para el control del microclima en entornos industriales En los entornos industriales, la gesti\u00f3n del microclima es un elemento clave para garantizar el confort, la seguridad y la eficacia de la producci\u00f3n. Las naves, los departamentos de producci\u00f3n, los almacenes y las plantas complejas tienen requisitos diferentes, pero comparten la necesidad de [&hellip;]<\/p>\n","protected":false},"author":8,"featured_media":0,"parent":5586,"menu_order":0,"comment_status":"closed","ping_status":"closed","template":"","meta":{"footnotes":""},"class_list":["post-5674","page","type-page","status-publish","hentry"],"_links":{"self":[{"href":"https:\/\/evel.it\/es\/wp-json\/wp\/v2\/pages\/5674","targetHints":{"allow":["GET"]}}],"collection":[{"href":"https:\/\/evel.it\/es\/wp-json\/wp\/v2\/pages"}],"about":[{"href":"https:\/\/evel.it\/es\/wp-json\/wp\/v2\/types\/page"}],"author":[{"embeddable":true,"href":"https:\/\/evel.it\/es\/wp-json\/wp\/v2\/users\/8"}],"replies":[{"embeddable":true,"href":"https:\/\/evel.it\/es\/wp-json\/wp\/v2\/comments?post=5674"}],"version-history":[{"count":10,"href":"https:\/\/evel.it\/es\/wp-json\/wp\/v2\/pages\/5674\/revisions"}],"predecessor-version":[{"id":8151,"href":"https:\/\/evel.it\/es\/wp-json\/wp\/v2\/pages\/5674\/revisions\/8151"}],"up":[{"embeddable":true,"href":"https:\/\/evel.it\/es\/wp-json\/wp\/v2\/pages\/5586"}],"wp:attachment":[{"href":"https:\/\/evel.it\/es\/wp-json\/wp\/v2\/media?parent=5674"}],"curies":[{"name":"wp","href":"https:\/\/api.w.org\/{rel}","templated":true}]}}