{"id":5700,"date":"2024-01-25T07:54:32","date_gmt":"2024-01-25T05:54:32","guid":{"rendered":"https:\/\/evel.it\/productos\/accesorios\/"},"modified":"2025-11-24T11:30:14","modified_gmt":"2025-11-24T09:30:14","slug":"accesorios","status":"publish","type":"page","link":"https:\/\/evel.it\/es\/productos\/accesorios\/","title":{"rendered":"Accesorios"},"content":{"rendered":"\t\t<div data-elementor-type=\"wp-page\" data-elementor-id=\"5700\" class=\"elementor elementor-5700 elementor-996\" data-elementor-post-type=\"page\">\n\t\t\t\t<div class=\"elementor-element elementor-element-1708269 e-flex e-con-boxed e-con e-parent\" data-id=\"1708269\" data-element_type=\"container\" data-e-type=\"container\" data-settings=\"{&quot;background_background&quot;:&quot;classic&quot;}\">\n\t\t\t\t\t<div class=\"e-con-inner\">\n\t\t<div class=\"elementor-element elementor-element-5b17079 e-grid e-con-boxed e-con e-child\" data-id=\"5b17079\" data-element_type=\"container\" data-e-type=\"container\">\n\t\t\t\t\t<div class=\"e-con-inner\">\n\t\t\t\t<div class=\"elementor-element elementor-element-2ed1c40 elementor-widget elementor-widget-heading\" data-id=\"2ed1c40\" data-element_type=\"widget\" data-e-type=\"widget\" data-widget_type=\"heading.default\">\n\t\t\t\t\t<h1 class=\"elementor-heading-title elementor-size-default\">Accesorios<\/h1>\t\t\t\t<\/div>\n\t\t\t\t<div class=\"elementor-element elementor-element-14f3a8e elementor-widget elementor-widget-text-editor\" data-id=\"14f3a8e\" data-element_type=\"widget\" data-e-type=\"widget\" data-widget_type=\"text-editor.default\">\n\t\t\t\t\t\t\t\t\t<p>Con los accesorios de control de ventilaci\u00f3n HVLS, puedes gestionar con comodidad y precisi\u00f3n la ventilaci\u00f3n y el confort de tus habitaciones.<\/p><p>Controla los ventiladores a distancia mediante cualquier dispositivo conectado a Internet.<\/p><p>Estos accesorios son muy \u00fatiles en cualquier sector: industrial, comercial, agr\u00edcola.<\/p>\t\t\t\t\t\t\t\t<\/div>\n\t\t\t\t\t<\/div>\n\t\t\t\t<\/div>\n\t\t\t\t\t<\/div>\n\t\t\t\t<\/div>\n\t\t<div class=\"elementor-element elementor-element-fe7ca75 e-flex e-con-boxed e-con e-parent\" data-id=\"fe7ca75\" data-element_type=\"container\" data-e-type=\"container\">\n\t\t\t\t\t<div class=\"e-con-inner\">\n\t\t<div class=\"elementor-element elementor-element-6e596cc e-con-full e-flex e-con e-child\" data-id=\"6e596cc\" data-element_type=\"container\" data-e-type=\"container\">\n\t\t<div class=\"elementor-element elementor-element-7c88090 e-con-full e-flex e-con e-child\" data-id=\"7c88090\" data-element_type=\"container\" data-e-type=\"container\" data-settings=\"{&quot;background_background&quot;:&quot;classic&quot;}\">\n\t\t\t\t<\/div>\n\t\t<div class=\"elementor-element elementor-element-63db3ea e-con-full e-flex e-con e-child\" data-id=\"63db3ea\" data-element_type=\"container\" data-e-type=\"container\">\n\t\t\t\t<div class=\"elementor-element elementor-element-ad1852a elementor-widget elementor-widget-heading\" data-id=\"ad1852a\" data-element_type=\"widget\" data-e-type=\"widget\" data-widget_type=\"heading.default\">\n\t\t\t\t\t<h2 class=\"elementor-heading-title elementor-size-default\">GW1000<\/h2>\t\t\t\t<\/div>\n\t\t\t\t<div class=\"elementor-element elementor-element-8d2a82b elementor-widget elementor-widget-text-editor\" data-id=\"8d2a82b\" data-element_type=\"widget\" data-e-type=\"widget\" data-widget_type=\"text-editor.default\">\n\t\t\t\t\t\t\t\t\t<p>GW1000 es el nuevo sistema de control de los sistemas de ventilaci\u00f3n Evel, basado en la transmisi\u00f3n de datos mediante pasarela en la nube (encriptada) a trav\u00e9s del protocolo de comunicaci\u00f3n ModBus.<br>El control de los ventiladores y el mantenimiento de los par\u00e1metros se gestionan a distancia a trav\u00e9s de cualquier dispositivo conectado a Internet (Wireless).<\/p>\t\t\t\t\t\t\t\t<\/div>\n\t\t\t\t<div class=\"elementor-element elementor-element-910ac57 elementor-widget elementor-widget-button\" data-id=\"910ac57\" data-element_type=\"widget\" data-e-type=\"widget\" data-widget_type=\"button.default\">\n\t\t\t\t\t\t\t\t\t\t<a class=\"elementor-button elementor-button-link elementor-size-sm elementor-animation-push\" href=\"https:\/\/evel.it\/wp-content\/uploads\/2024\/01\/Scheda-tecnica-GW1000_WIFI_ITA_Rev.3.pdf\" target=\"_blank\">\n\t\t\t\t\t\t<span class=\"elementor-button-content-wrapper\">\n\t\t\t\t\t\t<span class=\"elementor-button-icon\">\n\t\t\t\t<svg aria-hidden=\"true\" class=\"e-font-icon-svg e-far-file-pdf\" viewBox=\"0 0 384 512\" xmlns=\"http:\/\/www.w3.org\/2000\/svg\"><path d=\"M369.9 97.9L286 14C277 5 264.8-.1 252.1-.1H48C21.5 0 0 21.5 0 48v416c0 26.5 21.5 48 48 48h288c26.5 0 48-21.5 48-48V131.9c0-12.7-5.1-25-14.1-34zM332.1 128H256V51.9l76.1 76.1zM48 464V48h160v104c0 13.3 10.7 24 24 24h104v288H48zm250.2-143.7c-12.2-12-47-8.7-64.4-6.5-17.2-10.5-28.7-25-36.8-46.3 3.9-16.1 10.1-40.6 5.4-56-4.2-26.2-37.8-23.6-42.6-5.9-4.4 16.1-.4 38.5 7 67.1-10 23.9-24.9 56-35.4 74.4-20 10.3-47 26.2-51 46.2-3.3 15.8 26 55.2 76.1-31.2 22.4-7.4 46.8-16.5 68.4-20.1 18.9 10.2 41 17 55.8 17 25.5 0 28-28.2 17.5-38.7zm-198.1 77.8c5.1-13.7 24.5-29.5 30.4-35-19 30.3-30.4 35.7-30.4 35zm81.6-190.6c7.4 0 6.7 32.1 1.8 40.8-4.4-13.9-4.3-40.8-1.8-40.8zm-24.4 136.6c9.7-16.9 18-37 24.7-54.7 8.3 15.1 18.9 27.2 30.1 35.5-20.8 4.3-38.9 13.1-54.8 19.2zm131.6-5s-5 6-37.3-7.8c35.1-2.6 40.9 5.4 37.3 7.8z\"><\/path><\/svg>\t\t\t<\/span>\n\t\t\t\t\t\t\t\t\t<span class=\"elementor-button-text\">Ficha t\u00e9cnica GW1000 <\/span>\n\t\t\t\t\t<\/span>\n\t\t\t\t\t<\/a>\n\t\t\t\t\t\t\t\t<\/div>\n\t\t\t\t<\/div>\n\t\t\t\t<\/div>\n\t\t<div class=\"elementor-element elementor-element-14b3864 e-con-full e-flex e-con e-child\" data-id=\"14b3864\" data-element_type=\"container\" data-e-type=\"container\">\n\t\t<div class=\"elementor-element elementor-element-98bc153 e-con-full e-flex e-con e-child\" data-id=\"98bc153\" data-element_type=\"container\" data-e-type=\"container\" data-settings=\"{&quot;background_background&quot;:&quot;classic&quot;}\">\n\t\t\t\t<\/div>\n\t\t<div class=\"elementor-element elementor-element-d8d412b e-con-full e-flex e-con e-child\" data-id=\"d8d412b\" data-element_type=\"container\" data-e-type=\"container\">\n\t\t\t\t<div class=\"elementor-element elementor-element-897e830 elementor-widget elementor-widget-heading\" data-id=\"897e830\" data-element_type=\"widget\" data-e-type=\"widget\" data-widget_type=\"heading.default\">\n\t\t\t\t\t<h2 class=\"elementor-heading-title elementor-size-default\">COMMANDER 20<\/h2>\t\t\t\t<\/div>\n\t\t\t\t<div class=\"elementor-element elementor-element-a55f3d8 elementor-widget elementor-widget-text-editor\" data-id=\"a55f3d8\" data-element_type=\"widget\" data-e-type=\"widget\" data-widget_type=\"text-editor.default\">\n\t\t\t\t\t\t\t\t\t<p>Commander 20 es la unidad de control de Evel, dise\u00f1ada para regular los par\u00e1metros ambientales y mejorar el confort de personas y animales mediante HVLS y ventiladores axiales.<\/p><p>Se utiliza en una gran variedad de sectores, como la industria, los servicios\/comercial y la agricultura\/ganader\u00eda.<\/p>\t\t\t\t\t\t\t\t<\/div>\n\t\t\t\t<div class=\"elementor-element elementor-element-1b7a615 elementor-widget elementor-widget-button\" data-id=\"1b7a615\" data-element_type=\"widget\" data-e-type=\"widget\" data-widget_type=\"button.default\">\n\t\t\t\t\t\t\t\t\t\t<a class=\"elementor-button elementor-button-link elementor-size-sm elementor-animation-push\" href=\"https:\/\/evel.it\/wp-content\/uploads\/2024\/01\/Commander-20_-Scheda-tecnica.pdf\" target=\"_blank\">\n\t\t\t\t\t\t<span class=\"elementor-button-content-wrapper\">\n\t\t\t\t\t\t<span class=\"elementor-button-icon\">\n\t\t\t\t<svg aria-hidden=\"true\" class=\"e-font-icon-svg e-far-file-pdf\" viewBox=\"0 0 384 512\" xmlns=\"http:\/\/www.w3.org\/2000\/svg\"><path d=\"M369.9 97.9L286 14C277 5 264.8-.1 252.1-.1H48C21.5 0 0 21.5 0 48v416c0 26.5 21.5 48 48 48h288c26.5 0 48-21.5 48-48V131.9c0-12.7-5.1-25-14.1-34zM332.1 128H256V51.9l76.1 76.1zM48 464V48h160v104c0 13.3 10.7 24 24 24h104v288H48zm250.2-143.7c-12.2-12-47-8.7-64.4-6.5-17.2-10.5-28.7-25-36.8-46.3 3.9-16.1 10.1-40.6 5.4-56-4.2-26.2-37.8-23.6-42.6-5.9-4.4 16.1-.4 38.5 7 67.1-10 23.9-24.9 56-35.4 74.4-20 10.3-47 26.2-51 46.2-3.3 15.8 26 55.2 76.1-31.2 22.4-7.4 46.8-16.5 68.4-20.1 18.9 10.2 41 17 55.8 17 25.5 0 28-28.2 17.5-38.7zm-198.1 77.8c5.1-13.7 24.5-29.5 30.4-35-19 30.3-30.4 35.7-30.4 35zm81.6-190.6c7.4 0 6.7 32.1 1.8 40.8-4.4-13.9-4.3-40.8-1.8-40.8zm-24.4 136.6c9.7-16.9 18-37 24.7-54.7 8.3 15.1 18.9 27.2 30.1 35.5-20.8 4.3-38.9 13.1-54.8 19.2zm131.6-5s-5 6-37.3-7.8c35.1-2.6 40.9 5.4 37.3 7.8z\"><\/path><\/svg>\t\t\t<\/span>\n\t\t\t\t\t\t\t\t\t<span class=\"elementor-button-text\">Ficha t\u00e9cnica del Commander 20<\/span>\n\t\t\t\t\t<\/span>\n\t\t\t\t\t<\/a>\n\t\t\t\t\t\t\t\t<\/div>\n\t\t\t\t<\/div>\n\t\t\t\t<\/div>\n\t\t\t\t\t<\/div>\n\t\t\t\t<\/div>\n\t\t<div class=\"elementor-element elementor-element-333693a e-flex e-con-boxed e-con e-parent\" data-id=\"333693a\" data-element_type=\"container\" data-e-type=\"container\">\n\t\t\t\t\t<div class=\"e-con-inner\">\n\t\t\t\t<div class=\"elementor-element elementor-element-fb8783d elementor-widget elementor-widget-button\" data-id=\"fb8783d\" data-element_type=\"widget\" data-e-type=\"widget\" data-widget_type=\"button.default\">\n\t\t\t\t\t\t\t\t\t\t<a class=\"elementor-button elementor-button-link elementor-size-sm elementor-animation-shrink\" href=\"https:\/\/evel.it\/wp-content\/uploads\/2024\/01\/BrochureGW1000_Commander20_A5_Lo.pdf\" target=\"_blank\">\n\t\t\t\t\t\t<span class=\"elementor-button-content-wrapper\">\n\t\t\t\t\t\t<span class=\"elementor-button-icon\">\n\t\t\t\t<svg aria-hidden=\"true\" class=\"e-font-icon-svg e-fas-download\" viewBox=\"0 0 512 512\" xmlns=\"http:\/\/www.w3.org\/2000\/svg\"><path d=\"M216 0h80c13.3 0 24 10.7 24 24v168h87.7c17.8 0 26.7 21.5 14.1 34.1L269.7 378.3c-7.5 7.5-19.8 7.5-27.3 0L90.1 226.1c-12.6-12.6-3.7-34.1 14.1-34.1H192V24c0-13.3 10.7-24 24-24zm296 376v112c0 13.3-10.7 24-24 24H24c-13.3 0-24-10.7-24-24V376c0-13.3 10.7-24 24-24h146.7l49 49c20.1 20.1 52.5 20.1 72.6 0l49-49H488c13.3 0 24 10.7 24 24zm-124 88c0-11-9-20-20-20s-20 9-20 20 9 20 20 20 20-9 20-20zm64 0c0-11-9-20-20-20s-20 9-20 20 9 20 20 20 20-9 20-20z\"><\/path><\/svg>\t\t\t<\/span>\n\t\t\t\t\t\t\t\t\t<span class=\"elementor-button-text\">Descargar folleto<\/span>\n\t\t\t\t\t<\/span>\n\t\t\t\t\t<\/a>\n\t\t\t\t\t\t\t\t<\/div>\n\t\t\t\t\t<\/div>\n\t\t\t\t<\/div>\n\t\t\t\t<\/div>\n\t\t","protected":false},"excerpt":{"rendered":"<p>Accesorios Con los accesorios de control de ventilaci\u00f3n HVLS, puedes gestionar con comodidad y precisi\u00f3n la ventilaci\u00f3n y el confort de tus habitaciones. Controla los ventiladores a distancia mediante cualquier dispositivo conectado a Internet. Estos accesorios son muy \u00fatiles en cualquier sector: industrial, comercial, agr\u00edcola. GW1000 GW1000 es el nuevo sistema de control de los [&hellip;]<\/p>\n","protected":false},"author":8,"featured_media":0,"parent":5622,"menu_order":0,"comment_status":"closed","ping_status":"closed","template":"","meta":{"footnotes":""},"class_list":["post-5700","page","type-page","status-publish","hentry"],"_links":{"self":[{"href":"https:\/\/evel.it\/es\/wp-json\/wp\/v2\/pages\/5700","targetHints":{"allow":["GET"]}}],"collection":[{"href":"https:\/\/evel.it\/es\/wp-json\/wp\/v2\/pages"}],"about":[{"href":"https:\/\/evel.it\/es\/wp-json\/wp\/v2\/types\/page"}],"author":[{"embeddable":true,"href":"https:\/\/evel.it\/es\/wp-json\/wp\/v2\/users\/8"}],"replies":[{"embeddable":true,"href":"https:\/\/evel.it\/es\/wp-json\/wp\/v2\/comments?post=5700"}],"version-history":[{"count":3,"href":"https:\/\/evel.it\/es\/wp-json\/wp\/v2\/pages\/5700\/revisions"}],"predecessor-version":[{"id":7109,"href":"https:\/\/evel.it\/es\/wp-json\/wp\/v2\/pages\/5700\/revisions\/7109"}],"up":[{"embeddable":true,"href":"https:\/\/evel.it\/es\/wp-json\/wp\/v2\/pages\/5622"}],"wp:attachment":[{"href":"https:\/\/evel.it\/es\/wp-json\/wp\/v2\/media?parent=5700"}],"curies":[{"name":"wp","href":"https:\/\/api.w.org\/{rel}","templated":true}]}}