{"id":5702,"date":"2024-07-01T12:29:37","date_gmt":"2024-07-01T10:29:37","guid":{"rendered":"https:\/\/evel.it\/mdn1600\/"},"modified":"2025-11-24T10:58:02","modified_gmt":"2025-11-24T08:58:02","slug":"mdn1600","status":"publish","type":"page","link":"https:\/\/evel.it\/es\/productos\/ventiladores-portatiles\/mdn1600\/","title":{"rendered":"MDN1600"},"content":{"rendered":"\t\t<div data-elementor-type=\"wp-page\" data-elementor-id=\"5702\" class=\"elementor elementor-5702 elementor-1752\" data-elementor-post-type=\"page\">\n\t\t\t\t<div class=\"elementor-element elementor-element-5afc0e7 e-flex e-con-boxed e-con e-parent\" data-id=\"5afc0e7\" data-element_type=\"container\" data-e-type=\"container\" data-settings=\"{&quot;background_background&quot;:&quot;classic&quot;}\">\n\t\t\t\t\t<div class=\"e-con-inner\">\n\t\t<div class=\"elementor-element elementor-element-2761915 e-grid e-con-full e-con e-child\" data-id=\"2761915\" data-element_type=\"container\" data-e-type=\"container\">\n\t\t\t\t<div class=\"elementor-element elementor-element-f12c036 elementor-widget elementor-widget-heading\" data-id=\"f12c036\" data-element_type=\"widget\" data-e-type=\"widget\" data-widget_type=\"heading.default\">\n\t\t\t\t\t<h1 class=\"elementor-heading-title elementor-size-default\">Mdn1600<\/h1>\t\t\t\t<\/div>\n\t\t\t\t<div class=\"elementor-element elementor-element-72b175f elementor-widget elementor-widget-text-editor\" data-id=\"72b175f\" data-element_type=\"widget\" data-e-type=\"widget\" data-widget_type=\"text-editor.default\">\n\t\t\t\t\t\t\t\t\t<p>El MDN1600 es el ventilador port\u00e1til y maniobrable que permite m\u00faltiples aplicaciones en entornos civiles e industriales.<\/p>\t\t\t\t\t\t\t\t<\/div>\n\t\t\t\t<\/div>\n\t\t\t\t\t<\/div>\n\t\t\t\t<\/div>\n\t\t<div class=\"elementor-element elementor-element-4b42f38 e-flex e-con-boxed e-con e-parent\" data-id=\"4b42f38\" data-element_type=\"container\" data-e-type=\"container\">\n\t\t\t\t\t<div class=\"e-con-inner\">\n\t\t<div class=\"elementor-element elementor-element-00af8c7 e-con-full e-flex e-con e-child\" data-id=\"00af8c7\" data-element_type=\"container\" data-e-type=\"container\">\n\t\t\t\t<div class=\"elementor-element elementor-element-fa204a4 elementor-widget elementor-widget-text-editor\" data-id=\"fa204a4\" data-element_type=\"widget\" data-e-type=\"widget\" data-widget_type=\"text-editor.default\">\n\t\t\t\t\t\t\t\t\t<p>MDN1600, el ventilador port\u00e1til de Evel que combina alto rendimiento y bajo consumo. Gracias a su motor de imanes permanentes con variador incorporado, garantiza un funcionamiento silencioso y la posibilidad de variar el n\u00famero de revoluciones seg\u00fan las necesidades del usuario. Dise\u00f1ado para diferentes aplicaciones en los sectores deportivo, comercial, Ho.Re.Ca, industrial y agr\u00edcola, su uso es flexible gracias a las ruedas que permiten desplazarlo f\u00e1cil y r\u00e1pidamente.  <\/p>\t\t\t\t\t\t\t\t<\/div>\n\t\t\t\t<\/div>\n\t\t\t\t\t<\/div>\n\t\t\t\t<\/div>\n\t\t<div class=\"elementor-element elementor-element-63790cf e-flex e-con-boxed e-con e-parent\" data-id=\"63790cf\" data-element_type=\"container\" data-e-type=\"container\">\n\t\t\t\t\t<div class=\"e-con-inner\">\n\t\t<div class=\"elementor-element elementor-element-c7a34b4 e-con-full e-flex e-con e-child\" data-id=\"c7a34b4\" data-element_type=\"container\" data-e-type=\"container\">\n\t\t\t\t<div class=\"elementor-element elementor-element-8104bad elementor-widget elementor-widget-image\" data-id=\"8104bad\" data-element_type=\"widget\" data-e-type=\"widget\" data-widget_type=\"image.default\">\n\t\t\t\t\t\t\t\t\t\t\t\t<figure class=\"wp-caption\">\n\t\t\t\t\t\t\t\t\t\t\t<a href=\"https:\/\/evel.it\/wp-content\/uploads\/2024\/05\/MDN1600-key-features.jpg\" data-elementor-open-lightbox=\"yes\" data-elementor-lightbox-title=\"MDN1600 key features\" data-e-action-hash=\"#elementor-action%3Aaction%3Dlightbox%26settings%3DeyJpZCI6Njc0NywidXJsIjoiaHR0cHM6XC9cL2V2ZWwuaXRcL3dwLWNvbnRlbnRcL3VwbG9hZHNcLzIwMjRcLzA1XC9NRE4xNjAwLWtleS1mZWF0dXJlcy5qcGcifQ%3D%3D\">\n\t\t\t\t\t\t\t<img fetchpriority=\"high\" decoding=\"async\" width=\"1442\" height=\"375\" src=\"https:\/\/evel.it\/wp-content\/uploads\/2024\/05\/MDN1600-key-features.jpg\" class=\"attachment-full size-full wp-image-6747\" alt=\"MDN1600 key features\" srcset=\"https:\/\/evel.it\/wp-content\/uploads\/2024\/05\/MDN1600-key-features.jpg 1442w, https:\/\/evel.it\/wp-content\/uploads\/2024\/05\/MDN1600-key-features-300x78.jpg 300w, https:\/\/evel.it\/wp-content\/uploads\/2024\/05\/MDN1600-key-features-1024x266.jpg 1024w, https:\/\/evel.it\/wp-content\/uploads\/2024\/05\/MDN1600-key-features-768x200.jpg 768w\" sizes=\"(max-width: 1442px) 100vw, 1442px\" \/>\t\t\t\t\t\t\t\t<\/a>\n\t\t\t\t\t\t\t\t\t\t\t<figcaption class=\"widget-image-caption wp-caption-text\"><\/figcaption>\n\t\t\t\t\t\t\t\t\t\t<\/figure>\n\t\t\t\t\t\t\t\t\t<\/div>\n\t\t\t\t<\/div>\n\t\t\t\t\t<\/div>\n\t\t\t\t<\/div>\n\t\t<div class=\"elementor-element elementor-element-5ae299b e-flex e-con-boxed e-con e-parent\" data-id=\"5ae299b\" data-element_type=\"container\" data-e-type=\"container\">\n\t\t\t\t\t<div class=\"e-con-inner\">\n\t\t\t\t<div class=\"elementor-element elementor-element-70863c1 elementor-align-center elementor-widget elementor-widget-button\" data-id=\"70863c1\" data-element_type=\"widget\" data-e-type=\"widget\" data-widget_type=\"button.default\">\n\t\t\t\t\t\t\t\t\t\t<a class=\"elementor-button elementor-button-link elementor-size-sm elementor-animation-push\" href=\"https:\/\/evel.it\/wp-content\/uploads\/2024\/06\/MDN1600_SchedaTecnica_Lo.pdf\" target=\"_blank\">\n\t\t\t\t\t\t<span class=\"elementor-button-content-wrapper\">\n\t\t\t\t\t\t<span class=\"elementor-button-icon\">\n\t\t\t\t<svg aria-hidden=\"true\" class=\"e-font-icon-svg e-far-file-pdf\" viewBox=\"0 0 384 512\" xmlns=\"http:\/\/www.w3.org\/2000\/svg\"><path d=\"M369.9 97.9L286 14C277 5 264.8-.1 252.1-.1H48C21.5 0 0 21.5 0 48v416c0 26.5 21.5 48 48 48h288c26.5 0 48-21.5 48-48V131.9c0-12.7-5.1-25-14.1-34zM332.1 128H256V51.9l76.1 76.1zM48 464V48h160v104c0 13.3 10.7 24 24 24h104v288H48zm250.2-143.7c-12.2-12-47-8.7-64.4-6.5-17.2-10.5-28.7-25-36.8-46.3 3.9-16.1 10.1-40.6 5.4-56-4.2-26.2-37.8-23.6-42.6-5.9-4.4 16.1-.4 38.5 7 67.1-10 23.9-24.9 56-35.4 74.4-20 10.3-47 26.2-51 46.2-3.3 15.8 26 55.2 76.1-31.2 22.4-7.4 46.8-16.5 68.4-20.1 18.9 10.2 41 17 55.8 17 25.5 0 28-28.2 17.5-38.7zm-198.1 77.8c5.1-13.7 24.5-29.5 30.4-35-19 30.3-30.4 35.7-30.4 35zm81.6-190.6c7.4 0 6.7 32.1 1.8 40.8-4.4-13.9-4.3-40.8-1.8-40.8zm-24.4 136.6c9.7-16.9 18-37 24.7-54.7 8.3 15.1 18.9 27.2 30.1 35.5-20.8 4.3-38.9 13.1-54.8 19.2zm131.6-5s-5 6-37.3-7.8c35.1-2.6 40.9 5.4 37.3 7.8z\"><\/path><\/svg>\t\t\t<\/span>\n\t\t\t\t\t\t\t\t\t<span class=\"elementor-button-text\">Ficha t\u00e9cnica MDN1600<\/span>\n\t\t\t\t\t<\/span>\n\t\t\t\t\t<\/a>\n\t\t\t\t\t\t\t\t<\/div>\n\t\t\t\t\t<\/div>\n\t\t\t\t<\/div>\n\t\t<div class=\"elementor-element elementor-element-3ecbeec e-grid e-con-full e-con e-parent\" data-id=\"3ecbeec\" data-element_type=\"container\" data-e-type=\"container\">\n\t\t<div class=\"elementor-element elementor-element-2cf9037 e-con-full e-flex e-con e-child\" data-id=\"2cf9037\" data-element_type=\"container\" data-e-type=\"container\" data-settings=\"{&quot;background_background&quot;:&quot;classic&quot;}\">\n\t\t\t\t<\/div>\n\t\t<div class=\"elementor-element elementor-element-5dbedc5 e-con-full e-flex e-con e-child\" data-id=\"5dbedc5\" data-element_type=\"container\" data-e-type=\"container\" data-settings=\"{&quot;background_background&quot;:&quot;classic&quot;}\">\n\t\t\t\t<\/div>\n\t\t<div class=\"elementor-element elementor-element-d277a32 e-con-full e-flex e-con e-child\" data-id=\"d277a32\" data-element_type=\"container\" data-e-type=\"container\" data-settings=\"{&quot;background_background&quot;:&quot;classic&quot;}\">\n\t\t\t\t<\/div>\n\t\t\t\t<\/div>\n\t\t\t\t<\/div>\n\t\t","protected":false},"excerpt":{"rendered":"<p>Mdn1600 El MDN1600 es el ventilador port\u00e1til y maniobrable que permite m\u00faltiples aplicaciones en entornos civiles e industriales. MDN1600, el ventilador port\u00e1til de Evel que combina alto rendimiento y bajo consumo. Gracias a su motor de imanes permanentes con variador incorporado, garantiza un funcionamiento silencioso y la posibilidad de variar el n\u00famero de revoluciones seg\u00fan [&hellip;]<\/p>\n","protected":false},"author":8,"featured_media":0,"parent":5733,"menu_order":0,"comment_status":"closed","ping_status":"closed","template":"","meta":{"footnotes":""},"class_list":["post-5702","page","type-page","status-publish","hentry"],"_links":{"self":[{"href":"https:\/\/evel.it\/es\/wp-json\/wp\/v2\/pages\/5702","targetHints":{"allow":["GET"]}}],"collection":[{"href":"https:\/\/evel.it\/es\/wp-json\/wp\/v2\/pages"}],"about":[{"href":"https:\/\/evel.it\/es\/wp-json\/wp\/v2\/types\/page"}],"author":[{"embeddable":true,"href":"https:\/\/evel.it\/es\/wp-json\/wp\/v2\/users\/8"}],"replies":[{"embeddable":true,"href":"https:\/\/evel.it\/es\/wp-json\/wp\/v2\/comments?post=5702"}],"version-history":[{"count":5,"href":"https:\/\/evel.it\/es\/wp-json\/wp\/v2\/pages\/5702\/revisions"}],"predecessor-version":[{"id":7097,"href":"https:\/\/evel.it\/es\/wp-json\/wp\/v2\/pages\/5702\/revisions\/7097"}],"up":[{"embeddable":true,"href":"https:\/\/evel.it\/es\/wp-json\/wp\/v2\/pages\/5733"}],"wp:attachment":[{"href":"https:\/\/evel.it\/es\/wp-json\/wp\/v2\/media?parent=5702"}],"curies":[{"name":"wp","href":"https:\/\/api.w.org\/{rel}","templated":true}]}}