{"id":5723,"date":"2022-10-30T18:13:38","date_gmt":"2022-10-30T16:13:38","guid":{"rendered":"https:\/\/evel.it\/historia-clinica\/"},"modified":"2025-12-05T17:02:18","modified_gmt":"2025-12-05T15:02:18","slug":"caso-de-exito","status":"publish","type":"page","link":"https:\/\/evel.it\/es\/caso-de-exito\/","title":{"rendered":"Caso de \u00e9xito"},"content":{"rendered":"\t\t<div data-elementor-type=\"wp-page\" data-elementor-id=\"5723\" class=\"elementor elementor-5723 elementor-852\" data-elementor-post-type=\"page\">\n\t\t\t\t<div class=\"elementor-element elementor-element-fc420b6 e-flex e-con-boxed e-con e-parent\" data-id=\"fc420b6\" data-element_type=\"container\" data-e-type=\"container\" data-settings=\"{&quot;background_background&quot;:&quot;classic&quot;}\">\n\t\t\t\t\t<div class=\"e-con-inner\">\n\t\t<div class=\"elementor-element elementor-element-5b9d883 e-con-full e-flex e-con e-child\" data-id=\"5b9d883\" data-element_type=\"container\" data-e-type=\"container\">\n\t\t\t\t<div class=\"elementor-element elementor-element-64e3e72 elementor-widget elementor-widget-heading\" data-id=\"64e3e72\" data-element_type=\"widget\" data-e-type=\"widget\" data-widget_type=\"heading.default\">\n\t\t\t\t\t<h1 class=\"elementor-heading-title elementor-size-default\">Caso de \u00e9xito<\/h1>\t\t\t\t<\/div>\n\t\t\t\t<\/div>\n\t\t\t\t\t<\/div>\n\t\t\t\t<\/div>\n\t\t<div class=\"elementor-element elementor-element-746c193b e-flex e-con-boxed e-con e-parent\" data-id=\"746c193b\" data-element_type=\"container\" data-e-type=\"container\" data-settings=\"{&quot;background_background&quot;:&quot;classic&quot;}\">\n\t\t\t\t\t<div class=\"e-con-inner\">\n\t\t<div class=\"elementor-element elementor-element-3ce4819 e-con-full e-flex e-con e-child\" data-id=\"3ce4819\" data-element_type=\"container\" data-e-type=\"container\">\n\t\t<div class=\"elementor-element elementor-element-3013519 e-con-full e-flex e-con e-child\" data-id=\"3013519\" data-element_type=\"container\" data-e-type=\"container\">\n\t\t\t\t<div class=\"elementor-element elementor-element-416756e elementor-widget elementor-widget-heading\" data-id=\"416756e\" data-element_type=\"widget\" data-e-type=\"widget\" data-widget_type=\"heading.default\">\n\t\t\t\t\t<h2 class=\"elementor-heading-title elementor-size-default\">Centro de exposiciones de Parma<\/h2>\t\t\t\t<\/div>\n\t\t\t\t<div class=\"elementor-element elementor-element-cfb8d4b elementor-widget elementor-widget-text-editor\" data-id=\"cfb8d4b\" data-element_type=\"widget\" data-e-type=\"widget\" data-widget_type=\"text-editor.default\">\n\t\t\t\t\t\t\t\t\t<p><strong>Ambiente: <\/strong>Centro de Congresos de 8.000 m2<\/p><p><strong>Problema: <\/strong>Temperatura interna en invierno demasiado baja y alto consumo de energ\u00eda. La temperatura m\u00e1xima alcanzaba los 18\u00b0, con frecuentes paradas del sistema por sobrecalentamiento. <\/p><p><strong>Soluci\u00f3n propuesta: <\/strong>HVLS n\u00ba 6 WZ 7000 HP Negro a medida, instalado a 13 metros del suelo.<\/p><p><strong>Objetivos alcanzados: <\/strong>Temperatura m\u00e1xima alcanzada tras la instalaci\u00f3n del HVLS 23\u00b0ca. 5000 \u20ac de ahorro energ\u00e9tico en calefacci\u00f3n &gt; A\u00f1o 2018 vs A\u00f1o 2017* (*c\u00e1lculo basado en la facturaci\u00f3n real del consumo) <\/p>\t\t\t\t\t\t\t\t<\/div>\n\t\t\t\t<div class=\"elementor-element elementor-element-ad1e7c7 elementor-widget elementor-widget-heading\" data-id=\"ad1e7c7\" data-element_type=\"widget\" data-e-type=\"widget\" data-widget_type=\"heading.default\">\n\t\t\t\t\t<h2 class=\"elementor-heading-title elementor-size-default\">Filotea<\/h2>\t\t\t\t<\/div>\n\t\t\t\t<div class=\"elementor-element elementor-element-286c5ae elementor-widget elementor-widget-text-editor\" data-id=\"286c5ae\" data-element_type=\"widget\" data-e-type=\"widget\" data-widget_type=\"text-editor.default\">\n\t\t\t\t\t\t\t\t\t<p><strong>Entorno: <\/strong>F\u00e1brica artesanal de pasta de 500 m2<\/p><p><strong>Problema: <\/strong>Temperatura interna demasiado alta debido al calor creado por las mezcladoras industriales. Los operarios se encontrar\u00e1n trabajando en un entorno con temperaturas excesivamente altas, sobre todo en verano. <\/p><p><strong>Soluci\u00f3n propuesta: <\/strong>N\u00b01 WF 4000 HVLS instalado a 4,5 metros del suelo en la zona de trabajo.<\/p><p><strong>Objetivos alcanzados: <\/strong>Temperatura percibida 7\u00b0 inferior a la real, mejora de la humedad y ahorro energ\u00e9tico estimado en torno al 30% en julio de 2019 respecto a julio de 2018. Amortizaci\u00f3n de la inversi\u00f3n 11 meses aprox. <\/p>\t\t\t\t\t\t\t\t<\/div>\n\t\t\t\t<div class=\"elementor-element elementor-element-c7f164a elementor-widget elementor-widget-heading\" data-id=\"c7f164a\" data-element_type=\"widget\" data-e-type=\"widget\" data-widget_type=\"heading.default\">\n\t\t\t\t\t<h2 class=\"elementor-heading-title elementor-size-default\">Scavolini<\/h2>\t\t\t\t<\/div>\n\t\t\t\t<div class=\"elementor-element elementor-element-a5ce567 elementor-widget elementor-widget-text-editor\" data-id=\"a5ce567\" data-element_type=\"widget\" data-e-type=\"widget\" data-widget_type=\"text-editor.default\">\n\t\t\t\t\t\t\t\t\t<p><strong>Entorno: <\/strong>9000 m2 de la planta de un fabricante de cocinas.<\/p><p><strong>Problema: <\/strong>Temperaturas internas elevadas con picos m\u00e1s altos en la zona del horno. Los operarios trabajan en entornos con temperaturas excesivamente altas, sobre todo en verano. <\/p><p><strong>Soluci\u00f3n propuesta: <\/strong>N\u00ba 13 WZ 5000 HVLS instalado a 4,7 metros del suelo.<\/p><p><strong>Objetivos alcanzados: <\/strong>Temperatura percibida 7\u00b0 inferior a la real, mejora de las condiciones de trabajo de los operarios. Ahorro de energ\u00eda en invierno: 30% 2018 respecto a 2017* (*c\u00e1lculo basado en la facturaci\u00f3n del consumo real) <\/p>\t\t\t\t\t\t\t\t<\/div>\n\t\t\t\t<div class=\"elementor-element elementor-element-e446c37 elementor-widget elementor-widget-heading\" data-id=\"e446c37\" data-element_type=\"widget\" data-e-type=\"widget\" data-widget_type=\"heading.default\">\n\t\t\t\t\t<h2 class=\"elementor-heading-title elementor-size-default\">Elica<\/h2>\t\t\t\t<\/div>\n\t\t\t\t<div class=\"elementor-element elementor-element-9125958 elementor-widget elementor-widget-text-editor\" data-id=\"9125958\" data-element_type=\"widget\" data-e-type=\"widget\" data-widget_type=\"text-editor.default\">\n\t\t\t\t\t\t\t\t\t<p><strong>Entorno: <\/strong>2000 m2 de parte de la planta de un fabricante de electrodom\u00e9sticos.<\/p><p><strong>Problema: <\/strong>Temperatura interior demasiado alta en verano, problemas para calentar la zona de montaje afectada en invierno. Los operarios trabajan en condiciones de calor extremo en verano, mientras que en invierno es dif\u00edcil conseguir una temperatura confortable para ellos. <\/p><p><strong>Soluci\u00f3n propuesta: <\/strong>N\u00ba 4 WZ 5000 HVLS instalados a 5,6 metros del suelo.<\/p><p><strong>Objetivos alcanzados: <\/strong>En verano, con una temperatura percibida 7\u00b0 inferior a la real, el HVLS funciona en combinaci\u00f3n con el Techo Enfriador Evel para mezclar aire fresco en verano como alternativa a un sistema cl\u00e1sico de aire acondicionado. Ahorro energ\u00e9tico 2019 frente a 2018: aprox. 27%* (*c\u00e1lculo basado en la facturaci\u00f3n del consumo real) <\/p>\t\t\t\t\t\t\t\t<\/div>\n\t\t\t\t<div class=\"elementor-element elementor-element-3b5302a elementor-widget elementor-widget-heading\" data-id=\"3b5302a\" data-element_type=\"widget\" data-e-type=\"widget\" data-widget_type=\"heading.default\">\n\t\t\t\t\t<h2 class=\"elementor-heading-title elementor-size-default\">Coricelli<\/h2>\t\t\t\t<\/div>\n\t\t\t\t<div class=\"elementor-element elementor-element-40147e7 elementor-widget elementor-widget-text-editor\" data-id=\"40147e7\" data-element_type=\"widget\" data-e-type=\"widget\" data-widget_type=\"text-editor.default\">\n\t\t\t\t\t\t\t\t\t<p><strong>Entorno: <\/strong>Planta de producci\u00f3n de envasado y transformaci\u00f3n de aceite de oliva.<\/p><p><strong>Problema: <\/strong>Temperatura interna excesivamente alta debido al mecanizado. Los operarios trabajan en condiciones de calor extremo, que aumenta en las zonas de trabajo sin ventanas. Elevado nivel de interrupciones del trabajo debido al calor extremo, especialmente en verano.  <\/p><p><strong>Soluci\u00f3n propuesta: <\/strong>N\u00ba 9 WF 5000 y N\u00ba 4 WA 1400 HVLS instalados a 4 metros del suelo.<\/p><p><strong>Objetivos alcanzados: <\/strong>Temperatura percibida de 7\u00b0 por encima de la temperatura real, reducci\u00f3n de las interrupciones del trabajo y mejora del nivel de humedad. Zonas sin ventanas ahora ventiladas gracias al t\u00fanel de ventilaci\u00f3n generado por nuestros ventiladores axiales. <\/p>\t\t\t\t\t\t\t\t<\/div>\n\t\t\t\t<\/div>\n\t\t\t\t<\/div>\n\t\t\t\t\t<\/div>\n\t\t\t\t<\/div>\n\t\t<div class=\"elementor-element elementor-element-167e242 e-con-full e-flex e-con e-parent\" data-id=\"167e242\" data-element_type=\"container\" data-e-type=\"container\">\n\t\t<div class=\"elementor-element elementor-element-2e90a82 e-con-full e-flex e-con e-child\" data-id=\"2e90a82\" data-element_type=\"container\" data-e-type=\"container\" data-settings=\"{&quot;background_background&quot;:&quot;classic&quot;}\">\n\t\t\t\t<div class=\"elementor-element elementor-element-db8c34a elementor-widget elementor-widget-heading\" data-id=\"db8c34a\" data-element_type=\"widget\" data-e-type=\"widget\" data-widget_type=\"heading.default\">\n\t\t\t\t\t<h2 class=\"elementor-heading-title elementor-size-default\">Nuestros clientes<\/h2>\t\t\t\t<\/div>\n\t\t\t\t<\/div>\n\t\t<div class=\"elementor-element elementor-element-a444d53 e-con-full e-flex e-con e-child\" data-id=\"a444d53\" data-element_type=\"container\" data-e-type=\"container\" data-settings=\"{&quot;background_background&quot;:&quot;classic&quot;}\">\n\t\t\t\t<\/div>\n\t\t\t\t<\/div>\n\t\t\t\t<\/div>\n\t\t","protected":false},"excerpt":{"rendered":"<p>Caso de \u00e9xito Centro de exposiciones de Parma Ambiente: Centro de Congresos de 8.000 m2 Problema: Temperatura interna en invierno demasiado baja y alto consumo de energ\u00eda. La temperatura m\u00e1xima alcanzaba los 18\u00b0, con frecuentes paradas del sistema por sobrecalentamiento. Soluci\u00f3n propuesta: HVLS n\u00ba 6 WZ 7000 HP Negro a medida, instalado a 13 metros [&hellip;]<\/p>\n","protected":false},"author":8,"featured_media":0,"parent":0,"menu_order":0,"comment_status":"closed","ping_status":"closed","template":"","meta":{"footnotes":""},"class_list":["post-5723","page","type-page","status-publish","hentry"],"_links":{"self":[{"href":"https:\/\/evel.it\/es\/wp-json\/wp\/v2\/pages\/5723","targetHints":{"allow":["GET"]}}],"collection":[{"href":"https:\/\/evel.it\/es\/wp-json\/wp\/v2\/pages"}],"about":[{"href":"https:\/\/evel.it\/es\/wp-json\/wp\/v2\/types\/page"}],"author":[{"embeddable":true,"href":"https:\/\/evel.it\/es\/wp-json\/wp\/v2\/users\/8"}],"replies":[{"embeddable":true,"href":"https:\/\/evel.it\/es\/wp-json\/wp\/v2\/comments?post=5723"}],"version-history":[{"count":5,"href":"https:\/\/evel.it\/es\/wp-json\/wp\/v2\/pages\/5723\/revisions"}],"predecessor-version":[{"id":7293,"href":"https:\/\/evel.it\/es\/wp-json\/wp\/v2\/pages\/5723\/revisions\/7293"}],"wp:attachment":[{"href":"https:\/\/evel.it\/es\/wp-json\/wp\/v2\/media?parent=5723"}],"curies":[{"name":"wp","href":"https:\/\/api.w.org\/{rel}","templated":true}]}}