{"id":7345,"date":"2026-02-04T09:42:34","date_gmt":"2026-02-04T07:42:34","guid":{"rendered":"https:\/\/evel.it\/?page_id=7345"},"modified":"2026-04-09T07:52:12","modified_gmt":"2026-04-09T05:52:12","slug":"establos","status":"publish","type":"page","link":"https:\/\/evel.it\/es\/aplicaciones\/zootecnia\/establos\/","title":{"rendered":"Establos"},"content":{"rendered":"\t\t<div data-elementor-type=\"wp-page\" data-elementor-id=\"7345\" class=\"elementor elementor-7345 elementor-7342\" data-elementor-post-type=\"page\">\n\t\t\t\t<div class=\"elementor-element elementor-element-7aabdf3 e-flex e-con-boxed e-con e-parent\" data-id=\"7aabdf3\" data-element_type=\"container\" data-e-type=\"container\" data-settings=\"{&quot;background_background&quot;:&quot;classic&quot;}\">\n\t\t\t\t\t<div class=\"e-con-inner\">\n\t\t<div class=\"elementor-element elementor-element-93ab289 e-con-full e-flex e-con e-child\" data-id=\"93ab289\" data-element_type=\"container\" data-e-type=\"container\">\n\t\t\t\t<div class=\"elementor-element elementor-element-c5f81af elementor-widget elementor-widget-heading\" data-id=\"c5f81af\" data-element_type=\"widget\" data-e-type=\"widget\" data-widget_type=\"heading.default\">\n\t\t\t\t\t<h1 class=\"elementor-heading-title elementor-size-default\">Ventilaci\u00f3n para establos<\/h1>\t\t\t\t<\/div>\n\t\t\t\t<div class=\"elementor-element elementor-element-973b208 elementor-widget elementor-widget-heading\" data-id=\"973b208\" data-element_type=\"widget\" data-e-type=\"widget\" data-widget_type=\"heading.default\">\n\t\t\t\t\t<h2 class=\"elementor-heading-title elementor-size-default\">Soluciones para el bienestar y la productividad de los bovinos<\/h2>\t\t\t\t<\/div>\n\t\t\t\t<\/div>\n\t\t\t\t\t<\/div>\n\t\t\t\t<\/div>\n\t\t<div class=\"elementor-element elementor-element-9477eff e-flex e-con-boxed e-con e-parent\" data-id=\"9477eff\" data-element_type=\"container\" data-e-type=\"container\">\n\t\t\t\t\t<div class=\"e-con-inner\">\n\t\t<div class=\"elementor-element elementor-element-82575a4 e-flex e-con-boxed e-con e-child\" data-id=\"82575a4\" data-element_type=\"container\" data-e-type=\"container\">\n\t\t\t\t\t<div class=\"e-con-inner\">\n\t\t<div class=\"elementor-element elementor-element-7deed3d e-con-full e-flex e-con e-child\" data-id=\"7deed3d\" data-element_type=\"container\" data-e-type=\"container\">\n\t\t\t\t<div class=\"elementor-element elementor-element-2bff961 elementor-widget elementor-widget-text-editor\" data-id=\"2bff961\" data-element_type=\"widget\" data-e-type=\"widget\" data-widget_type=\"text-editor.default\">\n\t\t\t\t\t\t\t\t\t<p>Garantizar un microclima \u00f3ptimo en el establo es esencial para la salud y el rendimiento productivo del ganado. Con los ventiladores HVLS y axiales de Evel, puedes conseguir un ambiente confortable durante todo el a\u00f1o, reduciendo los costes energ\u00e9ticos y mejorando el bienestar de los animales. <\/p><p><img fetchpriority=\"high\" decoding=\"async\" class=\"alignnone wp-image-31 size-full\" src=\"https:\/\/evel.it\/wp-content\/uploads\/revslider\/steelwork-home\/slide-home-evel-3.jpg\" alt=\"Ventilaci\u00f3n de establos para el bienestar animal\" width=\"1920\" height=\"1100\" srcset=\"https:\/\/evel.it\/wp-content\/uploads\/revslider\/steelwork-home\/slide-home-evel-3.jpg 1920w, https:\/\/evel.it\/wp-content\/uploads\/revslider\/steelwork-home\/slide-home-evel-3-300x172.jpg 300w, https:\/\/evel.it\/wp-content\/uploads\/revslider\/steelwork-home\/slide-home-evel-3-768x440.jpg 768w, https:\/\/evel.it\/wp-content\/uploads\/revslider\/steelwork-home\/slide-home-evel-3-1024x587.jpg 1024w\" sizes=\"(max-width: 1920px) 100vw, 1920px\" \/><\/p><h3 data-start=\"443\" data-end=\"524\">Bienestar animal y productividad: c\u00f3mo la ventilaci\u00f3n puede marcar la diferencia<\/h3><p>En las naves ganaderas, especialmente las dedicadas a las vacas lecheras, la ventilaci\u00f3n suele ser el factor que separa un entorno productivo y saludable de otro en el que el calor, la humedad y el aire viciado pueden <strong>comprometer la salud del ganado y la calidad de la producci\u00f3n.<\/strong> Una ventilaci\u00f3n insuficiente significa m\u00e1s riesgo de estr\u00e9s t\u00e9rmico, enfermedades respiratorias, humedad en la cama y disminuci\u00f3n de la producci\u00f3n de leche, con repercusiones negativas tambi\u00e9n en el bienestar de los operarios. <\/p><h3 data-start=\"942\" data-end=\"1002\">La soluci\u00f3n Evel: HVLS y ventiladores axiales para establos<\/h3><p>Los ventiladores axiales HVLS (Alto Volumen Baja Velocidad) y Evel est\u00e1n dise\u00f1ados para garantizar un intercambio de aire continuo y uniforme en el establo. Estos sistemas son ideales para establos de vacuno y lechero, porque al mover grandes vol\u00famenes de aire mejoran el confort t\u00e9rmico, reducen la humedad y ayudan a mantener seca la cama, todo ello con un consumo m\u00ednimo. Nuestros ventiladores para establos son f\u00e1ciles de instalar, silenciosos, fiables y tambi\u00e9n se pueden controlar a distancia.  <\/p>\t\t\t\t\t\t\t\t<\/div>\n\t\t\t\t<\/div>\n\t\t\t\t\t<\/div>\n\t\t\t\t<\/div>\n\t\t\t\t\t<\/div>\n\t\t\t\t<\/div>\n\t\t<div class=\"elementor-element elementor-element-da4756d e-grid e-con-boxed e-con e-parent\" data-id=\"da4756d\" data-element_type=\"container\" data-e-type=\"container\">\n\t\t\t\t\t<div class=\"e-con-inner\">\n\t\t<div class=\"elementor-element elementor-element-e175b0d e-con-full e-flex e-con e-child\" data-id=\"e175b0d\" data-element_type=\"container\" data-e-type=\"container\" data-settings=\"{&quot;background_background&quot;:&quot;classic&quot;}\">\n\t\t\t\t<div class=\"elementor-element elementor-element-b8bbae1 elementor-widget elementor-widget-heading\" data-id=\"b8bbae1\" data-element_type=\"widget\" data-e-type=\"widget\" data-widget_type=\"heading.default\">\n\t\t\t\t\t<h2 class=\"elementor-heading-title elementor-size-default\"><a href=\"https:\/\/evel.it\/es\/productos\/ventiladores-hvls\/\">Ventiladores HVLS<\/a><\/h2>\t\t\t\t<\/div>\n\t\t\t\t<\/div>\n\t\t<div class=\"elementor-element elementor-element-94d8af6 e-con-full e-flex e-con e-child\" data-id=\"94d8af6\" data-element_type=\"container\" data-e-type=\"container\" data-settings=\"{&quot;background_background&quot;:&quot;classic&quot;}\">\n\t\t\t\t<div class=\"elementor-element elementor-element-df6764b elementor-widget elementor-widget-heading\" data-id=\"df6764b\" data-element_type=\"widget\" data-e-type=\"widget\" data-widget_type=\"heading.default\">\n\t\t\t\t\t<h2 class=\"elementor-heading-title elementor-size-default\"><a href=\"https:\/\/evel.it\/es\/productos\/ventiladores-axiales\/\">Ventiladores axiales<\/a><\/h2>\t\t\t\t<\/div>\n\t\t\t\t<\/div>\n\t\t\t\t\t<\/div>\n\t\t\t\t<\/div>\n\t\t<div class=\"elementor-element elementor-element-8fc12f0 e-flex e-con-boxed e-con e-parent\" data-id=\"8fc12f0\" data-element_type=\"container\" data-e-type=\"container\">\n\t\t\t\t\t<div class=\"e-con-inner\">\n\t\t\t\t<div class=\"elementor-element elementor-element-5ba530a elementor-widget elementor-widget-text-editor\" data-id=\"5ba530a\" data-element_type=\"widget\" data-e-type=\"widget\" data-widget_type=\"text-editor.default\">\n\t\t\t\t\t\t\t\t\t<h3 data-start=\"1477\" data-end=\"1514\">Beneficios para los animales y los criadores<\/h3><ul data-start=\"1516\" data-end=\"1809\"><li data-start=\"1516\" data-end=\"1584\"><p data-start=\"1518\" data-end=\"1584\">Reducci\u00f3n del estr\u00e9s t\u00e9rmico y aumento de la producci\u00f3n de leche<\/p><\/li><li data-start=\"1585\" data-end=\"1651\"><p data-start=\"1587\" data-end=\"1651\">Mejora de la salud respiratoria y general de los animales<\/p><\/li><li data-start=\"1652\" data-end=\"1708\"><p data-start=\"1654\" data-end=\"1708\">Yacija m\u00e1s seca, menor proliferaci\u00f3n de pat\u00f3genos<\/p><\/li><li data-start=\"1709\" data-end=\"1759\"><p data-start=\"1711\" data-end=\"1759\">Ahorro de energ\u00eda en comparaci\u00f3n con otras soluciones<\/p><\/li><li data-start=\"1760\" data-end=\"1809\"><p data-start=\"1762\" data-end=\"1809\">Mayor comodidad tambi\u00e9n para los trabajadores del establo<\/p><\/li><\/ul><p data-start=\"1004\" data-end=\"1475\"> <\/p>\t\t\t\t\t\t\t\t<\/div>\n\t\t\t\t\t<\/div>\n\t\t\t\t<\/div>\n\t\t<div class=\"elementor-element elementor-element-137fcf3 e-flex e-con-boxed e-con e-parent\" data-id=\"137fcf3\" data-element_type=\"container\" data-e-type=\"container\">\n\t\t\t\t\t<div class=\"e-con-inner\">\n\t\t\t\t<div class=\"elementor-element elementor-element-a7b25e6 elementor-widget elementor-widget-heading\" data-id=\"a7b25e6\" data-element_type=\"widget\" data-e-type=\"widget\" data-widget_type=\"heading.default\">\n\t\t\t\t\t<h2 class=\"elementor-heading-title elementor-size-default\">Solicita una soluci\u00f3n de ventilaci\u00f3n para tu establo<\/h2>\t\t\t\t<\/div>\n\t\t\t\t<div class=\"elementor-element elementor-element-650facf elementor-widget elementor-widget-text-editor\" data-id=\"650facf\" data-element_type=\"widget\" data-e-type=\"widget\" data-widget_type=\"text-editor.default\">\n\t\t\t\t\t\t\t\t\t<p data-start=\"465\" data-end=\"635\">Analizamos el tama\u00f1o, el n\u00famero de animales y las criticidades estacionales para encontrar la soluci\u00f3n m\u00e1s eficaz para mejorar el microclima y la productividad.<\/p>\t\t\t\t\t\t\t\t<\/div>\n\t\t\t\t<div class=\"elementor-element elementor-element-801e438 elementor-widget__width-auto elementor-widget elementor-widget-wpforms\" data-id=\"801e438\" data-element_type=\"widget\" data-e-type=\"widget\" data-widget_type=\"wpforms.default\">\n\t\t\t\t<div class=\"elementor-widget-container\">\n\t\t\t\t\t<style id=\"wpforms-css-vars-elementor-widget-801e438\">\n\t\t\t\t.elementor-widget-wpforms.elementor-element-801e438 {\n\t\t\t\t--wpforms-button-background-color: #96C456;\n\t\t\t}\n\t\t\t<\/style><div class=\"wpforms-container wpforms-container-full wpforms-render-modern\" id=\"wpforms-7691\"><form id=\"wpforms-form-7691\" class=\"wpforms-validate wpforms-form wpforms-ajax-form\" data-formid=\"7691\" method=\"post\" enctype=\"multipart\/form-data\" action=\"\/es\/wp-json\/wp\/v2\/pages\/7345\" data-token=\"1eefdc141b4ee91d5a29fa8669befe8f\" data-token-time=\"1776975253\"><noscript class=\"wpforms-error-noscript\">Por favor, activa JavaScript en tu navegador para completar este formulario.<\/noscript><div id=\"wpforms-error-noscript\" style=\"display: none;\">Por favor, activa JavaScript en tu navegador para completar este formulario.<\/div><div class=\"wpforms-field-container\">\t\t<div id=\"wpforms-7691-field_4-container\"\n\t\t\tclass=\"wpforms-field wpforms-field-text\"\n\t\t\tdata-field-type=\"text\"\n\t\t\tdata-field-id=\"4\"\n\t\t\t>\n\t\t\t<label class=\"wpforms-field-label\" for=\"wpforms-7691-field_4\" >un Env\u00eda Tel\u00e9fono<\/label>\n\t\t\t<input type=\"text\" id=\"wpforms-7691-field_4\" class=\"wpforms-field-medium\" name=\"wpforms[fields][4]\" >\n\t\t<\/div>\n\t\t<div id=\"wpforms-7691-field_7-container\" class=\"wpforms-field wpforms-field-layout\" data-field-id=\"7\"><div class=\"wpforms-field-layout-rows wpforms-field-large\"><div class=\"wpforms-layout-row\"><div class=\"wpforms-layout-column wpforms-layout-column-50\"><div id=\"wpforms-7691-field_2-container\" class=\"wpforms-field wpforms-field-name\" data-field-id=\"2\"><label class=\"wpforms-field-label\" for=\"wpforms-7691-field_2\">Nombre <span class=\"wpforms-required-label\" aria-hidden=\"true\">*<\/span><\/label><input type=\"text\" id=\"wpforms-7691-field_2\" class=\"wpforms-field-medium wpforms-field-required\" name=\"wpforms[fields][2]\" aria-errormessage=\"wpforms-7691-field_2-error\" aria-describedby=\"wpforms-7691-field_2-description\" required><div id=\"wpforms-7691-field_2-description\" class=\"wpforms-field-description\">Nombre y apellidos<\/div><\/div><\/div><div class=\"wpforms-layout-column wpforms-layout-column-50\"><div id=\"wpforms-7691-field_1-container\" class=\"wpforms-field wpforms-field-text\" data-field-id=\"1\"><label class=\"wpforms-field-label\" for=\"wpforms-7691-field_1\">Empresa <span class=\"wpforms-required-label\" aria-hidden=\"true\">*<\/span><\/label><input type=\"text\" id=\"wpforms-7691-field_1\" class=\"wpforms-field-medium wpforms-field-required\" name=\"wpforms[fields][1]\" aria-errormessage=\"wpforms-7691-field_1-error\" aria-describedby=\"wpforms-7691-field_1-description\" required><div id=\"wpforms-7691-field_1-description\" class=\"wpforms-field-description\">Nombre de la empresa<\/div><\/div><\/div><\/div><div class=\"wpforms-layout-row\"><div class=\"wpforms-layout-column wpforms-layout-column-50\"><div id=\"wpforms-7691-field_5-container\" class=\"wpforms-field wpforms-field-email\" data-field-id=\"5\"><label class=\"wpforms-field-label\" for=\"wpforms-7691-field_5\">Env\u00eda un correo electr\u00f3nico a <span class=\"wpforms-required-label\" aria-hidden=\"true\">*<\/span><\/label><input type=\"email\" id=\"wpforms-7691-field_5\" class=\"wpforms-field-medium wpforms-field-required\" name=\"wpforms[fields][5]\" spellcheck=\"false\" aria-errormessage=\"wpforms-7691-field_5-error\" required><\/div><\/div><div class=\"wpforms-layout-column wpforms-layout-column-50\"><div id=\"wpforms-7691-field_6-container\" class=\"wpforms-field wpforms-field-phone\" data-field-id=\"6\"><label class=\"wpforms-field-label\" for=\"wpforms-7691-field_6\">Tel\u00e9fono <span class=\"wpforms-required-label\" aria-hidden=\"true\">*<\/span><\/label><input type=\"tel\" id=\"wpforms-7691-field_6\" class=\"wpforms-field-medium wpforms-field-required wpforms-smart-phone-field\" data-rule-smart-phone-field=\"true\" name=\"wpforms[fields][6]\" aria-label=\"Tel\u00e9fono\" aria-errormessage=\"wpforms-7691-field_6-error\" required><\/div><\/div><\/div><\/div><\/div><div id=\"wpforms-7691-field_3-container\" class=\"wpforms-field wpforms-field-textarea\" data-field-id=\"3\"><label class=\"wpforms-field-label\" for=\"wpforms-7691-field_3\">Solicita <span class=\"wpforms-required-label\" aria-hidden=\"true\">*<\/span><\/label><textarea id=\"wpforms-7691-field_3\" class=\"wpforms-field-medium wpforms-field-required\" name=\"wpforms[fields][3]\" aria-errormessage=\"wpforms-7691-field_3-error\" required><\/textarea><\/div><div id=\"wpforms-7691-field_10-container\" class=\"wpforms-field wpforms-field-content\" data-field-id=\"10\"><div id=\"wpforms-7691-field_10\" class=\"wpforms-field-medium wpforms-field-row\" aria-errormessage=\"wpforms-7691-field_10-error\"><p>Respondemos en 24 horas.<\/p>\n<div class=\"wpforms-field-content-display-frontend-clear\"><\/div><\/div><\/div><script>\n\t\t\t\t( function() {\n\t\t\t\t\tconst style = document.createElement( 'style' );\n\t\t\t\t\tstyle.appendChild( document.createTextNode( '#wpforms-7691-field_4-container { position: absolute !important; overflow: hidden !important; display: inline !important; height: 1px !important; width: 1px !important; z-index: -1000 !important; padding: 0 !important; } #wpforms-7691-field_4-container input { visibility: hidden; } #wpforms-conversational-form-page #wpforms-7691-field_4-container label { counter-increment: none; }' ) );\n\t\t\t\t\tdocument.head.appendChild( style );\n\t\t\t\t\tdocument.currentScript?.remove();\n\t\t\t\t} )();\n\t\t\t<\/script><\/div><!-- .wpforms-field-container --><div class=\"wpforms-recaptcha-container wpforms-is-recaptcha wpforms-is-recaptcha-type-invisible\" ><div class=\"g-recaptcha\" data-sitekey=\"6LfVz-cqAAAAALcg8UziUILSZyvpyIdH5yCZMGsR\" data-size=\"invisible\"><\/div><\/div><div class=\"wpforms-submit-container\" ><input type=\"hidden\" name=\"wpforms[id]\" value=\"7691\"><input type=\"hidden\" name=\"page_title\" value=\"\"><input type=\"hidden\" name=\"page_url\" value=\"https:\/\/evel.it\/es\/wp-json\/wp\/v2\/pages\/7345\"><input type=\"hidden\" name=\"url_referer\" value=\"\"><button type=\"submit\" name=\"wpforms[submit]\" id=\"wpforms-submit-7691\" class=\"wpforms-submit\" data-alt-text=\"Enviando...\" data-submit-text=\"Pide un presupuesto\" aria-live=\"assertive\" value=\"wpforms-submit\">Pide un presupuesto<\/button><img decoding=\"async\" src=\"https:\/\/evel.it\/wp-content\/plugins\/wpforms\/assets\/images\/submit-spin.svg\" class=\"wpforms-submit-spinner\" style=\"display: none;\" width=\"26\" height=\"26\" alt=\"Cargando\"><\/div><\/form><\/div>  <!-- .wpforms-container -->\t\t\t\t<\/div>\n\t\t\t\t<\/div>\n\t\t\t\t<div class=\"elementor-element elementor-element-1118621 elementor-widget elementor-widget-text-editor\" data-id=\"1118621\" data-element_type=\"widget\" data-e-type=\"widget\" data-widget_type=\"text-editor.default\">\n\t\t\t\t\t\t\t\t\t<p data-start=\"2611\" data-end=\"2677\">Nos pondremos en contacto contigo para evaluar juntos la soluci\u00f3n m\u00e1s adecuada para tus instalaciones.<\/p>\t\t\t\t\t\t\t\t<\/div>\n\t\t\t\t\t<\/div>\n\t\t\t\t<\/div>\n\t\t\t\t<\/div>\n\t\t","protected":false},"excerpt":{"rendered":"<p>Ventilaci\u00f3n para establos Soluciones para el bienestar y la productividad de los bovinos Garantizar un microclima \u00f3ptimo en el establo es esencial para la salud y el rendimiento productivo del ganado. Con los ventiladores HVLS y axiales de Evel, puedes conseguir un ambiente confortable durante todo el a\u00f1o, reduciendo los costes energ\u00e9ticos y mejorando el [&hellip;]<\/p>\n","protected":false},"author":6,"featured_media":0,"parent":5589,"menu_order":0,"comment_status":"closed","ping_status":"closed","template":"","meta":{"footnotes":""},"class_list":["post-7345","page","type-page","status-publish","hentry"],"_links":{"self":[{"href":"https:\/\/evel.it\/es\/wp-json\/wp\/v2\/pages\/7345","targetHints":{"allow":["GET"]}}],"collection":[{"href":"https:\/\/evel.it\/es\/wp-json\/wp\/v2\/pages"}],"about":[{"href":"https:\/\/evel.it\/es\/wp-json\/wp\/v2\/types\/page"}],"author":[{"embeddable":true,"href":"https:\/\/evel.it\/es\/wp-json\/wp\/v2\/users\/6"}],"replies":[{"embeddable":true,"href":"https:\/\/evel.it\/es\/wp-json\/wp\/v2\/comments?post=7345"}],"version-history":[{"count":11,"href":"https:\/\/evel.it\/es\/wp-json\/wp\/v2\/pages\/7345\/revisions"}],"predecessor-version":[{"id":8122,"href":"https:\/\/evel.it\/es\/wp-json\/wp\/v2\/pages\/7345\/revisions\/8122"}],"up":[{"embeddable":true,"href":"https:\/\/evel.it\/es\/wp-json\/wp\/v2\/pages\/5589"}],"wp:attachment":[{"href":"https:\/\/evel.it\/es\/wp-json\/wp\/v2\/media?parent=7345"}],"curies":[{"name":"wp","href":"https:\/\/api.w.org\/{rel}","templated":true}]}}