{"id":7423,"date":"2026-02-04T16:56:53","date_gmt":"2026-02-04T14:56:53","guid":{"rendered":"https:\/\/evel.it\/?page_id=7423"},"modified":"2026-04-09T07:52:13","modified_gmt":"2026-04-09T05:52:13","slug":"gallineros","status":"publish","type":"page","link":"https:\/\/evel.it\/es\/aplicaciones\/zootecnia\/gallineros\/","title":{"rendered":"Gallineros"},"content":{"rendered":"\t\t<div data-elementor-type=\"wp-page\" data-elementor-id=\"7423\" class=\"elementor elementor-7423 elementor-7420\" data-elementor-post-type=\"page\">\n\t\t\t\t<div class=\"elementor-element elementor-element-7aabdf3 e-flex e-con-boxed e-con e-parent\" data-id=\"7aabdf3\" data-element_type=\"container\" data-e-type=\"container\" data-settings=\"{&quot;background_background&quot;:&quot;classic&quot;}\">\n\t\t\t\t\t<div class=\"e-con-inner\">\n\t\t<div class=\"elementor-element elementor-element-93ab289 e-con-full e-flex e-con e-child\" data-id=\"93ab289\" data-element_type=\"container\" data-e-type=\"container\">\n\t\t\t\t<div class=\"elementor-element elementor-element-c5f81af elementor-widget elementor-widget-heading\" data-id=\"c5f81af\" data-element_type=\"widget\" data-e-type=\"widget\" data-widget_type=\"heading.default\">\n\t\t\t\t\t<h1 class=\"elementor-heading-title elementor-size-default\">Ventilaci\u00f3n para naves av\u00edcolas<\/h1>\t\t\t\t<\/div>\n\t\t\t\t<div class=\"elementor-element elementor-element-973b208 elementor-widget elementor-widget-heading\" data-id=\"973b208\" data-element_type=\"widget\" data-e-type=\"widget\" data-widget_type=\"heading.default\">\n\t\t\t\t\t<h2 class=\"elementor-heading-title elementor-size-default\">Bienestar y productividad en avicultura<\/h2>\t\t\t\t<\/div>\n\t\t\t\t<\/div>\n\t\t\t\t\t<\/div>\n\t\t\t\t<\/div>\n\t\t<div class=\"elementor-element elementor-element-9477eff e-flex e-con-boxed e-con e-parent\" data-id=\"9477eff\" data-element_type=\"container\" data-e-type=\"container\">\n\t\t\t\t\t<div class=\"e-con-inner\">\n\t\t<div class=\"elementor-element elementor-element-82575a4 e-flex e-con-boxed e-con e-child\" data-id=\"82575a4\" data-element_type=\"container\" data-e-type=\"container\">\n\t\t\t\t\t<div class=\"e-con-inner\">\n\t\t<div class=\"elementor-element elementor-element-7deed3d e-con-full e-flex e-con e-child\" data-id=\"7deed3d\" data-element_type=\"container\" data-e-type=\"container\">\n\t\t\t\t<div class=\"elementor-element elementor-element-2bff961 elementor-widget elementor-widget-text-editor\" data-id=\"2bff961\" data-element_type=\"widget\" data-e-type=\"widget\" data-widget_type=\"text-editor.default\">\n\t\t\t\t\t\t\t\t\t<p>La ventilaci\u00f3n es un elemento esencial para mantener las naves av\u00edcolas sanas y productivas. Los ventiladores HVLS y axiales de Evel est\u00e1n dise\u00f1ados para crear un microclima ideal en las granjas av\u00edcolas, reduciendo el estr\u00e9s de los animales y mejorando las condiciones de crecimiento. <\/p><p><img fetchpriority=\"high\" decoding=\"async\" class=\"alignnone wp-image-7440 size-full\" src=\"https:\/\/evel.it\/wp-content\/uploads\/2026\/02\/pollaio-scaled.jpg\" alt=\"Ventilaci\u00f3n para granjas de gallinas\" width=\"2560\" height=\"1707\" srcset=\"https:\/\/evel.it\/wp-content\/uploads\/2026\/02\/pollaio-scaled.jpg 2560w, https:\/\/evel.it\/wp-content\/uploads\/2026\/02\/pollaio-300x200.jpg 300w, https:\/\/evel.it\/wp-content\/uploads\/2026\/02\/pollaio-1024x683.jpg 1024w, https:\/\/evel.it\/wp-content\/uploads\/2026\/02\/pollaio-768x512.jpg 768w, https:\/\/evel.it\/wp-content\/uploads\/2026\/02\/pollaio-1536x1024.jpg 1536w, https:\/\/evel.it\/wp-content\/uploads\/2026\/02\/pollaio-2048x1365.jpg 2048w\" sizes=\"(max-width: 2560px) 100vw, 2560px\" \/><\/p><h3 data-start=\"443\" data-end=\"524\">Siempre aire fresco, menos amon\u00edaco y mejor rendimiento: el papel de la ventilaci\u00f3n en las naves av\u00edcolas<\/h3><p>En las granjas de pollos y gallinas, la mala calidad del aire conduce r\u00e1pidamente a la acumulaci\u00f3n de amon\u00edaco, alta humedad, malos olores y propagaci\u00f3n de pat\u00f3genos. Un microclima mal controlado aumenta el estr\u00e9s de los animales, ralentiza el crecimiento y afecta negativamente a la calidad de los huevos y la carne. <\/p><h3 data-start=\"919\" data-end=\"979\">La soluci\u00f3n Evel: HVLS y ventiladores axiales para naves av\u00edcolas<\/h3><p>Los ventiladores HVLS y axiales de Evel garantizan una circulaci\u00f3n de aire continua y uniforme dentro de las naves av\u00edcolas. Al mover grandes vol\u00famenes de aire a baja velocidad, favorecen el intercambio constante de aire y la eliminaci\u00f3n del amon\u00edaco y el exceso de humedad. El resultado es un entorno m\u00e1s sano, con una temperatura uniforme y un clima ideal para el crecimiento de los pollos y el bienestar de las gallinas ponedoras. Todo ello con un consumo energ\u00e9tico m\u00ednimo y sin crear corrientes de aire desagradables para los animales.   <\/p>\t\t\t\t\t\t\t\t<\/div>\n\t\t\t\t<\/div>\n\t\t\t\t\t<\/div>\n\t\t\t\t<\/div>\n\t\t\t\t\t<\/div>\n\t\t\t\t<\/div>\n\t\t<div class=\"elementor-element elementor-element-da4756d e-grid e-con-boxed e-con e-parent\" data-id=\"da4756d\" data-element_type=\"container\" data-e-type=\"container\">\n\t\t\t\t\t<div class=\"e-con-inner\">\n\t\t<div class=\"elementor-element elementor-element-e175b0d e-con-full e-flex e-con e-child\" data-id=\"e175b0d\" data-element_type=\"container\" data-e-type=\"container\" data-settings=\"{&quot;background_background&quot;:&quot;classic&quot;}\">\n\t\t\t\t<div class=\"elementor-element elementor-element-b8bbae1 elementor-widget elementor-widget-heading\" data-id=\"b8bbae1\" data-element_type=\"widget\" data-e-type=\"widget\" data-widget_type=\"heading.default\">\n\t\t\t\t\t<h2 class=\"elementor-heading-title elementor-size-default\"><a href=\"https:\/\/evel.it\/es\/productos\/ventiladores-hvls\/\">Ventiladores HVLS<\/a><\/h2>\t\t\t\t<\/div>\n\t\t\t\t<\/div>\n\t\t<div class=\"elementor-element elementor-element-94d8af6 e-con-full e-flex e-con e-child\" data-id=\"94d8af6\" data-element_type=\"container\" data-e-type=\"container\" data-settings=\"{&quot;background_background&quot;:&quot;classic&quot;}\">\n\t\t\t\t<div class=\"elementor-element elementor-element-df6764b elementor-widget elementor-widget-heading\" data-id=\"df6764b\" data-element_type=\"widget\" data-e-type=\"widget\" data-widget_type=\"heading.default\">\n\t\t\t\t\t<h2 class=\"elementor-heading-title elementor-size-default\"><a href=\"https:\/\/evel.it\/es\/productos\/ventiladores-axiales\/\">Ventiladores axiales<\/a><\/h2>\t\t\t\t<\/div>\n\t\t\t\t<\/div>\n\t\t\t\t\t<\/div>\n\t\t\t\t<\/div>\n\t\t<div class=\"elementor-element elementor-element-8fc12f0 e-flex e-con-boxed e-con e-parent\" data-id=\"8fc12f0\" data-element_type=\"container\" data-e-type=\"container\">\n\t\t\t\t\t<div class=\"e-con-inner\">\n\t\t\t\t<div class=\"elementor-element elementor-element-5ba530a elementor-widget elementor-widget-text-editor\" data-id=\"5ba530a\" data-element_type=\"widget\" data-e-type=\"widget\" data-widget_type=\"text-editor.default\">\n\t\t\t\t\t\t\t\t\t<h3 data-start=\"1494\" data-end=\"1531\">Beneficios para los agricultores y los animales<\/h3><ul data-start=\"1533\" data-end=\"1893\"><li data-start=\"1533\" data-end=\"1585\"><p data-start=\"1535\" data-end=\"1585\">Reducci\u00f3n de los niveles de amon\u00edaco y de los malos olores<\/p><\/li><li data-start=\"1586\" data-end=\"1660\"><p data-start=\"1588\" data-end=\"1660\">Reducci\u00f3n de la humedad y prevenci\u00f3n del moho y las enfermedades respiratorias<\/p><\/li><li data-start=\"1661\" data-end=\"1721\"><p data-start=\"1663\" data-end=\"1721\">Mejorar el bienestar y el crecimiento de los animales<\/p><\/li><li data-start=\"1722\" data-end=\"1771\"><p data-start=\"1724\" data-end=\"1771\">Producci\u00f3n de huevos y carne de calidad superior<\/p><\/li><li data-start=\"1772\" data-end=\"1827\"><p data-start=\"1774\" data-end=\"1827\">Un entorno m\u00e1s habitable tambi\u00e9n para los trabajadores av\u00edcolas<\/p><\/li><li data-start=\"1828\" data-end=\"1893\"><p data-start=\"1830\" data-end=\"1893\">Ahorro energ\u00e9tico gracias a la eficiencia de los ventiladores Evel<\/p><\/li><\/ul>\t\t\t\t\t\t\t\t<\/div>\n\t\t\t\t\t<\/div>\n\t\t\t\t<\/div>\n\t\t<div class=\"elementor-element elementor-element-cf41c6f e-flex e-con-boxed e-con e-parent\" data-id=\"cf41c6f\" data-element_type=\"container\" data-e-type=\"container\">\n\t\t\t\t\t<div class=\"e-con-inner\">\n\t\t\t\t<div class=\"elementor-element elementor-element-481ffd0 elementor-widget elementor-widget-heading\" data-id=\"481ffd0\" data-element_type=\"widget\" data-e-type=\"widget\" data-widget_type=\"heading.default\">\n\t\t\t\t\t<h2 class=\"elementor-heading-title elementor-size-default\">Solicita una soluci\u00f3n de ventilaci\u00f3n para tu granja av\u00edcola<\/h2>\t\t\t\t<\/div>\n\t\t\t\t<div class=\"elementor-element elementor-element-96fee2c elementor-widget elementor-widget-text-editor\" data-id=\"96fee2c\" data-element_type=\"widget\" data-e-type=\"widget\" data-widget_type=\"text-editor.default\">\n\t\t\t\t\t\t\t\t\t<p>La temperatura, la humedad y la calidad del aire son cruciales para el crecimiento y la salud de los animales. Describe tus instalaciones para recibir una propuesta a medida. <\/p>\t\t\t\t\t\t\t\t<\/div>\n\t\t\t\t<div class=\"elementor-element elementor-element-7f1a8c5 elementor-widget__width-auto elementor-widget elementor-widget-wpforms\" data-id=\"7f1a8c5\" data-element_type=\"widget\" data-e-type=\"widget\" data-widget_type=\"wpforms.default\">\n\t\t\t\t<div class=\"elementor-widget-container\">\n\t\t\t\t\t<style id=\"wpforms-css-vars-elementor-widget-7f1a8c5\">\n\t\t\t\t.elementor-widget-wpforms.elementor-element-7f1a8c5 {\n\t\t\t\t--wpforms-button-background-color: #96C456;\n\t\t\t}\n\t\t\t<\/style><div class=\"wpforms-container wpforms-container-full wpforms-render-modern\" id=\"wpforms-7691\"><form id=\"wpforms-form-7691\" class=\"wpforms-validate wpforms-form wpforms-ajax-form\" data-formid=\"7691\" method=\"post\" enctype=\"multipart\/form-data\" action=\"\/es\/wp-json\/wp\/v2\/pages\/7423\" data-token=\"1eefdc141b4ee91d5a29fa8669befe8f\" data-token-time=\"1776976322\"><noscript class=\"wpforms-error-noscript\">Por favor, activa JavaScript en tu navegador para completar este formulario.<\/noscript><div id=\"wpforms-error-noscript\" style=\"display: none;\">Por favor, activa JavaScript en tu navegador para completar este formulario.<\/div><div class=\"wpforms-field-container\"><div id=\"wpforms-7691-field_7-container\" class=\"wpforms-field wpforms-field-layout\" data-field-id=\"7\"><div class=\"wpforms-field-layout-rows wpforms-field-large\"><div class=\"wpforms-layout-row\"><div class=\"wpforms-layout-column wpforms-layout-column-50\"><div id=\"wpforms-7691-field_2-container\" class=\"wpforms-field wpforms-field-name\" data-field-id=\"2\"><label class=\"wpforms-field-label\" for=\"wpforms-7691-field_2\">Nombre <span class=\"wpforms-required-label\" aria-hidden=\"true\">*<\/span><\/label><input type=\"text\" id=\"wpforms-7691-field_2\" class=\"wpforms-field-medium wpforms-field-required\" name=\"wpforms[fields][2]\" aria-errormessage=\"wpforms-7691-field_2-error\" aria-describedby=\"wpforms-7691-field_2-description\" required><div id=\"wpforms-7691-field_2-description\" class=\"wpforms-field-description\">Nombre y apellidos<\/div><\/div><\/div><div class=\"wpforms-layout-column wpforms-layout-column-50\"><div id=\"wpforms-7691-field_1-container\" class=\"wpforms-field wpforms-field-text\" data-field-id=\"1\"><label class=\"wpforms-field-label\" for=\"wpforms-7691-field_1\">Empresa <span class=\"wpforms-required-label\" aria-hidden=\"true\">*<\/span><\/label><input type=\"text\" id=\"wpforms-7691-field_1\" class=\"wpforms-field-medium wpforms-field-required\" name=\"wpforms[fields][1]\" aria-errormessage=\"wpforms-7691-field_1-error\" aria-describedby=\"wpforms-7691-field_1-description\" required><div id=\"wpforms-7691-field_1-description\" class=\"wpforms-field-description\">Nombre de la empresa<\/div><\/div><\/div><\/div><div class=\"wpforms-layout-row\"><div class=\"wpforms-layout-column wpforms-layout-column-50\"><div id=\"wpforms-7691-field_5-container\" class=\"wpforms-field wpforms-field-email\" data-field-id=\"5\"><label class=\"wpforms-field-label\" for=\"wpforms-7691-field_5\">Env\u00eda un correo electr\u00f3nico a <span class=\"wpforms-required-label\" aria-hidden=\"true\">*<\/span><\/label><input type=\"email\" id=\"wpforms-7691-field_5\" class=\"wpforms-field-medium wpforms-field-required\" name=\"wpforms[fields][5]\" spellcheck=\"false\" aria-errormessage=\"wpforms-7691-field_5-error\" required><\/div><\/div><div class=\"wpforms-layout-column wpforms-layout-column-50\"><div id=\"wpforms-7691-field_6-container\" class=\"wpforms-field wpforms-field-phone\" data-field-id=\"6\"><label class=\"wpforms-field-label\" for=\"wpforms-7691-field_6\">Tel\u00e9fono <span class=\"wpforms-required-label\" aria-hidden=\"true\">*<\/span><\/label><input type=\"tel\" id=\"wpforms-7691-field_6\" class=\"wpforms-field-medium wpforms-field-required wpforms-smart-phone-field\" data-rule-smart-phone-field=\"true\" name=\"wpforms[fields][6]\" aria-label=\"Tel\u00e9fono\" aria-errormessage=\"wpforms-7691-field_6-error\" required><\/div><\/div><\/div><\/div><\/div><div id=\"wpforms-7691-field_3-container\" class=\"wpforms-field wpforms-field-textarea\" data-field-id=\"3\"><label class=\"wpforms-field-label\" for=\"wpforms-7691-field_3\">Solicita <span class=\"wpforms-required-label\" aria-hidden=\"true\">*<\/span><\/label><textarea id=\"wpforms-7691-field_3\" class=\"wpforms-field-medium wpforms-field-required\" name=\"wpforms[fields][3]\" aria-errormessage=\"wpforms-7691-field_3-error\" required><\/textarea><\/div>\t\t<div id=\"wpforms-7691-field_4-container\"\n\t\t\tclass=\"wpforms-field wpforms-field-text\"\n\t\t\tdata-field-type=\"text\"\n\t\t\tdata-field-id=\"4\"\n\t\t\t>\n\t\t\t<label class=\"wpforms-field-label\" for=\"wpforms-7691-field_4\" >correo Solicita Disposici\u00f3n<\/label>\n\t\t\t<input type=\"text\" id=\"wpforms-7691-field_4\" class=\"wpforms-field-medium\" name=\"wpforms[fields][4]\" >\n\t\t<\/div>\n\t\t<div id=\"wpforms-7691-field_10-container\" class=\"wpforms-field wpforms-field-content\" data-field-id=\"10\"><div id=\"wpforms-7691-field_10\" class=\"wpforms-field-medium wpforms-field-row\" aria-errormessage=\"wpforms-7691-field_10-error\"><p>Respondemos en 24 horas.<\/p>\n<div class=\"wpforms-field-content-display-frontend-clear\"><\/div><\/div><\/div><script>\n\t\t\t\t( function() {\n\t\t\t\t\tconst style = document.createElement( 'style' );\n\t\t\t\t\tstyle.appendChild( document.createTextNode( '#wpforms-7691-field_4-container { position: absolute !important; overflow: hidden !important; display: inline !important; height: 1px !important; width: 1px !important; z-index: -1000 !important; padding: 0 !important; } #wpforms-7691-field_4-container input { visibility: hidden; } #wpforms-conversational-form-page #wpforms-7691-field_4-container label { counter-increment: none; }' ) );\n\t\t\t\t\tdocument.head.appendChild( style );\n\t\t\t\t\tdocument.currentScript?.remove();\n\t\t\t\t} )();\n\t\t\t<\/script><\/div><!-- .wpforms-field-container --><div class=\"wpforms-recaptcha-container wpforms-is-recaptcha wpforms-is-recaptcha-type-invisible\" ><div class=\"g-recaptcha\" data-sitekey=\"6LfVz-cqAAAAALcg8UziUILSZyvpyIdH5yCZMGsR\" data-size=\"invisible\"><\/div><\/div><div class=\"wpforms-submit-container\" ><input type=\"hidden\" name=\"wpforms[id]\" value=\"7691\"><input type=\"hidden\" name=\"page_title\" value=\"\"><input type=\"hidden\" name=\"page_url\" value=\"https:\/\/evel.it\/es\/wp-json\/wp\/v2\/pages\/7423\"><input type=\"hidden\" name=\"url_referer\" value=\"\"><button type=\"submit\" name=\"wpforms[submit]\" id=\"wpforms-submit-7691\" class=\"wpforms-submit\" data-alt-text=\"Enviando...\" data-submit-text=\"Pide un presupuesto\" aria-live=\"assertive\" value=\"wpforms-submit\">Pide un presupuesto<\/button><img decoding=\"async\" src=\"https:\/\/evel.it\/wp-content\/plugins\/wpforms\/assets\/images\/submit-spin.svg\" class=\"wpforms-submit-spinner\" style=\"display: none;\" width=\"26\" height=\"26\" alt=\"Cargando\"><\/div><\/form><\/div>  <!-- .wpforms-container -->\t\t\t\t<\/div>\n\t\t\t\t<\/div>\n\t\t\t\t<div class=\"elementor-element elementor-element-e4fb1a0 elementor-widget elementor-widget-text-editor\" data-id=\"e4fb1a0\" data-element_type=\"widget\" data-e-type=\"widget\" data-widget_type=\"text-editor.default\">\n\t\t\t\t\t\t\t\t\t<p data-start=\"2611\" data-end=\"2677\">Nos pondremos en contacto contigo para evaluar juntos la soluci\u00f3n m\u00e1s adecuada para tus instalaciones.<\/p>\t\t\t\t\t\t\t\t<\/div>\n\t\t\t\t\t<\/div>\n\t\t\t\t<\/div>\n\t\t\t\t<\/div>\n\t\t","protected":false},"excerpt":{"rendered":"<p>Ventilaci\u00f3n para naves av\u00edcolas Bienestar y productividad en avicultura La ventilaci\u00f3n es un elemento esencial para mantener las naves av\u00edcolas sanas y productivas. Los ventiladores HVLS y axiales de Evel est\u00e1n dise\u00f1ados para crear un microclima ideal en las granjas av\u00edcolas, reduciendo el estr\u00e9s de los animales y mejorando las condiciones de crecimiento. Siempre aire [&hellip;]<\/p>\n","protected":false},"author":6,"featured_media":0,"parent":5589,"menu_order":0,"comment_status":"closed","ping_status":"closed","template":"","meta":{"footnotes":""},"class_list":["post-7423","page","type-page","status-publish","hentry"],"_links":{"self":[{"href":"https:\/\/evel.it\/es\/wp-json\/wp\/v2\/pages\/7423","targetHints":{"allow":["GET"]}}],"collection":[{"href":"https:\/\/evel.it\/es\/wp-json\/wp\/v2\/pages"}],"about":[{"href":"https:\/\/evel.it\/es\/wp-json\/wp\/v2\/types\/page"}],"author":[{"embeddable":true,"href":"https:\/\/evel.it\/es\/wp-json\/wp\/v2\/users\/6"}],"replies":[{"embeddable":true,"href":"https:\/\/evel.it\/es\/wp-json\/wp\/v2\/comments?post=7423"}],"version-history":[{"count":7,"href":"https:\/\/evel.it\/es\/wp-json\/wp\/v2\/pages\/7423\/revisions"}],"predecessor-version":[{"id":8125,"href":"https:\/\/evel.it\/es\/wp-json\/wp\/v2\/pages\/7423\/revisions\/8125"}],"up":[{"embeddable":true,"href":"https:\/\/evel.it\/es\/wp-json\/wp\/v2\/pages\/5589"}],"wp:attachment":[{"href":"https:\/\/evel.it\/es\/wp-json\/wp\/v2\/media?parent=7423"}],"curies":[{"name":"wp","href":"https:\/\/api.w.org\/{rel}","templated":true}]}}