{"id":7432,"date":"2026-02-04T16:54:44","date_gmt":"2026-02-04T14:54:44","guid":{"rendered":"https:\/\/evel.it\/?page_id=7432"},"modified":"2026-04-09T07:52:14","modified_gmt":"2026-04-09T05:52:14","slug":"pocilgas","status":"publish","type":"page","link":"https:\/\/evel.it\/es\/aplicaciones\/zootecnia\/pocilgas\/","title":{"rendered":"Porcili"},"content":{"rendered":"\t\t<div data-elementor-type=\"wp-page\" data-elementor-id=\"7432\" class=\"elementor elementor-7432 elementor-7429\" data-elementor-post-type=\"page\">\n\t\t\t\t<div class=\"elementor-element elementor-element-7aabdf3 e-flex e-con-boxed e-con e-parent\" data-id=\"7aabdf3\" data-element_type=\"container\" data-e-type=\"container\" data-settings=\"{&quot;background_background&quot;:&quot;classic&quot;}\">\n\t\t\t\t\t<div class=\"e-con-inner\">\n\t\t<div class=\"elementor-element elementor-element-93ab289 e-con-full e-flex e-con e-child\" data-id=\"93ab289\" data-element_type=\"container\" data-e-type=\"container\">\n\t\t\t\t<div class=\"elementor-element elementor-element-c5f81af elementor-widget elementor-widget-heading\" data-id=\"c5f81af\" data-element_type=\"widget\" data-e-type=\"widget\" data-widget_type=\"heading.default\">\n\t\t\t\t\t<h1 class=\"elementor-heading-title elementor-size-default\">Ventilaci\u00f3n para pocilgas<\/h1>\t\t\t\t<\/div>\n\t\t\t\t<div class=\"elementor-element elementor-element-973b208 elementor-widget elementor-widget-heading\" data-id=\"973b208\" data-element_type=\"widget\" data-e-type=\"widget\" data-widget_type=\"heading.default\">\n\t\t\t\t\t<h2 class=\"elementor-heading-title elementor-size-default\">Aire sano y bienestar para el sector porcino<\/h2>\t\t\t\t<\/div>\n\t\t\t\t<\/div>\n\t\t\t\t\t<\/div>\n\t\t\t\t<\/div>\n\t\t<div class=\"elementor-element elementor-element-9477eff e-flex e-con-boxed e-con e-parent\" data-id=\"9477eff\" data-element_type=\"container\" data-e-type=\"container\">\n\t\t\t\t\t<div class=\"e-con-inner\">\n\t\t<div class=\"elementor-element elementor-element-82575a4 e-flex e-con-boxed e-con e-child\" data-id=\"82575a4\" data-element_type=\"container\" data-e-type=\"container\">\n\t\t\t\t\t<div class=\"e-con-inner\">\n\t\t<div class=\"elementor-element elementor-element-7deed3d e-con-full e-flex e-con e-child\" data-id=\"7deed3d\" data-element_type=\"container\" data-e-type=\"container\">\n\t\t\t\t<div class=\"elementor-element elementor-element-2bff961 elementor-widget elementor-widget-text-editor\" data-id=\"2bff961\" data-element_type=\"widget\" data-e-type=\"widget\" data-widget_type=\"text-editor.default\">\n\t\t\t\t\t\t\t\t\t<p>El intercambio eficaz de aire es esencial en las naves porcinas para garantizar la salud y el crecimiento \u00f3ptimos de los cerdos. Los ventiladores HVLS y axiales de Evel son la soluci\u00f3n ideal para crear un entorno m\u00e1s sano, seguro y productivo con un bajo consumo de energ\u00eda. <\/p><p><img fetchpriority=\"high\" decoding=\"async\" class=\"alignnone wp-image-7441 size-full\" src=\"https:\/\/evel.it\/wp-content\/uploads\/2026\/02\/porcile-scaled.jpg\" alt=\"Ventilaci\u00f3n para granjas porcinas\" width=\"2560\" height=\"1702\" srcset=\"https:\/\/evel.it\/wp-content\/uploads\/2026\/02\/porcile-scaled.jpg 2560w, https:\/\/evel.it\/wp-content\/uploads\/2026\/02\/porcile-300x199.jpg 300w, https:\/\/evel.it\/wp-content\/uploads\/2026\/02\/porcile-1024x681.jpg 1024w, https:\/\/evel.it\/wp-content\/uploads\/2026\/02\/porcile-768x511.jpg 768w, https:\/\/evel.it\/wp-content\/uploads\/2026\/02\/porcile-1536x1021.jpg 1536w, https:\/\/evel.it\/wp-content\/uploads\/2026\/02\/porcile-2048x1362.jpg 2048w\" sizes=\"(max-width: 2560px) 100vw, 2560px\" \/><\/p><h3 data-start=\"493\" data-end=\"589\">Confort, productividad y calidad del aire: c\u00f3mo la ventilaci\u00f3n marca la diferencia en las explotaciones porcinas<\/h3><p data-start=\"591\" data-end=\"995\">En las explotaciones porcinas modernas, la calidad del aire afecta directamente al bienestar, el crecimiento y la productividad de los animales. Una ventilaci\u00f3n insuficiente provoca la acumulaci\u00f3n de gases como el amon\u00edaco y el di\u00f3xido de carbono, el aumento de la humedad y la proliferaci\u00f3n de pat\u00f3genos, causando trastornos respiratorios, retraso del crecimiento y riesgos para la salud tanto de los animales como de los operarios. <\/p><h3 data-start=\"997\" data-end=\"1071\">La soluci\u00f3n Evel: HVLS y ventiladores axiales para el sector porcino<\/h3><p data-start=\"1073\" data-end=\"1619\">Los ventiladores HVLS y axiales de Evel est\u00e1n dise\u00f1ados para garantizar un intercambio de aire constante y uniforme en todas las zonas de la pocilga. Estos sistemas ayudan a diluir los gases nocivos, reducen la humedad y mantienen la yacija m\u00e1s seca, evitando la formaci\u00f3n de moho y olores desagradables. Con su gran volumen de movimiento de aire y su bajo consumo de energ\u00eda, los ventiladores Evel mejoran la habitabilidad del espacio, contribuyen al bienestar de los cerdos y ayudan a mantener el crecimiento y la productividad de tu piara.  <\/p>\t\t\t\t\t\t\t\t<\/div>\n\t\t\t\t<\/div>\n\t\t\t\t\t<\/div>\n\t\t\t\t<\/div>\n\t\t\t\t\t<\/div>\n\t\t\t\t<\/div>\n\t\t<div class=\"elementor-element elementor-element-da4756d e-grid e-con-boxed e-con e-parent\" data-id=\"da4756d\" data-element_type=\"container\" data-e-type=\"container\">\n\t\t\t\t\t<div class=\"e-con-inner\">\n\t\t<div class=\"elementor-element elementor-element-e175b0d e-con-full e-flex e-con e-child\" data-id=\"e175b0d\" data-element_type=\"container\" data-e-type=\"container\" data-settings=\"{&quot;background_background&quot;:&quot;classic&quot;}\">\n\t\t\t\t<div class=\"elementor-element elementor-element-b8bbae1 elementor-widget elementor-widget-heading\" data-id=\"b8bbae1\" data-element_type=\"widget\" data-e-type=\"widget\" data-widget_type=\"heading.default\">\n\t\t\t\t\t<h2 class=\"elementor-heading-title elementor-size-default\"><a href=\"https:\/\/evel.it\/es\/productos\/ventiladores-hvls\/\">Ventiladores HVLS<\/a><\/h2>\t\t\t\t<\/div>\n\t\t\t\t<\/div>\n\t\t<div class=\"elementor-element elementor-element-94d8af6 e-con-full e-flex e-con e-child\" data-id=\"94d8af6\" data-element_type=\"container\" data-e-type=\"container\" data-settings=\"{&quot;background_background&quot;:&quot;classic&quot;}\">\n\t\t\t\t<div class=\"elementor-element elementor-element-df6764b elementor-widget elementor-widget-heading\" data-id=\"df6764b\" data-element_type=\"widget\" data-e-type=\"widget\" data-widget_type=\"heading.default\">\n\t\t\t\t\t<h2 class=\"elementor-heading-title elementor-size-default\"><a href=\"https:\/\/evel.it\/es\/productos\/ventiladores-axiales\/\">Ventiladores axiales<\/a><\/h2>\t\t\t\t<\/div>\n\t\t\t\t<\/div>\n\t\t\t\t\t<\/div>\n\t\t\t\t<\/div>\n\t\t<div class=\"elementor-element elementor-element-8fc12f0 e-flex e-con-boxed e-con e-parent\" data-id=\"8fc12f0\" data-element_type=\"container\" data-e-type=\"container\">\n\t\t\t\t\t<div class=\"e-con-inner\">\n\t\t\t\t<div class=\"elementor-element elementor-element-5ba530a elementor-widget elementor-widget-text-editor\" data-id=\"5ba530a\" data-element_type=\"widget\" data-e-type=\"widget\" data-widget_type=\"text-editor.default\">\n\t\t\t\t\t\t\t\t\t<h3 data-start=\"1621\" data-end=\"1658\">Beneficios para los agricultores y los animales<\/h3><ul data-start=\"1660\" data-end=\"2005\"><li data-start=\"1660\" data-end=\"1728\"><p data-start=\"1662\" data-end=\"1728\">Mejora de la salud respiratoria de los cerdos y reducci\u00f3n de las enfermedades<\/p><\/li><li data-start=\"1729\" data-end=\"1782\"><p data-start=\"1731\" data-end=\"1782\">Mayor crecimiento y mejor rendimiento de la producci\u00f3n<\/p><\/li><li data-start=\"1783\" data-end=\"1844\"><p data-start=\"1785\" data-end=\"1844\">Reducci\u00f3n de la humedad y los olores en las habitaciones<\/p><\/li><li data-start=\"1845\" data-end=\"1902\"><p data-start=\"1847\" data-end=\"1902\">Prevenci\u00f3n de la formaci\u00f3n de moho y pat\u00f3genos<\/p><\/li><li data-start=\"1903\" data-end=\"1957\"><p data-start=\"1905\" data-end=\"1957\">Ahorro de energ\u00eda en comparaci\u00f3n con los sistemas convencionales<\/p><\/li><li data-start=\"1958\" data-end=\"2005\"><p data-start=\"1960\" data-end=\"2005\">Entornos m\u00e1s habitables tambi\u00e9n para los operadores<\/p><\/li><\/ul>\t\t\t\t\t\t\t\t<\/div>\n\t\t\t\t\t<\/div>\n\t\t\t\t<\/div>\n\t\t<div class=\"elementor-element elementor-element-786da31 e-flex e-con-boxed e-con e-parent\" data-id=\"786da31\" data-element_type=\"container\" data-e-type=\"container\">\n\t\t\t\t\t<div class=\"e-con-inner\">\n\t\t\t\t<div class=\"elementor-element elementor-element-48f2b89 elementor-widget elementor-widget-heading\" data-id=\"48f2b89\" data-element_type=\"widget\" data-e-type=\"widget\" data-widget_type=\"heading.default\">\n\t\t\t\t\t<h2 class=\"elementor-heading-title elementor-size-default\">Solicita una soluci\u00f3n de ventilaci\u00f3n para tu pocilga<\/h2>\t\t\t\t<\/div>\n\t\t\t\t<div class=\"elementor-element elementor-element-df09da2 elementor-widget elementor-widget-text-editor\" data-id=\"df09da2\" data-element_type=\"widget\" data-e-type=\"widget\" data-widget_type=\"text-editor.default\">\n\t\t\t\t\t\t\t\t\t<p data-start=\"1048\" data-end=\"1222\">Toda explotaci\u00f3n porcina requiere un control preciso de la temperatura y el intercambio de aire. Descr\u00edbenos tus instalaciones para una evaluaci\u00f3n t\u00e9cnica inicial. <\/p>\t\t\t\t\t\t\t\t<\/div>\n\t\t\t\t<div class=\"elementor-element elementor-element-b8308c4 elementor-widget__width-auto elementor-widget elementor-widget-wpforms\" data-id=\"b8308c4\" data-element_type=\"widget\" data-e-type=\"widget\" data-widget_type=\"wpforms.default\">\n\t\t\t\t<div class=\"elementor-widget-container\">\n\t\t\t\t\t<style id=\"wpforms-css-vars-elementor-widget-b8308c4\">\n\t\t\t\t.elementor-widget-wpforms.elementor-element-b8308c4 {\n\t\t\t\t--wpforms-button-background-color: #96C456;\n\t\t\t}\n\t\t\t<\/style><div class=\"wpforms-container wpforms-container-full wpforms-render-modern\" id=\"wpforms-7691\"><form id=\"wpforms-form-7691\" class=\"wpforms-validate wpforms-form wpforms-ajax-form\" data-formid=\"7691\" method=\"post\" enctype=\"multipart\/form-data\" action=\"\/es\/wp-json\/wp\/v2\/pages\/7432\" data-token=\"1eefdc141b4ee91d5a29fa8669befe8f\" data-token-time=\"1776975211\"><noscript class=\"wpforms-error-noscript\">Por favor, activa JavaScript en tu navegador para completar este formulario.<\/noscript><div id=\"wpforms-error-noscript\" style=\"display: none;\">Por favor, activa JavaScript en tu navegador para completar este formulario.<\/div><div class=\"wpforms-field-container\">\t\t<div id=\"wpforms-7691-field_4-container\"\n\t\t\tclass=\"wpforms-field wpforms-field-text\"\n\t\t\tdata-field-type=\"text\"\n\t\t\tdata-field-id=\"4\"\n\t\t\t>\n\t\t\t<label class=\"wpforms-field-label\" for=\"wpforms-7691-field_4\" >Disposici\u00f3n Solicita a<\/label>\n\t\t\t<input type=\"text\" id=\"wpforms-7691-field_4\" class=\"wpforms-field-medium\" name=\"wpforms[fields][4]\" >\n\t\t<\/div>\n\t\t<div id=\"wpforms-7691-field_7-container\" class=\"wpforms-field wpforms-field-layout\" data-field-id=\"7\"><div class=\"wpforms-field-layout-rows wpforms-field-large\"><div class=\"wpforms-layout-row\"><div class=\"wpforms-layout-column wpforms-layout-column-50\"><div id=\"wpforms-7691-field_2-container\" class=\"wpforms-field wpforms-field-name\" data-field-id=\"2\"><label class=\"wpforms-field-label\" for=\"wpforms-7691-field_2\">Nombre <span class=\"wpforms-required-label\" aria-hidden=\"true\">*<\/span><\/label><input type=\"text\" id=\"wpforms-7691-field_2\" class=\"wpforms-field-medium wpforms-field-required\" name=\"wpforms[fields][2]\" aria-errormessage=\"wpforms-7691-field_2-error\" aria-describedby=\"wpforms-7691-field_2-description\" required><div id=\"wpforms-7691-field_2-description\" class=\"wpforms-field-description\">Nombre y apellidos<\/div><\/div><\/div><div class=\"wpforms-layout-column wpforms-layout-column-50\"><div id=\"wpforms-7691-field_1-container\" class=\"wpforms-field wpforms-field-text\" data-field-id=\"1\"><label class=\"wpforms-field-label\" for=\"wpforms-7691-field_1\">Empresa <span class=\"wpforms-required-label\" aria-hidden=\"true\">*<\/span><\/label><input type=\"text\" id=\"wpforms-7691-field_1\" class=\"wpforms-field-medium wpforms-field-required\" name=\"wpforms[fields][1]\" aria-errormessage=\"wpforms-7691-field_1-error\" aria-describedby=\"wpforms-7691-field_1-description\" required><div id=\"wpforms-7691-field_1-description\" class=\"wpforms-field-description\">Nombre de la empresa<\/div><\/div><\/div><\/div><div class=\"wpforms-layout-row\"><div class=\"wpforms-layout-column wpforms-layout-column-50\"><div id=\"wpforms-7691-field_5-container\" class=\"wpforms-field wpforms-field-email\" data-field-id=\"5\"><label class=\"wpforms-field-label\" for=\"wpforms-7691-field_5\">Env\u00eda un correo electr\u00f3nico a <span class=\"wpforms-required-label\" aria-hidden=\"true\">*<\/span><\/label><input type=\"email\" id=\"wpforms-7691-field_5\" class=\"wpforms-field-medium wpforms-field-required\" name=\"wpforms[fields][5]\" spellcheck=\"false\" aria-errormessage=\"wpforms-7691-field_5-error\" required><\/div><\/div><div class=\"wpforms-layout-column wpforms-layout-column-50\"><div id=\"wpforms-7691-field_6-container\" class=\"wpforms-field wpforms-field-phone\" data-field-id=\"6\"><label class=\"wpforms-field-label\" for=\"wpforms-7691-field_6\">Tel\u00e9fono <span class=\"wpforms-required-label\" aria-hidden=\"true\">*<\/span><\/label><input type=\"tel\" id=\"wpforms-7691-field_6\" class=\"wpforms-field-medium wpforms-field-required wpforms-smart-phone-field\" data-rule-smart-phone-field=\"true\" name=\"wpforms[fields][6]\" aria-label=\"Tel\u00e9fono\" aria-errormessage=\"wpforms-7691-field_6-error\" required><\/div><\/div><\/div><\/div><\/div><div id=\"wpforms-7691-field_3-container\" class=\"wpforms-field wpforms-field-textarea\" data-field-id=\"3\"><label class=\"wpforms-field-label\" for=\"wpforms-7691-field_3\">Solicita <span class=\"wpforms-required-label\" aria-hidden=\"true\">*<\/span><\/label><textarea id=\"wpforms-7691-field_3\" class=\"wpforms-field-medium wpforms-field-required\" name=\"wpforms[fields][3]\" aria-errormessage=\"wpforms-7691-field_3-error\" required><\/textarea><\/div><div id=\"wpforms-7691-field_10-container\" class=\"wpforms-field wpforms-field-content\" data-field-id=\"10\"><div id=\"wpforms-7691-field_10\" class=\"wpforms-field-medium wpforms-field-row\" aria-errormessage=\"wpforms-7691-field_10-error\"><p>Respondemos en 24 horas.<\/p>\n<div class=\"wpforms-field-content-display-frontend-clear\"><\/div><\/div><\/div><script>\n\t\t\t\t( function() {\n\t\t\t\t\tconst style = document.createElement( 'style' );\n\t\t\t\t\tstyle.appendChild( document.createTextNode( '#wpforms-7691-field_4-container { position: absolute !important; overflow: hidden !important; display: inline !important; height: 1px !important; width: 1px !important; z-index: -1000 !important; padding: 0 !important; } #wpforms-7691-field_4-container input { visibility: hidden; } #wpforms-conversational-form-page #wpforms-7691-field_4-container label { counter-increment: none; }' ) );\n\t\t\t\t\tdocument.head.appendChild( style );\n\t\t\t\t\tdocument.currentScript?.remove();\n\t\t\t\t} )();\n\t\t\t<\/script><\/div><!-- .wpforms-field-container --><div class=\"wpforms-recaptcha-container wpforms-is-recaptcha wpforms-is-recaptcha-type-invisible\" ><div class=\"g-recaptcha\" data-sitekey=\"6LfVz-cqAAAAALcg8UziUILSZyvpyIdH5yCZMGsR\" data-size=\"invisible\"><\/div><\/div><div class=\"wpforms-submit-container\" ><input type=\"hidden\" name=\"wpforms[id]\" value=\"7691\"><input type=\"hidden\" name=\"page_title\" value=\"\"><input type=\"hidden\" name=\"page_url\" value=\"https:\/\/evel.it\/es\/wp-json\/wp\/v2\/pages\/7432\"><input type=\"hidden\" name=\"url_referer\" value=\"\"><button type=\"submit\" name=\"wpforms[submit]\" id=\"wpforms-submit-7691\" class=\"wpforms-submit\" data-alt-text=\"Enviando...\" data-submit-text=\"Pide un presupuesto\" aria-live=\"assertive\" value=\"wpforms-submit\">Pide un presupuesto<\/button><img decoding=\"async\" src=\"https:\/\/evel.it\/wp-content\/plugins\/wpforms\/assets\/images\/submit-spin.svg\" class=\"wpforms-submit-spinner\" style=\"display: none;\" width=\"26\" height=\"26\" alt=\"Cargando\"><\/div><\/form><\/div>  <!-- .wpforms-container -->\t\t\t\t<\/div>\n\t\t\t\t<\/div>\n\t\t\t\t<div class=\"elementor-element elementor-element-879ca26 elementor-widget elementor-widget-text-editor\" data-id=\"879ca26\" data-element_type=\"widget\" data-e-type=\"widget\" data-widget_type=\"text-editor.default\">\n\t\t\t\t\t\t\t\t\t<p data-start=\"2611\" data-end=\"2677\">Nos pondremos en contacto contigo para evaluar juntos la soluci\u00f3n m\u00e1s adecuada para tus instalaciones.<\/p>\t\t\t\t\t\t\t\t<\/div>\n\t\t\t\t\t<\/div>\n\t\t\t\t<\/div>\n\t\t\t\t<\/div>\n\t\t","protected":false},"excerpt":{"rendered":"<p>Ventilaci\u00f3n para pocilgas Aire sano y bienestar para el sector porcino El intercambio eficaz de aire es esencial en las naves porcinas para garantizar la salud y el crecimiento \u00f3ptimos de los cerdos. Los ventiladores HVLS y axiales de Evel son la soluci\u00f3n ideal para crear un entorno m\u00e1s sano, seguro y productivo con un [&hellip;]<\/p>\n","protected":false},"author":6,"featured_media":0,"parent":5589,"menu_order":0,"comment_status":"closed","ping_status":"closed","template":"","meta":{"footnotes":""},"class_list":["post-7432","page","type-page","status-publish","hentry"],"_links":{"self":[{"href":"https:\/\/evel.it\/es\/wp-json\/wp\/v2\/pages\/7432","targetHints":{"allow":["GET"]}}],"collection":[{"href":"https:\/\/evel.it\/es\/wp-json\/wp\/v2\/pages"}],"about":[{"href":"https:\/\/evel.it\/es\/wp-json\/wp\/v2\/types\/page"}],"author":[{"embeddable":true,"href":"https:\/\/evel.it\/es\/wp-json\/wp\/v2\/users\/6"}],"replies":[{"embeddable":true,"href":"https:\/\/evel.it\/es\/wp-json\/wp\/v2\/comments?post=7432"}],"version-history":[{"count":8,"href":"https:\/\/evel.it\/es\/wp-json\/wp\/v2\/pages\/7432\/revisions"}],"predecessor-version":[{"id":8124,"href":"https:\/\/evel.it\/es\/wp-json\/wp\/v2\/pages\/7432\/revisions\/8124"}],"up":[{"embeddable":true,"href":"https:\/\/evel.it\/es\/wp-json\/wp\/v2\/pages\/5589"}],"wp:attachment":[{"href":"https:\/\/evel.it\/es\/wp-json\/wp\/v2\/media?parent=7432"}],"curies":[{"name":"wp","href":"https:\/\/api.w.org\/{rel}","templated":true}]}}