{"id":7460,"date":"2026-02-04T17:14:28","date_gmt":"2026-02-04T15:14:28","guid":{"rendered":"https:\/\/evel.it\/?page_id=7460"},"modified":"2026-04-09T07:52:12","modified_gmt":"2026-04-09T05:52:12","slug":"cuadras","status":"publish","type":"page","link":"https:\/\/evel.it\/es\/aplicaciones\/zootecnia\/cuadras\/","title":{"rendered":"Establos"},"content":{"rendered":"\t\t<div data-elementor-type=\"wp-page\" data-elementor-id=\"7460\" class=\"elementor elementor-7460 elementor-7457\" data-elementor-post-type=\"page\">\n\t\t\t\t<div class=\"elementor-element elementor-element-7aabdf3 e-flex e-con-boxed e-con e-parent\" data-id=\"7aabdf3\" data-element_type=\"container\" data-e-type=\"container\" data-settings=\"{&quot;background_background&quot;:&quot;classic&quot;}\">\n\t\t\t\t\t<div class=\"e-con-inner\">\n\t\t<div class=\"elementor-element elementor-element-93ab289 e-con-full e-flex e-con e-child\" data-id=\"93ab289\" data-element_type=\"container\" data-e-type=\"container\">\n\t\t\t\t<div class=\"elementor-element elementor-element-c5f81af elementor-widget elementor-widget-heading\" data-id=\"c5f81af\" data-element_type=\"widget\" data-e-type=\"widget\" data-widget_type=\"heading.default\">\n\t\t\t\t\t<h1 class=\"elementor-heading-title elementor-size-default\">Ventilaci\u00f3n de establos y cuadras<\/h1>\t\t\t\t<\/div>\n\t\t\t\t<div class=\"elementor-element elementor-element-973b208 elementor-widget elementor-widget-heading\" data-id=\"973b208\" data-element_type=\"widget\" data-e-type=\"widget\" data-widget_type=\"heading.default\">\n\t\t\t\t\t<h2 class=\"elementor-heading-title elementor-size-default\">Confort y salud para el bienestar equino<\/h2>\t\t\t\t<\/div>\n\t\t\t\t<\/div>\n\t\t\t\t\t<\/div>\n\t\t\t\t<\/div>\n\t\t<div class=\"elementor-element elementor-element-9477eff e-flex e-con-boxed e-con e-parent\" data-id=\"9477eff\" data-element_type=\"container\" data-e-type=\"container\">\n\t\t\t\t\t<div class=\"e-con-inner\">\n\t\t<div class=\"elementor-element elementor-element-82575a4 e-flex e-con-boxed e-con e-child\" data-id=\"82575a4\" data-element_type=\"container\" data-e-type=\"container\">\n\t\t\t\t\t<div class=\"e-con-inner\">\n\t\t<div class=\"elementor-element elementor-element-7deed3d e-con-full e-flex e-con e-child\" data-id=\"7deed3d\" data-element_type=\"container\" data-e-type=\"container\">\n\t\t\t\t<div class=\"elementor-element elementor-element-2bff961 elementor-widget elementor-widget-text-editor\" data-id=\"2bff961\" data-element_type=\"widget\" data-e-type=\"widget\" data-widget_type=\"text-editor.default\">\n\t\t\t\t\t\t\t\t\t<p>Un entorno bien ventilado es esencial en establos y picaderos para garantizar el confort, la salud y el rendimiento \u00f3ptimo de los caballos. Los ventiladores HVLS y axiales de Evel son la soluci\u00f3n ideal para garantizar un aire fresco y uniforme en los establos y zonas comunes, sin crear corrientes de aire desagradables. <\/p><p><img fetchpriority=\"high\" decoding=\"async\" class=\"alignnone wp-image-7467 size-full\" src=\"https:\/\/evel.it\/wp-content\/uploads\/2026\/02\/scuderia-scaled.jpg\" alt=\"Ventilaci\u00f3n para establos y cuadras de caballos\" width=\"2560\" height=\"1205\" srcset=\"https:\/\/evel.it\/wp-content\/uploads\/2026\/02\/scuderia-scaled.jpg 2560w, https:\/\/evel.it\/wp-content\/uploads\/2026\/02\/scuderia-300x141.jpg 300w, https:\/\/evel.it\/wp-content\/uploads\/2026\/02\/scuderia-1024x482.jpg 1024w, https:\/\/evel.it\/wp-content\/uploads\/2026\/02\/scuderia-768x361.jpg 768w, https:\/\/evel.it\/wp-content\/uploads\/2026\/02\/scuderia-1536x723.jpg 1536w, https:\/\/evel.it\/wp-content\/uploads\/2026\/02\/scuderia-2048x964.jpg 2048w\" sizes=\"(max-width: 2560px) 100vw, 2560px\" \/><\/p><h3 data-start=\"530\" data-end=\"608\">Aire sano y clima controlado: el valor de la ventilaci\u00f3n en el establo<\/h3><p data-start=\"610\" data-end=\"980\">En establos y picaderos, el aire estancado y la humedad excesiva favorecen la acumulaci\u00f3n de olores, polvo y agentes pat\u00f3genos, aumentando el riesgo de problemas respiratorios en los caballos y reduciendo el confort general. En verano, el calor excesivo puede causar estr\u00e9s t\u00e9rmico, empeorar el rendimiento y afectar negativamente al bienestar de los animales. <\/p><h3 data-start=\"982\" data-end=\"1057\">La soluci\u00f3n Evel: HVLS y ventiladores axiales para establos y boxes de caballos<\/h3><p data-start=\"1059\" data-end=\"1478\">Los ventiladores HVLS y axiales de Evel est\u00e1n dise\u00f1ados para mantener el clima estable bajo control en todo momento. Al mover grandes vol\u00famenes de aire a baja velocidad, garantizan un intercambio de aire constante sin crear corrientes de aire, reduciendo la temperatura cuando hace calor y ayudando a eliminar la humedad, el polvo y los malos olores. Son silenciosos, seguros y energ\u00e9ticamente eficientes, ideales tanto para los establos como para las zonas comunes de las cuadras.  <\/p>\t\t\t\t\t\t\t\t<\/div>\n\t\t\t\t<\/div>\n\t\t\t\t\t<\/div>\n\t\t\t\t<\/div>\n\t\t\t\t\t<\/div>\n\t\t\t\t<\/div>\n\t\t<div class=\"elementor-element elementor-element-da4756d e-grid e-con-boxed e-con e-parent\" data-id=\"da4756d\" data-element_type=\"container\" data-e-type=\"container\">\n\t\t\t\t\t<div class=\"e-con-inner\">\n\t\t<div class=\"elementor-element elementor-element-e175b0d e-con-full e-flex e-con e-child\" data-id=\"e175b0d\" data-element_type=\"container\" data-e-type=\"container\" data-settings=\"{&quot;background_background&quot;:&quot;classic&quot;}\">\n\t\t\t\t<div class=\"elementor-element elementor-element-b8bbae1 elementor-widget elementor-widget-heading\" data-id=\"b8bbae1\" data-element_type=\"widget\" data-e-type=\"widget\" data-widget_type=\"heading.default\">\n\t\t\t\t\t<h2 class=\"elementor-heading-title elementor-size-default\"><a href=\"https:\/\/evel.it\/es\/productos\/ventiladores-hvls\/\">Ventiladores HVLS<\/a><\/h2>\t\t\t\t<\/div>\n\t\t\t\t<\/div>\n\t\t<div class=\"elementor-element elementor-element-94d8af6 e-con-full e-flex e-con e-child\" data-id=\"94d8af6\" data-element_type=\"container\" data-e-type=\"container\" data-settings=\"{&quot;background_background&quot;:&quot;classic&quot;}\">\n\t\t\t\t<div class=\"elementor-element elementor-element-df6764b elementor-widget elementor-widget-heading\" data-id=\"df6764b\" data-element_type=\"widget\" data-e-type=\"widget\" data-widget_type=\"heading.default\">\n\t\t\t\t\t<h2 class=\"elementor-heading-title elementor-size-default\"><a href=\"https:\/\/evel.it\/es\/productos\/ventiladores-axiales\/\">Ventiladores axiales<\/a><\/h2>\t\t\t\t<\/div>\n\t\t\t\t<\/div>\n\t\t\t\t\t<\/div>\n\t\t\t\t<\/div>\n\t\t<div class=\"elementor-element elementor-element-8fc12f0 e-flex e-con-boxed e-con e-parent\" data-id=\"8fc12f0\" data-element_type=\"container\" data-e-type=\"container\">\n\t\t\t\t\t<div class=\"e-con-inner\">\n\t\t\t\t<div class=\"elementor-element elementor-element-5ba530a elementor-widget elementor-widget-text-editor\" data-id=\"5ba530a\" data-element_type=\"widget\" data-e-type=\"widget\" data-widget_type=\"text-editor.default\">\n\t\t\t\t\t\t\t\t\t<h3 data-start=\"1480\" data-end=\"1516\">Ventajas para los caballos y los operadores<\/h3><ul data-start=\"1518\" data-end=\"1854\"><li data-start=\"1518\" data-end=\"1577\"><p data-start=\"1520\" data-end=\"1577\">Mejora el bienestar y la comodidad de los caballos en todas las estaciones<\/p><\/li><li data-start=\"1578\" data-end=\"1651\"><p data-start=\"1580\" data-end=\"1651\">Reducci\u00f3n del estr\u00e9s t\u00e9rmico y prevenci\u00f3n de las enfermedades respiratorias<\/p><\/li><li data-start=\"1652\" data-end=\"1686\"><p data-start=\"1654\" data-end=\"1686\">Menos olores y polvo en el ambiente<\/p><\/li><li data-start=\"1687\" data-end=\"1742\"><p data-start=\"1689\" data-end=\"1742\">Mayor salubridad y facilidad de gesti\u00f3n del espacio<\/p><\/li><li data-start=\"1743\" data-end=\"1799\"><p data-start=\"1745\" data-end=\"1799\">Entornos m\u00e1s habitables tambi\u00e9n para los instructores y el personal<\/p><\/li><li data-start=\"1800\" data-end=\"1854\"><p data-start=\"1802\" data-end=\"1854\">Ahorro de energ\u00eda en comparaci\u00f3n con los sistemas convencionales<\/p><\/li><\/ul>\t\t\t\t\t\t\t\t<\/div>\n\t\t\t\t\t<\/div>\n\t\t\t\t<\/div>\n\t\t<div class=\"elementor-element elementor-element-3a4b663 e-flex e-con-boxed e-con e-parent\" data-id=\"3a4b663\" data-element_type=\"container\" data-e-type=\"container\">\n\t\t\t\t\t<div class=\"e-con-inner\">\n\t\t\t\t<div class=\"elementor-element elementor-element-97a53bd elementor-widget elementor-widget-heading\" data-id=\"97a53bd\" data-element_type=\"widget\" data-e-type=\"widget\" data-widget_type=\"heading.default\">\n\t\t\t\t\t<h2 class=\"elementor-heading-title elementor-size-default\">Solicita una soluci\u00f3n de ventilaci\u00f3n para tu establo<\/h2>\t\t\t\t<\/div>\n\t\t\t\t<div class=\"elementor-element elementor-element-00097a3 elementor-widget elementor-widget-text-editor\" data-id=\"00097a3\" data-element_type=\"widget\" data-e-type=\"widget\" data-widget_type=\"text-editor.default\">\n\t\t\t\t\t\t\t\t\t<p>Una ventilaci\u00f3n adecuada mejora el confort y la calidad del aire en los entornos ecuestres. Rellena el formulario para una evaluaci\u00f3n t\u00e9cnica inicial. <\/p>\t\t\t\t\t\t\t\t<\/div>\n\t\t\t\t<div class=\"elementor-element elementor-element-c1d8a34 elementor-widget__width-auto elementor-widget elementor-widget-wpforms\" data-id=\"c1d8a34\" data-element_type=\"widget\" data-e-type=\"widget\" data-widget_type=\"wpforms.default\">\n\t\t\t\t<div class=\"elementor-widget-container\">\n\t\t\t\t\t<style id=\"wpforms-css-vars-elementor-widget-c1d8a34\">\n\t\t\t\t.elementor-widget-wpforms.elementor-element-c1d8a34 {\n\t\t\t\t--wpforms-button-background-color: #96C456;\n\t\t\t}\n\t\t\t<\/style><div class=\"wpforms-container wpforms-container-full wpforms-render-modern\" id=\"wpforms-7691\"><form id=\"wpforms-form-7691\" class=\"wpforms-validate wpforms-form wpforms-ajax-form\" data-formid=\"7691\" method=\"post\" enctype=\"multipart\/form-data\" action=\"\/es\/wp-json\/wp\/v2\/pages\/7460\" data-token=\"ed9725dccc80e8f4049bdc8a7b4180a3\" data-token-time=\"1777027597\"><noscript class=\"wpforms-error-noscript\">Por favor, activa JavaScript en tu navegador para completar este formulario.<\/noscript><div id=\"wpforms-error-noscript\" style=\"display: none;\">Por favor, activa JavaScript en tu navegador para completar este formulario.<\/div><div class=\"wpforms-field-container\"><div id=\"wpforms-7691-field_7-container\" class=\"wpforms-field wpforms-field-layout\" data-field-id=\"7\"><div class=\"wpforms-field-layout-rows wpforms-field-large\"><div class=\"wpforms-layout-row\"><div class=\"wpforms-layout-column wpforms-layout-column-50\"><div id=\"wpforms-7691-field_2-container\" class=\"wpforms-field wpforms-field-name\" data-field-id=\"2\"><label class=\"wpforms-field-label\" for=\"wpforms-7691-field_2\">Nombre <span class=\"wpforms-required-label\" aria-hidden=\"true\">*<\/span><\/label><input type=\"text\" id=\"wpforms-7691-field_2\" class=\"wpforms-field-medium wpforms-field-required\" name=\"wpforms[fields][2]\" aria-errormessage=\"wpforms-7691-field_2-error\" aria-describedby=\"wpforms-7691-field_2-description\" required><div id=\"wpforms-7691-field_2-description\" class=\"wpforms-field-description\">Nombre y apellidos<\/div><\/div><\/div><div class=\"wpforms-layout-column wpforms-layout-column-50\"><div id=\"wpforms-7691-field_1-container\" class=\"wpforms-field wpforms-field-text\" data-field-id=\"1\"><label class=\"wpforms-field-label\" for=\"wpforms-7691-field_1\">Empresa <span class=\"wpforms-required-label\" aria-hidden=\"true\">*<\/span><\/label><input type=\"text\" id=\"wpforms-7691-field_1\" class=\"wpforms-field-medium wpforms-field-required\" name=\"wpforms[fields][1]\" aria-errormessage=\"wpforms-7691-field_1-error\" aria-describedby=\"wpforms-7691-field_1-description\" required><div id=\"wpforms-7691-field_1-description\" class=\"wpforms-field-description\">Nombre de la empresa<\/div><\/div><\/div><\/div><div class=\"wpforms-layout-row\"><div class=\"wpforms-layout-column wpforms-layout-column-50\"><div id=\"wpforms-7691-field_5-container\" class=\"wpforms-field wpforms-field-email\" data-field-id=\"5\"><label class=\"wpforms-field-label\" for=\"wpforms-7691-field_5\">Env\u00eda un correo electr\u00f3nico a <span class=\"wpforms-required-label\" aria-hidden=\"true\">*<\/span><\/label><input type=\"email\" id=\"wpforms-7691-field_5\" class=\"wpforms-field-medium wpforms-field-required\" name=\"wpforms[fields][5]\" spellcheck=\"false\" aria-errormessage=\"wpforms-7691-field_5-error\" required><\/div><\/div><div class=\"wpforms-layout-column wpforms-layout-column-50\"><div id=\"wpforms-7691-field_6-container\" class=\"wpforms-field wpforms-field-phone\" data-field-id=\"6\"><label class=\"wpforms-field-label\" for=\"wpforms-7691-field_6\">Tel\u00e9fono <span class=\"wpforms-required-label\" aria-hidden=\"true\">*<\/span><\/label><input type=\"tel\" id=\"wpforms-7691-field_6\" class=\"wpforms-field-medium wpforms-field-required wpforms-smart-phone-field\" data-rule-smart-phone-field=\"true\" name=\"wpforms[fields][6]\" aria-label=\"Tel\u00e9fono\" aria-errormessage=\"wpforms-7691-field_6-error\" required><\/div><\/div><\/div><\/div><\/div><div id=\"wpforms-7691-field_3-container\" class=\"wpforms-field wpforms-field-textarea\" data-field-id=\"3\"><label class=\"wpforms-field-label\" for=\"wpforms-7691-field_3\">Solicita <span class=\"wpforms-required-label\" aria-hidden=\"true\">*<\/span><\/label><textarea id=\"wpforms-7691-field_3\" class=\"wpforms-field-medium wpforms-field-required\" name=\"wpforms[fields][3]\" aria-errormessage=\"wpforms-7691-field_3-error\" required><\/textarea><\/div>\t\t<div id=\"wpforms-7691-field_4-container\"\n\t\t\tclass=\"wpforms-field wpforms-field-text\"\n\t\t\tdata-field-type=\"text\"\n\t\t\tdata-field-id=\"4\"\n\t\t\t>\n\t\t\t<label class=\"wpforms-field-label\" for=\"wpforms-7691-field_4\" >Tel\u00e9fono correo Nombre<\/label>\n\t\t\t<input type=\"text\" id=\"wpforms-7691-field_4\" class=\"wpforms-field-medium\" name=\"wpforms[fields][4]\" >\n\t\t<\/div>\n\t\t<div id=\"wpforms-7691-field_10-container\" class=\"wpforms-field wpforms-field-content\" data-field-id=\"10\"><div id=\"wpforms-7691-field_10\" class=\"wpforms-field-medium wpforms-field-row\" aria-errormessage=\"wpforms-7691-field_10-error\"><p>Respondemos en 24 horas.<\/p>\n<div class=\"wpforms-field-content-display-frontend-clear\"><\/div><\/div><\/div><script>\n\t\t\t\t( function() {\n\t\t\t\t\tconst style = document.createElement( 'style' );\n\t\t\t\t\tstyle.appendChild( document.createTextNode( '#wpforms-7691-field_4-container { position: absolute !important; overflow: hidden !important; display: inline !important; height: 1px !important; width: 1px !important; z-index: -1000 !important; padding: 0 !important; } #wpforms-7691-field_4-container input { visibility: hidden; } #wpforms-conversational-form-page #wpforms-7691-field_4-container label { counter-increment: none; }' ) );\n\t\t\t\t\tdocument.head.appendChild( style );\n\t\t\t\t\tdocument.currentScript?.remove();\n\t\t\t\t} )();\n\t\t\t<\/script><\/div><!-- .wpforms-field-container --><div class=\"wpforms-recaptcha-container wpforms-is-recaptcha wpforms-is-recaptcha-type-invisible\" ><div class=\"g-recaptcha\" data-sitekey=\"6LfVz-cqAAAAALcg8UziUILSZyvpyIdH5yCZMGsR\" data-size=\"invisible\"><\/div><\/div><div class=\"wpforms-submit-container\" ><input type=\"hidden\" name=\"wpforms[id]\" value=\"7691\"><input type=\"hidden\" name=\"page_title\" value=\"\"><input type=\"hidden\" name=\"page_url\" value=\"https:\/\/evel.it\/es\/wp-json\/wp\/v2\/pages\/7460\"><input type=\"hidden\" name=\"url_referer\" value=\"\"><button type=\"submit\" name=\"wpforms[submit]\" id=\"wpforms-submit-7691\" class=\"wpforms-submit\" data-alt-text=\"Enviando...\" data-submit-text=\"Pide un presupuesto\" aria-live=\"assertive\" value=\"wpforms-submit\">Pide un presupuesto<\/button><img decoding=\"async\" src=\"https:\/\/evel.it\/wp-content\/plugins\/wpforms\/assets\/images\/submit-spin.svg\" class=\"wpforms-submit-spinner\" style=\"display: none;\" width=\"26\" height=\"26\" alt=\"Cargando\"><\/div><\/form><\/div>  <!-- .wpforms-container -->\t\t\t\t<\/div>\n\t\t\t\t<\/div>\n\t\t\t\t<div class=\"elementor-element elementor-element-b545de1 elementor-widget elementor-widget-text-editor\" data-id=\"b545de1\" data-element_type=\"widget\" data-e-type=\"widget\" data-widget_type=\"text-editor.default\">\n\t\t\t\t\t\t\t\t\t<p data-start=\"2611\" data-end=\"2677\">Nos pondremos en contacto contigo para evaluar juntos la soluci\u00f3n m\u00e1s adecuada para tus instalaciones.<\/p>\t\t\t\t\t\t\t\t<\/div>\n\t\t\t\t\t<\/div>\n\t\t\t\t<\/div>\n\t\t\t\t<\/div>\n\t\t","protected":false},"excerpt":{"rendered":"<p>Ventilaci\u00f3n de establos y cuadras Confort y salud para el bienestar equino Un entorno bien ventilado es esencial en establos y picaderos para garantizar el confort, la salud y el rendimiento \u00f3ptimo de los caballos. Los ventiladores HVLS y axiales de Evel son la soluci\u00f3n ideal para garantizar un aire fresco y uniforme en los [&hellip;]<\/p>\n","protected":false},"author":6,"featured_media":0,"parent":5589,"menu_order":0,"comment_status":"closed","ping_status":"closed","template":"","meta":{"footnotes":""},"class_list":["post-7460","page","type-page","status-publish","hentry"],"_links":{"self":[{"href":"https:\/\/evel.it\/es\/wp-json\/wp\/v2\/pages\/7460","targetHints":{"allow":["GET"]}}],"collection":[{"href":"https:\/\/evel.it\/es\/wp-json\/wp\/v2\/pages"}],"about":[{"href":"https:\/\/evel.it\/es\/wp-json\/wp\/v2\/types\/page"}],"author":[{"embeddable":true,"href":"https:\/\/evel.it\/es\/wp-json\/wp\/v2\/users\/6"}],"replies":[{"embeddable":true,"href":"https:\/\/evel.it\/es\/wp-json\/wp\/v2\/comments?post=7460"}],"version-history":[{"count":13,"href":"https:\/\/evel.it\/es\/wp-json\/wp\/v2\/pages\/7460\/revisions"}],"predecessor-version":[{"id":8123,"href":"https:\/\/evel.it\/es\/wp-json\/wp\/v2\/pages\/7460\/revisions\/8123"}],"up":[{"embeddable":true,"href":"https:\/\/evel.it\/es\/wp-json\/wp\/v2\/pages\/5589"}],"wp:attachment":[{"href":"https:\/\/evel.it\/es\/wp-json\/wp\/v2\/media?parent=7460"}],"curies":[{"name":"wp","href":"https:\/\/api.w.org\/{rel}","templated":true}]}}