{"id":7501,"date":"2026-02-05T08:38:22","date_gmt":"2026-02-05T06:38:22","guid":{"rendered":"https:\/\/evel.it\/?page_id=7501"},"modified":"2026-04-09T07:52:10","modified_gmt":"2026-04-09T05:52:10","slug":"apriscos","status":"publish","type":"page","link":"https:\/\/evel.it\/es\/aplicaciones\/zootecnia\/apriscos\/","title":{"rendered":"Apriscos"},"content":{"rendered":"\t\t<div data-elementor-type=\"wp-page\" data-elementor-id=\"7501\" class=\"elementor elementor-7501 elementor-7498\" data-elementor-post-type=\"page\">\n\t\t\t\t<div class=\"elementor-element elementor-element-7aabdf3 e-flex e-con-boxed e-con e-parent\" data-id=\"7aabdf3\" data-element_type=\"container\" data-e-type=\"container\" data-settings=\"{&quot;background_background&quot;:&quot;classic&quot;}\">\n\t\t\t\t\t<div class=\"e-con-inner\">\n\t\t<div class=\"elementor-element elementor-element-93ab289 e-con-full e-flex e-con e-child\" data-id=\"93ab289\" data-element_type=\"container\" data-e-type=\"container\">\n\t\t\t\t<div class=\"elementor-element elementor-element-c5f81af elementor-widget elementor-widget-heading\" data-id=\"c5f81af\" data-element_type=\"widget\" data-e-type=\"widget\" data-widget_type=\"heading.default\">\n\t\t\t\t\t<h1 class=\"elementor-heading-title elementor-size-default\">Ventilaci\u00f3n para apriscos<\/h1>\t\t\t\t<\/div>\n\t\t\t\t<div class=\"elementor-element elementor-element-973b208 elementor-widget elementor-widget-heading\" data-id=\"973b208\" data-element_type=\"widget\" data-e-type=\"widget\" data-widget_type=\"heading.default\">\n\t\t\t\t\t<h2 class=\"elementor-heading-title elementor-size-default\">Aire sano y confort para la salud de las ovejas<\/h2>\t\t\t\t<\/div>\n\t\t\t\t<\/div>\n\t\t\t\t\t<\/div>\n\t\t\t\t<\/div>\n\t\t<div class=\"elementor-element elementor-element-9477eff e-flex e-con-boxed e-con e-parent\" data-id=\"9477eff\" data-element_type=\"container\" data-e-type=\"container\">\n\t\t\t\t\t<div class=\"e-con-inner\">\n\t\t<div class=\"elementor-element elementor-element-82575a4 e-flex e-con-boxed e-con e-child\" data-id=\"82575a4\" data-element_type=\"container\" data-e-type=\"container\">\n\t\t\t\t\t<div class=\"e-con-inner\">\n\t\t<div class=\"elementor-element elementor-element-7deed3d e-con-full e-flex e-con e-child\" data-id=\"7deed3d\" data-element_type=\"container\" data-e-type=\"container\">\n\t\t\t\t<div class=\"elementor-element elementor-element-2bff961 elementor-widget elementor-widget-text-editor\" data-id=\"2bff961\" data-element_type=\"widget\" data-e-type=\"widget\" data-widget_type=\"text-editor.default\">\n\t\t\t\t\t\t\t\t\t<p>En los apriscos, una ventilaci\u00f3n adecuada es la clave para evitar problemas de humedad y olores, garantizando el bienestar de ovejas y corderos. Los ventiladores HVLS y axiales de Evel mantienen el aire en movimiento en todo momento, proporcionando un entorno m\u00e1s seguro y confortable para las ovejas y sus cuidadores. <\/p><p><img fetchpriority=\"high\" decoding=\"async\" class=\"alignnone wp-image-7518 size-full\" src=\"https:\/\/evel.it\/wp-content\/uploads\/2026\/02\/ovile-scaled.jpg\" alt=\"Ventilaci\u00f3n para explotaciones ovinas\" width=\"2560\" height=\"1707\" srcset=\"https:\/\/evel.it\/wp-content\/uploads\/2026\/02\/ovile-scaled.jpg 2560w, https:\/\/evel.it\/wp-content\/uploads\/2026\/02\/ovile-300x200.jpg 300w, https:\/\/evel.it\/wp-content\/uploads\/2026\/02\/ovile-1024x683.jpg 1024w, https:\/\/evel.it\/wp-content\/uploads\/2026\/02\/ovile-768x512.jpg 768w, https:\/\/evel.it\/wp-content\/uploads\/2026\/02\/ovile-1536x1024.jpg 1536w, https:\/\/evel.it\/wp-content\/uploads\/2026\/02\/ovile-2048x1365.jpg 2048w\" sizes=\"(max-width: 2560px) 100vw, 2560px\" \/><\/p><h3 data-start=\"2400\" data-end=\"2471\">Microclima controlado, animales sanos: \u00bfpor qu\u00e9 ventilar el aprisco?<\/h3><p data-start=\"2473\" data-end=\"2764\">Las ovejas y los corderos son sensibles a las fluctuaciones de temperatura, la acumulaci\u00f3n de humedad y el aire estancado, que pueden favorecer las enfermedades respiratorias y reducir la calidad de la lana y la carne. Un entorno mal ventilado empeora la habitabilidad y disminuye la productividad. <\/p><h3 data-start=\"2766\" data-end=\"2825\">La soluci\u00f3n Evel: HVLS y ventiladores axiales para apriscos<\/h3><p data-start=\"2827\" data-end=\"3119\">Los ventiladores HVLS y axiales de Evel est\u00e1n dise\u00f1ados para garantizar un intercambio de aire constante y suave en los apriscos. Estos sistemas ayudan a mantener la cama m\u00e1s seca, reducen la humedad y limitan el riesgo de moho, garantizando un microclima estable y confortable para todo el reba\u00f1o. <\/p>\t\t\t\t\t\t\t\t<\/div>\n\t\t\t\t<\/div>\n\t\t\t\t\t<\/div>\n\t\t\t\t<\/div>\n\t\t\t\t\t<\/div>\n\t\t\t\t<\/div>\n\t\t<div class=\"elementor-element elementor-element-da4756d e-grid e-con-boxed e-con e-parent\" data-id=\"da4756d\" data-element_type=\"container\" data-e-type=\"container\">\n\t\t\t\t\t<div class=\"e-con-inner\">\n\t\t<div class=\"elementor-element elementor-element-e175b0d e-con-full e-flex e-con e-child\" data-id=\"e175b0d\" data-element_type=\"container\" data-e-type=\"container\" data-settings=\"{&quot;background_background&quot;:&quot;classic&quot;}\">\n\t\t\t\t<div class=\"elementor-element elementor-element-b8bbae1 elementor-widget elementor-widget-heading\" data-id=\"b8bbae1\" data-element_type=\"widget\" data-e-type=\"widget\" data-widget_type=\"heading.default\">\n\t\t\t\t\t<h2 class=\"elementor-heading-title elementor-size-default\"><a href=\"https:\/\/evel.it\/es\/productos\/ventiladores-hvls\/\">Ventiladores HVLS<\/a><\/h2>\t\t\t\t<\/div>\n\t\t\t\t<\/div>\n\t\t<div class=\"elementor-element elementor-element-94d8af6 e-con-full e-flex e-con e-child\" data-id=\"94d8af6\" data-element_type=\"container\" data-e-type=\"container\" data-settings=\"{&quot;background_background&quot;:&quot;classic&quot;}\">\n\t\t\t\t<div class=\"elementor-element elementor-element-df6764b elementor-widget elementor-widget-heading\" data-id=\"df6764b\" data-element_type=\"widget\" data-e-type=\"widget\" data-widget_type=\"heading.default\">\n\t\t\t\t\t<h2 class=\"elementor-heading-title elementor-size-default\"><a href=\"https:\/\/evel.it\/es\/productos\/ventiladores-axiales\/\">Ventiladores axiales<\/a><\/h2>\t\t\t\t<\/div>\n\t\t\t\t<\/div>\n\t\t\t\t\t<\/div>\n\t\t\t\t<\/div>\n\t\t<div class=\"elementor-element elementor-element-8fc12f0 e-flex e-con-boxed e-con e-parent\" data-id=\"8fc12f0\" data-element_type=\"container\" data-e-type=\"container\">\n\t\t\t\t\t<div class=\"e-con-inner\">\n\t\t\t\t<div class=\"elementor-element elementor-element-5ba530a elementor-widget elementor-widget-text-editor\" data-id=\"5ba530a\" data-element_type=\"widget\" data-e-type=\"widget\" data-widget_type=\"text-editor.default\">\n\t\t\t\t\t\t\t\t\t<h3 data-start=\"3121\" data-end=\"3158\">Beneficios para los agricultores y los animales<\/h3><ul data-start=\"3160\" data-end=\"3431\"><li data-start=\"3160\" data-end=\"3204\"><p data-start=\"3162\" data-end=\"3204\">Prevenci\u00f3n de enfermedades y estr\u00e9s t\u00e9rmico<\/p><\/li><li data-start=\"3205\" data-end=\"3270\"><p data-start=\"3207\" data-end=\"3270\">Reducci\u00f3n de la humedad, el olor y la proliferaci\u00f3n de pat\u00f3genos<\/p><\/li><li data-start=\"3271\" data-end=\"3328\"><p data-start=\"3273\" data-end=\"3328\">Mayor bienestar y mejores resultados en lana y carne<\/p><\/li><li data-start=\"3329\" data-end=\"3385\"><p data-start=\"3331\" data-end=\"3385\">Ahorro de energ\u00eda y facilidad de gesti\u00f3n diaria<\/p><\/li><li data-start=\"3386\" data-end=\"3431\"><p data-start=\"3388\" data-end=\"3431\">Mejor habitabilidad tambi\u00e9n para los operarios<\/p><\/li><\/ul>\t\t\t\t\t\t\t\t<\/div>\n\t\t\t\t\t<\/div>\n\t\t\t\t<\/div>\n\t\t<div class=\"elementor-element elementor-element-ed77d9d e-flex e-con-boxed e-con e-parent\" data-id=\"ed77d9d\" data-element_type=\"container\" data-e-type=\"container\">\n\t\t\t\t\t<div class=\"e-con-inner\">\n\t\t\t\t<div class=\"elementor-element elementor-element-4ed30cf elementor-widget elementor-widget-heading\" data-id=\"4ed30cf\" data-element_type=\"widget\" data-e-type=\"widget\" data-widget_type=\"heading.default\">\n\t\t\t\t\t<h2 class=\"elementor-heading-title elementor-size-default\">Solicita una soluci\u00f3n de ventilaci\u00f3n para tu aprisco<\/h2>\t\t\t\t<\/div>\n\t\t\t\t<div class=\"elementor-element elementor-element-f93dc92 elementor-widget elementor-widget-text-editor\" data-id=\"f93dc92\" data-element_type=\"widget\" data-e-type=\"widget\" data-widget_type=\"text-editor.default\">\n\t\t\t\t\t\t\t\t\t<p data-start=\"1573\" data-end=\"1746\">Un intercambio de aire adecuado ayuda a reducir el estr\u00e9s t\u00e9rmico y la humedad. Facil\u00edtanos los datos de tus instalaciones para una evaluaci\u00f3n personalizada. <\/p>\t\t\t\t\t\t\t\t<\/div>\n\t\t\t\t<div class=\"elementor-element elementor-element-30e9ecf elementor-widget__width-auto elementor-widget elementor-widget-wpforms\" data-id=\"30e9ecf\" data-element_type=\"widget\" data-e-type=\"widget\" data-widget_type=\"wpforms.default\">\n\t\t\t\t<div class=\"elementor-widget-container\">\n\t\t\t\t\t<style id=\"wpforms-css-vars-elementor-widget-30e9ecf\">\n\t\t\t\t.elementor-widget-wpforms.elementor-element-30e9ecf {\n\t\t\t\t--wpforms-button-background-color: #96C456;\n\t\t\t}\n\t\t\t<\/style><div class=\"wpforms-container wpforms-container-full wpforms-render-modern\" id=\"wpforms-7691\"><form id=\"wpforms-form-7691\" class=\"wpforms-validate wpforms-form wpforms-ajax-form\" data-formid=\"7691\" method=\"post\" enctype=\"multipart\/form-data\" action=\"\/es\/wp-json\/wp\/v2\/pages\/7501\" data-token=\"1eefdc141b4ee91d5a29fa8669befe8f\" data-token-time=\"1776976472\"><noscript class=\"wpforms-error-noscript\">Por favor, activa JavaScript en tu navegador para completar este formulario.<\/noscript><div id=\"wpforms-error-noscript\" style=\"display: none;\">Por favor, activa JavaScript en tu navegador para completar este formulario.<\/div><div class=\"wpforms-field-container\"><div id=\"wpforms-7691-field_7-container\" class=\"wpforms-field wpforms-field-layout\" data-field-id=\"7\"><div class=\"wpforms-field-layout-rows wpforms-field-large\"><div class=\"wpforms-layout-row\"><div class=\"wpforms-layout-column wpforms-layout-column-50\"><div id=\"wpforms-7691-field_2-container\" class=\"wpforms-field wpforms-field-name\" data-field-id=\"2\"><label class=\"wpforms-field-label\" for=\"wpforms-7691-field_2\">Nombre <span class=\"wpforms-required-label\" aria-hidden=\"true\">*<\/span><\/label><input type=\"text\" id=\"wpforms-7691-field_2\" class=\"wpforms-field-medium wpforms-field-required\" name=\"wpforms[fields][2]\" aria-errormessage=\"wpforms-7691-field_2-error\" aria-describedby=\"wpforms-7691-field_2-description\" required><div id=\"wpforms-7691-field_2-description\" class=\"wpforms-field-description\">Nombre y apellidos<\/div><\/div><\/div><div class=\"wpforms-layout-column wpforms-layout-column-50\"><div id=\"wpforms-7691-field_1-container\" class=\"wpforms-field wpforms-field-text\" data-field-id=\"1\"><label class=\"wpforms-field-label\" for=\"wpforms-7691-field_1\">Empresa <span class=\"wpforms-required-label\" aria-hidden=\"true\">*<\/span><\/label><input type=\"text\" id=\"wpforms-7691-field_1\" class=\"wpforms-field-medium wpforms-field-required\" name=\"wpforms[fields][1]\" aria-errormessage=\"wpforms-7691-field_1-error\" aria-describedby=\"wpforms-7691-field_1-description\" required><div id=\"wpforms-7691-field_1-description\" class=\"wpforms-field-description\">Nombre de la empresa<\/div><\/div><\/div><\/div><div class=\"wpforms-layout-row\"><div class=\"wpforms-layout-column wpforms-layout-column-50\"><div id=\"wpforms-7691-field_5-container\" class=\"wpforms-field wpforms-field-email\" data-field-id=\"5\"><label class=\"wpforms-field-label\" for=\"wpforms-7691-field_5\">Env\u00eda un correo electr\u00f3nico a <span class=\"wpforms-required-label\" aria-hidden=\"true\">*<\/span><\/label><input type=\"email\" id=\"wpforms-7691-field_5\" class=\"wpforms-field-medium wpforms-field-required\" name=\"wpforms[fields][5]\" spellcheck=\"false\" aria-errormessage=\"wpforms-7691-field_5-error\" required><\/div><\/div><div class=\"wpforms-layout-column wpforms-layout-column-50\"><div id=\"wpforms-7691-field_6-container\" class=\"wpforms-field wpforms-field-phone\" data-field-id=\"6\"><label class=\"wpforms-field-label\" for=\"wpforms-7691-field_6\">Tel\u00e9fono <span class=\"wpforms-required-label\" aria-hidden=\"true\">*<\/span><\/label><input type=\"tel\" id=\"wpforms-7691-field_6\" class=\"wpforms-field-medium wpforms-field-required wpforms-smart-phone-field\" data-rule-smart-phone-field=\"true\" name=\"wpforms[fields][6]\" aria-label=\"Tel\u00e9fono\" aria-errormessage=\"wpforms-7691-field_6-error\" required><\/div><\/div><\/div><\/div><\/div><div id=\"wpforms-7691-field_3-container\" class=\"wpforms-field wpforms-field-textarea\" data-field-id=\"3\"><label class=\"wpforms-field-label\" for=\"wpforms-7691-field_3\">Solicita <span class=\"wpforms-required-label\" aria-hidden=\"true\">*<\/span><\/label><textarea id=\"wpforms-7691-field_3\" class=\"wpforms-field-medium wpforms-field-required\" name=\"wpforms[fields][3]\" aria-errormessage=\"wpforms-7691-field_3-error\" required><\/textarea><\/div>\t\t<div id=\"wpforms-7691-field_4-container\"\n\t\t\tclass=\"wpforms-field wpforms-field-text\"\n\t\t\tdata-field-type=\"text\"\n\t\t\tdata-field-id=\"4\"\n\t\t\t>\n\t\t\t<label class=\"wpforms-field-label\" for=\"wpforms-7691-field_4\" >a electr\u00f3nico Solicita<\/label>\n\t\t\t<input type=\"text\" id=\"wpforms-7691-field_4\" class=\"wpforms-field-medium\" name=\"wpforms[fields][4]\" >\n\t\t<\/div>\n\t\t<div id=\"wpforms-7691-field_10-container\" class=\"wpforms-field wpforms-field-content\" data-field-id=\"10\"><div id=\"wpforms-7691-field_10\" class=\"wpforms-field-medium wpforms-field-row\" aria-errormessage=\"wpforms-7691-field_10-error\"><p>Respondemos en 24 horas.<\/p>\n<div class=\"wpforms-field-content-display-frontend-clear\"><\/div><\/div><\/div><script>\n\t\t\t\t( function() {\n\t\t\t\t\tconst style = document.createElement( 'style' );\n\t\t\t\t\tstyle.appendChild( document.createTextNode( '#wpforms-7691-field_4-container { position: absolute !important; overflow: hidden !important; display: inline !important; height: 1px !important; width: 1px !important; z-index: -1000 !important; padding: 0 !important; } #wpforms-7691-field_4-container input { visibility: hidden; } #wpforms-conversational-form-page #wpforms-7691-field_4-container label { counter-increment: none; }' ) );\n\t\t\t\t\tdocument.head.appendChild( style );\n\t\t\t\t\tdocument.currentScript?.remove();\n\t\t\t\t} )();\n\t\t\t<\/script><\/div><!-- .wpforms-field-container --><div class=\"wpforms-recaptcha-container wpforms-is-recaptcha wpforms-is-recaptcha-type-invisible\" ><div class=\"g-recaptcha\" data-sitekey=\"6LfVz-cqAAAAALcg8UziUILSZyvpyIdH5yCZMGsR\" data-size=\"invisible\"><\/div><\/div><div class=\"wpforms-submit-container\" ><input type=\"hidden\" name=\"wpforms[id]\" value=\"7691\"><input type=\"hidden\" name=\"page_title\" value=\"\"><input type=\"hidden\" name=\"page_url\" value=\"https:\/\/evel.it\/es\/wp-json\/wp\/v2\/pages\/7501\"><input type=\"hidden\" name=\"url_referer\" value=\"\"><button type=\"submit\" name=\"wpforms[submit]\" id=\"wpforms-submit-7691\" class=\"wpforms-submit\" data-alt-text=\"Enviando...\" data-submit-text=\"Pide un presupuesto\" aria-live=\"assertive\" value=\"wpforms-submit\">Pide un presupuesto<\/button><img decoding=\"async\" src=\"https:\/\/evel.it\/wp-content\/plugins\/wpforms\/assets\/images\/submit-spin.svg\" class=\"wpforms-submit-spinner\" style=\"display: none;\" width=\"26\" height=\"26\" alt=\"Cargando\"><\/div><\/form><\/div>  <!-- .wpforms-container -->\t\t\t\t<\/div>\n\t\t\t\t<\/div>\n\t\t\t\t<div class=\"elementor-element elementor-element-4e9b771 elementor-widget elementor-widget-text-editor\" data-id=\"4e9b771\" data-element_type=\"widget\" data-e-type=\"widget\" data-widget_type=\"text-editor.default\">\n\t\t\t\t\t\t\t\t\t<p data-start=\"2611\" data-end=\"2677\">Nos pondremos en contacto contigo para evaluar juntos la soluci\u00f3n m\u00e1s adecuada para tus instalaciones.<\/p>\t\t\t\t\t\t\t\t<\/div>\n\t\t\t\t\t<\/div>\n\t\t\t\t<\/div>\n\t\t\t\t<\/div>\n\t\t","protected":false},"excerpt":{"rendered":"<p>Ventilaci\u00f3n para apriscos Aire sano y confort para la salud de las ovejas En los apriscos, una ventilaci\u00f3n adecuada es la clave para evitar problemas de humedad y olores, garantizando el bienestar de ovejas y corderos. Los ventiladores HVLS y axiales de Evel mantienen el aire en movimiento en todo momento, proporcionando un entorno m\u00e1s [&hellip;]<\/p>\n","protected":false},"author":6,"featured_media":0,"parent":5589,"menu_order":0,"comment_status":"closed","ping_status":"closed","template":"","meta":{"footnotes":""},"class_list":["post-7501","page","type-page","status-publish","hentry"],"_links":{"self":[{"href":"https:\/\/evel.it\/es\/wp-json\/wp\/v2\/pages\/7501","targetHints":{"allow":["GET"]}}],"collection":[{"href":"https:\/\/evel.it\/es\/wp-json\/wp\/v2\/pages"}],"about":[{"href":"https:\/\/evel.it\/es\/wp-json\/wp\/v2\/types\/page"}],"author":[{"embeddable":true,"href":"https:\/\/evel.it\/es\/wp-json\/wp\/v2\/users\/6"}],"replies":[{"embeddable":true,"href":"https:\/\/evel.it\/es\/wp-json\/wp\/v2\/comments?post=7501"}],"version-history":[{"count":6,"href":"https:\/\/evel.it\/es\/wp-json\/wp\/v2\/pages\/7501\/revisions"}],"predecessor-version":[{"id":8126,"href":"https:\/\/evel.it\/es\/wp-json\/wp\/v2\/pages\/7501\/revisions\/8126"}],"up":[{"embeddable":true,"href":"https:\/\/evel.it\/es\/wp-json\/wp\/v2\/pages\/5589"}],"wp:attachment":[{"href":"https:\/\/evel.it\/es\/wp-json\/wp\/v2\/media?parent=7501"}],"curies":[{"name":"wp","href":"https:\/\/api.w.org\/{rel}","templated":true}]}}